{"id":138229,"date":"2025-07-17T15:35:15","date_gmt":"2025-07-17T13:35:15","guid":{"rendered":"https:\/\/linen.eu\/produkt\/down-deluxe-down-winter-duvet-by-hefel\/"},"modified":"2026-03-28T22:07:22","modified_gmt":"2026-03-28T21:07:22","slug":"down-deluxe-down-winter-duvet-by-hefel","status":"publish","type":"product","link":"https:\/\/linen.eu\/en\/produkt\/down-deluxe-down-winter-duvet-by-hefel\/","title":{"rendered":"Down DeLuxe Down Winter Duvet by HEFEL"},"content":{"rendered":"<h2>&#8220;Down DeLuxe Down Winter Duvet by HEFEL&#8221;<\/h2>\n<p>Down DeLuxe Down Winter Duvet by HEFEL. The DeLuxe Down duvets represent that certain something special. The pure goose down filling boasts exceptional loft power and ensures outstanding insulating performance. This is complemented by a silky-soft TENCEL\u2122 Luxe fabric \u2013 a novel luxury fabric by HEFEL. Gentle suppleness, breathable, shimmering and flowing, naturally temperature-appropriate.<\/p>\n<ul>\n<li>New white class 1 goose down, CUIN 850<\/li>\n<li>55% cotton \/ 45% TENCEL\u2122 noble cambric with Anti-Aging finish<\/li>\n<li>Suitable for dust mite allergy sufferers (NOMITE certified)<\/li>\n<li>Ethical free-range husbandry \u2013 no live plucking (RDS certified)<\/li>\n<li>60\u00b0C washable, tumble dryer suitable<\/li>\n<\/ul>\n<p>The right duvet for winter. Fill weight 230 grams per square metre. Suitable for dust mite allergy sufferers!<\/p>\n<h3>The Product: Down DeLuxe Down Winter Duvet by <a href=\"https:\/\/linen.eu\/brand\/hefel\/\">HEFEL<\/a><\/h3>\n<p>Filling: new pure white goose down, class 1, 100% down, CUIN 850<br \/>Fabric: 55% cotton \/ 45% TENCEL\u2122 noble cambric with Anti-Aging finish<br \/>Weight: 230 g\/m\u00b2<br \/>Quilting: 4 x 6 box system<br \/>Design: White<br \/>Care: 60\u00b0C washable, tumble dryer suitable<\/p>\n<h3>Tradition and expertise make HEFEL the specialist for restful sleep<\/h3>\n<p>The tradition of an Austrian family business combined with a passion for revolutionary innovations \u2013 that is what makes HEFEL the leading manufacturer of sustainable bedding. Thanks to their enormous experience, HEFEL knows exactly what matters in a first-class duvet. It starts with selecting premium materials for fabric and filling. Careful processing \u2013 in the right combination of traditional craftsmanship and modern manufacturing techniques \u2013 brings out the full potential of the materials. HEFEL pays special attention to body-contouring quilting patterns \u2013 giving their duvets their sophisticated shape. All these elements are precisely coordinated to ensure an optimal sleeping climate.<\/p>\n<h3>Innovations for the best sleeping comfort<\/h3>\n<p>Through years of dedicated commitment to research and development, HEFEL is today an internationally leading innovator in the bedding sector. The introduction of state-of-the-art functional fibres such as TENCEL\u00ae or SeaCell-Active for bedding has repeatedly earned renowned international awards. The continuous development of innovative manufacturing techniques enables the production of incomparably fine fabrics and the loftiest duvet fillings.<\/p>\n<h3>Quality from Austria<\/h3>\n<p>Today, as always, HEFEL manufactures its bedding 100% in Austria. This is as much a part of the corporate culture as the employment of highly qualified professionals. Many of them are already in their second or third generation at HEFEL. With great experience, care and skill, they craft and inspect each individual HEFEL duvet, piece by piece.<\/p>\n","protected":false},"excerpt":{"rendered":"<ul>\n<li><strong>DeLuxe Down Winter<\/strong> \u2013 100% goose down, class 1, 850 CUIN loft power, luxuriously warm yet lightweight<\/li>\n<li><strong>TENCEL\u2122 Luxe Envelope<\/strong> \u2013 silky-soft, shimmering fabric with Anti-Aging finish for lasting elegance<\/li>\n<li><strong>Maximum Insulating Performance<\/strong> \u2013 the pure down filling provides maximum warmth at minimum weight<\/li>\n<li><strong>RDS + NOMITE Certified<\/strong> \u2013 ethical husbandry, no live plucking, suitable for dust mite allergy sufferers<\/li>\n<li><strong>Made in Austria<\/strong> \u2013 HEFEL manufactory, washable and tumble dryer suitable, four sizes<\/li>\n<\/ul>\n","protected":false},"featured_media":57552,"comment_status":"open","ping_status":"closed","template":"","meta":{"_acf_changed":false},"product_brand":[4788,4782,4783],"product_cat":[3728,4009,4472,4032],"product_tag":[3731,4473,4033,4034],"class_list":{"0":"post-138229","1":"product","2":"type-product","3":"status-publish","4":"has-post-thumbnail","6":"product_brand-hefel-winter-duvet","7":"product_brand-hefel","8":"product_brand-hefel-down-duvet","9":"product_cat-bedroom","10":"product_cat-duvets","11":"product_cat-winter-duvet","12":"product_cat-down-duvet","13":"product_tag-natural-fiber","14":"product_tag-winter","15":"product_tag-white","16":"product_tag-down","18":"first","19":"instock","20":"taxable","21":"shipping-taxable","22":"purchasable","23":"product-type-variable"},"acf":[],"yoast_head":"<!-- This site is optimized with the Yoast SEO Premium plugin v27.4 (Yoast SEO v27.4) - https:\/\/yoast.com\/product\/yoast-seo-premium-wordpress\/ -->\n<title>Down DeLuxe Down Winter Duvet by HEFEL - Linen.eu<\/title>\n<meta name=\"description\" content=\"Down DeLuxe Down Winter Duvet by HEFEL \u2713 Dry sleeping climate and healthy recovery \u2713 Quality Made in Austria\" \/>\n<meta name=\"robots\" content=\"noindex, follow\" \/>\n<meta property=\"og:locale\" content=\"en_US\" \/>\n<meta property=\"og:type\" content=\"article\" \/>\n<meta property=\"og:title\" content=\"Down DeLuxe Down Winter Duvet by HEFEL\" \/>\n<meta property=\"og:description\" content=\"Down DeLuxe Down Winter Duvet by HEFEL \u2713 Dry sleeping climate and healthy recovery \u2713 Quality Made in Austria\" \/>\n<meta property=\"og:url\" content=\"https:\/\/linen.eu\/en\/produkt\/down-deluxe-down-winter-duvet-by-hefel\/\" \/>\n<meta property=\"og:site_name\" content=\"Linen.eu\" \/>\n<meta property=\"article:publisher\" content=\"https:\/\/linen.eu\" \/>\n<meta property=\"article:modified_time\" content=\"2026-03-28T21:07:22+00:00\" \/>\n<meta property=\"og:image\" content=\"https:\/\/linen.eu\/wp-content\/uploads\/2025\/07\/HEFEL_Daune_06_Gold-Down_quer-rc86jagfdkzdqkq2l05k1gnbwc0yyyc9oq70x2io54.webp\" \/>\n\t<meta property=\"og:image:width\" content=\"500\" \/>\n\t<meta property=\"og:image:height\" content=\"300\" \/>\n\t<meta property=\"og:image:type\" content=\"image\/webp\" \/>\n<meta name=\"twitter:card\" content=\"summary_large_image\" \/>\n<meta name=\"twitter:site\" content=\"@linenlounge\" \/>\n<meta name=\"twitter:label1\" content=\"Availability\" \/>\n\t<meta name=\"twitter:data1\" content=\"In stock\" \/>\n<script type=\"application\/ld+json\" class=\"yoast-schema-graph\">{\"@context\":\"https:\\\/\\\/schema.org\",\"@graph\":[{\"@type\":\"WebPage\",\"@id\":\"https:\\\/\\\/linen.eu\\\/en\\\/produkt\\\/down-deluxe-down-winter-duvet-by-hefel\\\/\",\"url\":\"https:\\\/\\\/linen.eu\\\/en\\\/produkt\\\/down-deluxe-down-winter-duvet-by-hefel\\\/\",\"name\":\"Down DeLuxe Down Winter Duvet by HEFEL - Linen.eu\",\"isPartOf\":{\"@id\":\"https:\\\/\\\/linen.eu\\\/en\\\/#website\"},\"primaryImageOfPage\":{\"@id\":\"https:\\\/\\\/linen.eu\\\/en\\\/produkt\\\/down-deluxe-down-winter-duvet-by-hefel\\\/#primaryimage\"},\"image\":{\"@id\":\"https:\\\/\\\/linen.eu\\\/en\\\/produkt\\\/down-deluxe-down-winter-duvet-by-hefel\\\/#primaryimage\"},\"thumbnailUrl\":\"https:\\\/\\\/linen.eu\\\/wp-content\\\/uploads\\\/2025\\\/07\\\/HEFEL_Daune_06_Gold-Down_quer-rc86jagfdkzdqkq2l05k1gnbwc0yyyc9oq70x2io54.webp\",\"datePublished\":\"2025-07-17T13:35:15+00:00\",\"dateModified\":\"2026-03-28T21:07:22+00:00\",\"description\":\"Down DeLuxe Down Winter Duvet by HEFEL \u2713 Dry sleeping climate and healthy recovery \u2713 Quality Made in Austria\",\"breadcrumb\":{\"@id\":\"https:\\\/\\\/linen.eu\\\/en\\\/produkt\\\/down-deluxe-down-winter-duvet-by-hefel\\\/#breadcrumb\"},\"inLanguage\":\"en-US\",\"potentialAction\":[{\"@type\":\"ReadAction\",\"target\":[\"https:\\\/\\\/linen.eu\\\/en\\\/produkt\\\/down-deluxe-down-winter-duvet-by-hefel\\\/\"]}]},{\"@type\":\"ImageObject\",\"inLanguage\":\"en-US\",\"@id\":\"https:\\\/\\\/linen.eu\\\/en\\\/produkt\\\/down-deluxe-down-winter-duvet-by-hefel\\\/#primaryimage\",\"url\":\"https:\\\/\\\/linen.eu\\\/wp-content\\\/uploads\\\/2025\\\/07\\\/HEFEL_Daune_06_Gold-Down_quer-rc86jagfdkzdqkq2l05k1gnbwc0yyyc9oq70x2io54.webp\",\"contentUrl\":\"https:\\\/\\\/linen.eu\\\/wp-content\\\/uploads\\\/2025\\\/07\\\/HEFEL_Daune_06_Gold-Down_quer-rc86jagfdkzdqkq2l05k1gnbwc0yyyc9oq70x2io54.webp\",\"width\":500,\"height\":300,\"caption\":\"Eine KlimaControl Comfort Winterdecke von HEFEL und ein Kissen liegen auf einem schwarzen Ledersessel, darunter ein brauner Kunstfellteppich, der eine gem\u00fctliche und einladende Atmosph\u00e4re schafft.\"},{\"@type\":\"BreadcrumbList\",\"@id\":\"https:\\\/\\\/linen.eu\\\/en\\\/produkt\\\/down-deluxe-down-winter-duvet-by-hefel\\\/#breadcrumb\",\"itemListElement\":[{\"@type\":\"ListItem\",\"position\":1,\"name\":\"Startseite\",\"item\":\"https:\\\/\\\/linen.eu\\\/en\\\/home\\\/\"},{\"@type\":\"ListItem\",\"position\":2,\"name\":\"Shop\",\"item\":\"https:\\\/\\\/linen.eu\\\/en\\\/shop\\\/\"},{\"@type\":\"ListItem\",\"position\":3,\"name\":\"Down DeLuxe Down Winter Duvet by HEFEL\"}]},{\"@type\":\"WebSite\",\"@id\":\"https:\\\/\\\/linen.eu\\\/en\\\/#website\",\"url\":\"https:\\\/\\\/linen.eu\\\/en\\\/\",\"name\":\"Linen.eu\",\"description\":\"\",\"publisher\":{\"@id\":\"https:\\\/\\\/linen.eu\\\/en\\\/#organization\"},\"potentialAction\":[{\"@type\":\"SearchAction\",\"target\":{\"@type\":\"EntryPoint\",\"urlTemplate\":\"https:\\\/\\\/linen.eu\\\/en\\\/?s={search_term_string}\"},\"query-input\":{\"@type\":\"PropertyValueSpecification\",\"valueRequired\":true,\"valueName\":\"search_term_string\"}}],\"inLanguage\":\"en-US\"},{\"@type\":\"Organization\",\"@id\":\"https:\\\/\\\/linen.eu\\\/en\\\/#organization\",\"name\":\"Linen Lounge\",\"alternateName\":\"linen.eu\",\"url\":\"https:\\\/\\\/linen.eu\\\/en\\\/\",\"logo\":{\"@type\":\"ImageObject\",\"inLanguage\":\"en-US\",\"@id\":\"https:\\\/\\\/linen.eu\\\/en\\\/#\\\/schema\\\/logo\\\/image\\\/\",\"url\":\"https:\\\/\\\/linen.eu\\\/wp-content\\\/uploads\\\/2025\\\/10\\\/LinenLounge-NEU2.webp\",\"contentUrl\":\"https:\\\/\\\/linen.eu\\\/wp-content\\\/uploads\\\/2025\\\/10\\\/LinenLounge-NEU2.webp\",\"width\":1800,\"height\":455,\"caption\":\"Linen Lounge\"},\"image\":{\"@id\":\"https:\\\/\\\/linen.eu\\\/en\\\/#\\\/schema\\\/logo\\\/image\\\/\"},\"sameAs\":[\"https:\\\/\\\/linen.eu\",\"https:\\\/\\\/x.com\\\/linenlounge\",\"https:\\\/\\\/www.instagram.com\\\/linen.lounge?igsh=MW81aGhiY2VxZGRpMw==&utm_source=qr\",\"http:\\\/\\\/www.youtube.com\\\/@Linenlounge\"],\"description\":\"Online Fachhandel f\u00fcr europ\u00e4ische Leinen-Bettw\u00e4sche und Heimtextilien aus traditionellen Webereien wie Leitner Leinen, Schlitzer Leinen, Libeco, Vieb\u00f6ck und Hoffmann.\",\"email\":\"info@linen.eu\",\"telephone\":\"+49 (0) 69 90738860\",\"legalName\":\"Linen UG (haftungsbeschr\u00e4nkt)\",\"foundingDate\":\"2015-04-08\",\"numberOfEmployees\":{\"@type\":\"QuantitativeValue\",\"minValue\":\"1\",\"maxValue\":\"10\"}}]}<\/script>\n<meta property=\"product:brand\" content=\"Hefel Winter Duvet\" \/>\n<meta property=\"og:availability\" content=\"instock\" \/>\n<meta property=\"product:availability\" content=\"instock\" \/>\n<meta property=\"product:retailer_item_id\" content=\"114313652410\" \/>\n<meta property=\"product:condition\" content=\"new\" \/>\n<!-- \/ Yoast SEO Premium plugin. -->","yoast_head_json":{"title":"Down DeLuxe Down Winter Duvet by HEFEL - Linen.eu","description":"Down DeLuxe Down Winter Duvet by HEFEL \u2713 Dry sleeping climate and healthy recovery \u2713 Quality Made in Austria","robots":{"index":"noindex","follow":"follow"},"og_locale":"en_US","og_type":"article","og_title":"Down DeLuxe Down Winter Duvet by HEFEL","og_description":"Down DeLuxe Down Winter Duvet by HEFEL \u2713 Dry sleeping climate and healthy recovery \u2713 Quality Made in Austria","og_url":"https:\/\/linen.eu\/en\/produkt\/down-deluxe-down-winter-duvet-by-hefel\/","og_site_name":"Linen.eu","article_publisher":"https:\/\/linen.eu","article_modified_time":"2026-03-28T21:07:22+00:00","og_image":[{"width":500,"height":300,"url":"https:\/\/linen.eu\/wp-content\/uploads\/2025\/07\/HEFEL_Daune_06_Gold-Down_quer-rc86jagfdkzdqkq2l05k1gnbwc0yyyc9oq70x2io54.webp","type":"image\/webp"}],"twitter_card":"summary_large_image","twitter_site":"@linenlounge","twitter_misc":{"Availability":"In stock"},"schema":{"@context":"https:\/\/schema.org","@graph":[{"@type":"WebPage","@id":"https:\/\/linen.eu\/en\/produkt\/down-deluxe-down-winter-duvet-by-hefel\/","url":"https:\/\/linen.eu\/en\/produkt\/down-deluxe-down-winter-duvet-by-hefel\/","name":"Down DeLuxe Down Winter Duvet by HEFEL - Linen.eu","isPartOf":{"@id":"https:\/\/linen.eu\/en\/#website"},"primaryImageOfPage":{"@id":"https:\/\/linen.eu\/en\/produkt\/down-deluxe-down-winter-duvet-by-hefel\/#primaryimage"},"image":{"@id":"https:\/\/linen.eu\/en\/produkt\/down-deluxe-down-winter-duvet-by-hefel\/#primaryimage"},"thumbnailUrl":"https:\/\/linen.eu\/wp-content\/uploads\/2025\/07\/HEFEL_Daune_06_Gold-Down_quer-rc86jagfdkzdqkq2l05k1gnbwc0yyyc9oq70x2io54.webp","datePublished":"2025-07-17T13:35:15+00:00","dateModified":"2026-03-28T21:07:22+00:00","description":"Down DeLuxe Down Winter Duvet by HEFEL \u2713 Dry sleeping climate and healthy recovery \u2713 Quality Made in Austria","breadcrumb":{"@id":"https:\/\/linen.eu\/en\/produkt\/down-deluxe-down-winter-duvet-by-hefel\/#breadcrumb"},"inLanguage":"en-US","potentialAction":[{"@type":"ReadAction","target":["https:\/\/linen.eu\/en\/produkt\/down-deluxe-down-winter-duvet-by-hefel\/"]}]},{"@type":"ImageObject","inLanguage":"en-US","@id":"https:\/\/linen.eu\/en\/produkt\/down-deluxe-down-winter-duvet-by-hefel\/#primaryimage","url":"https:\/\/linen.eu\/wp-content\/uploads\/2025\/07\/HEFEL_Daune_06_Gold-Down_quer-rc86jagfdkzdqkq2l05k1gnbwc0yyyc9oq70x2io54.webp","contentUrl":"https:\/\/linen.eu\/wp-content\/uploads\/2025\/07\/HEFEL_Daune_06_Gold-Down_quer-rc86jagfdkzdqkq2l05k1gnbwc0yyyc9oq70x2io54.webp","width":500,"height":300,"caption":"Eine KlimaControl Comfort Winterdecke von HEFEL und ein Kissen liegen auf einem schwarzen Ledersessel, darunter ein brauner Kunstfellteppich, der eine gem\u00fctliche und einladende Atmosph\u00e4re schafft."},{"@type":"BreadcrumbList","@id":"https:\/\/linen.eu\/en\/produkt\/down-deluxe-down-winter-duvet-by-hefel\/#breadcrumb","itemListElement":[{"@type":"ListItem","position":1,"name":"Startseite","item":"https:\/\/linen.eu\/en\/home\/"},{"@type":"ListItem","position":2,"name":"Shop","item":"https:\/\/linen.eu\/en\/shop\/"},{"@type":"ListItem","position":3,"name":"Down DeLuxe Down Winter Duvet by HEFEL"}]},{"@type":"WebSite","@id":"https:\/\/linen.eu\/en\/#website","url":"https:\/\/linen.eu\/en\/","name":"Linen.eu","description":"","publisher":{"@id":"https:\/\/linen.eu\/en\/#organization"},"potentialAction":[{"@type":"SearchAction","target":{"@type":"EntryPoint","urlTemplate":"https:\/\/linen.eu\/en\/?s={search_term_string}"},"query-input":{"@type":"PropertyValueSpecification","valueRequired":true,"valueName":"search_term_string"}}],"inLanguage":"en-US"},{"@type":"Organization","@id":"https:\/\/linen.eu\/en\/#organization","name":"Linen Lounge","alternateName":"linen.eu","url":"https:\/\/linen.eu\/en\/","logo":{"@type":"ImageObject","inLanguage":"en-US","@id":"https:\/\/linen.eu\/en\/#\/schema\/logo\/image\/","url":"https:\/\/linen.eu\/wp-content\/uploads\/2025\/10\/LinenLounge-NEU2.webp","contentUrl":"https:\/\/linen.eu\/wp-content\/uploads\/2025\/10\/LinenLounge-NEU2.webp","width":1800,"height":455,"caption":"Linen Lounge"},"image":{"@id":"https:\/\/linen.eu\/en\/#\/schema\/logo\/image\/"},"sameAs":["https:\/\/linen.eu","https:\/\/x.com\/linenlounge","https:\/\/www.instagram.com\/linen.lounge?igsh=MW81aGhiY2VxZGRpMw==&utm_source=qr","http:\/\/www.youtube.com\/@Linenlounge"],"description":"Online Fachhandel f\u00fcr europ\u00e4ische Leinen-Bettw\u00e4sche und Heimtextilien aus traditionellen Webereien wie Leitner Leinen, Schlitzer Leinen, Libeco, Vieb\u00f6ck und Hoffmann.","email":"info@linen.eu","telephone":"+49 (0) 69 90738860","legalName":"Linen UG (haftungsbeschr\u00e4nkt)","foundingDate":"2015-04-08","numberOfEmployees":{"@type":"QuantitativeValue","minValue":"1","maxValue":"10"}}]},"product_brand":"Hefel Winter Duvet","og_availability":"instock","product_availability":"instock","product_retailer_item_id":"114313652410","product_condition":"new"},"_links":{"self":[{"href":"https:\/\/linen.eu\/en\/wp-json\/wp\/v2\/product\/138229","targetHints":{"allow":["GET"]}}],"collection":[{"href":"https:\/\/linen.eu\/en\/wp-json\/wp\/v2\/product"}],"about":[{"href":"https:\/\/linen.eu\/en\/wp-json\/wp\/v2\/types\/product"}],"replies":[{"embeddable":true,"href":"https:\/\/linen.eu\/en\/wp-json\/wp\/v2\/comments?post=138229"}],"wp:featuredmedia":[{"embeddable":true,"href":"https:\/\/linen.eu\/en\/wp-json\/wp\/v2\/media\/57552"}],"wp:attachment":[{"href":"https:\/\/linen.eu\/en\/wp-json\/wp\/v2\/media?parent=138229"}],"wp:term":[{"taxonomy":"product_brand","embeddable":true,"href":"https:\/\/linen.eu\/en\/wp-json\/wp\/v2\/product_brand?post=138229"},{"taxonomy":"product_cat","embeddable":true,"href":"https:\/\/linen.eu\/en\/wp-json\/wp\/v2\/product_cat?post=138229"},{"taxonomy":"product_tag","embeddable":true,"href":"https:\/\/linen.eu\/en\/wp-json\/wp\/v2\/product_tag?post=138229"}],"curies":[{"name":"wp","href":"https:\/\/api.w.org\/{rel}","templated":true}]}}