{"id":138558,"date":"2025-08-12T16:43:21","date_gmt":"2025-08-12T14:43:21","guid":{"rendered":"https:\/\/linen.eu\/produkt\/bio-linen-summer-duvet-by-hefel-vegan\/"},"modified":"2026-04-12T00:06:31","modified_gmt":"2026-04-11T22:06:31","slug":"bio-linen-summer-duvet-by-hefel-vegan","status":"publish","type":"product","link":"https:\/\/linen.eu\/en\/produkt\/bio-linen-summer-duvet-by-hefel-vegan\/","title":{"rendered":"Bio Linen Summer Duvet by HEFEL \u2013 Vegan"},"content":{"rendered":"<h2>&#8220;Bio Linen Summer Duvet by HEFEL&#8221;<\/h2>\n<p>The Bio Linen Summer Duvet by HEFEL is designed to ensure deep, natural sleep even at high temperatures. The duvet is completely vegan. 70% of the filling is linen and 30% is TENCEL\u00ae. Linen, also known as the &#8220;silk of the north&#8221;, is capable of absorbing over a third of its weight in moisture without feeling damp. However, it dries again very quickly. This makes the Bio Linen duvet particularly fresh on summer nights. The TENCEL\u00ae fibre in the filling provides the best possible support for natural moisture and temperature management. The 100% organic cotton fabric and the special HEFEL BodyFit quilting are particularly gentle on the skin.<\/p>\n<ul>\n<li>Naturally cooling and vitalising composition of linen and TENCEL\u00ae fabric<\/li>\n<li>Linen and TENCEL\u00ae are the ideal filling combination \u2013 linen absorbs more moisture than any other filling fibre<\/li>\n<li>Optimal moisture management thanks to nanofibril technology<\/li>\n<li>Dermatologically tested, ideal for sensitive skin<\/li>\n<li>No chance for bacteria<\/li>\n<li>Extremely lightweight and supple for unparalleled sleeping pleasure<\/li>\n<\/ul>\n<p><strong>Organic Cotton by HEFEL<\/strong><br \/>All organic products by HEFEL are made from premium Organic Cotton fabric. The cotton used comes from strictly controlled organic production. It is manufactured under strict guidelines in controlled organic agricultural systems and hand-picked. Organic Cotton producers ensure social minimum standards, fair pay and humane working conditions. They completely abstain from the use of pesticides and artificial fertilisers. Chlorine compounds, optical brighteners and chlorinated hydrocarbon compounds are not used in pre-treatment. From cultivation to the finished duvet, comprehensive ecological control is maintained. GOTS certified.<\/p>\n<h3>The Product: Bio Linen Summer Duvet by <a href=\"https:\/\/linen.eu\/brand\/hefel\/\">HEFEL<\/a><\/h3>\n<p>Filling: 70% linen and 30% TENCEL\u00ae<br \/>Fabric: 100% TENCEL fine sateen<br \/>Weight: 215 g\/m\u00b2<br \/>Quilting: with functional body-contouring quilting<br \/>Colour: white<br \/>The fabric is certified according to GOTS guidelines \u2013 CU 811099<br \/>Care: 60 \u00b0C gentle wash, air dry<\/p>\n<p>The ideal duvet for all year round. Fill weight 215 grams per square metre. Suitable for dust mite allergy sufferers! The Bio Linen duvets are custom-made products. We recommend combining them with the HEFEL Pure Silk Pillows and the HEFEL Pure Silk Pillow Cases.<\/p>\n<h3>Tradition and <a href=\"https:\/\/linen.eu\/en\/magazine\/\">expertise make HEFEL the specialist<\/a> for restful sleep<\/h3>\n<p>The tradition of an Austrian family business combined with a passion for revolutionary innovations \u2013 that is what makes HEFEL the leading manufacturer of sustainable bedding. Thanks to their enormous experience, HEFEL knows exactly what matters in a first-class duvet. It starts with selecting premium materials for fabric and filling. Careful processing \u2013 in the right combination of traditional craftsmanship and modern manufacturing techniques \u2013 brings out the full potential of the materials. HEFEL pays special attention to body-contouring quilting patterns \u2013 giving their duvets their sophisticated shape. All these elements are precisely coordinated to ensure an optimal sleeping climate.<\/p>\n<h3>Innovations for the best sleeping comfort<\/h3>\n<p>Through years of dedicated commitment to research and development, HEFEL is today an internationally leading innovator in the bedding sector. The introduction of state-of-the-art functional fibres such as TENCEL\u00ae or SeaCell-Active for bedding has repeatedly earned renowned international awards. The continuous development of innovative manufacturing techniques enables the production of incomparably fine fabrics and the loftiest duvet fillings.<\/p>\n<h3>Quality from Austria<\/h3>\n<p>Today, as always, HEFEL manufactures its bedding 100% in Austria. This is as much a part of the corporate culture as the employment of highly qualified professionals. Many of them are already in their second or third generation at HEFEL. With great experience, care and skill, they craft and inspect each individual HEFEL duvet, piece by piece.<\/p>\n","protected":false},"excerpt":{"rendered":"<ul>\n<li><strong>Bio Linen, vegan and GOTS certified<\/strong> \u2013 70% linen and 30% TENCEL\u00ae in organic quality, entirely plant-based summer duvet<\/li>\n<li><strong>Organic cotton fabric<\/strong> \u2013 hand-picked organic cotton, free from pesticides, holistically ecologically controlled<\/li>\n<li><strong>Linen cools naturally<\/strong> \u2013 absorbs over a third of its weight in moisture and dries within minutes<\/li>\n<li><strong>BodyFit quilting, HEFEL<\/strong> \u2013 made in Austria, the body-contouring quilting adapts perfectly to the sleeper<\/li>\n<li><strong>Dermatologically tested<\/strong> \u2013 nanofibril technology for optimal moisture management, ideal for allergy sufferers<\/li>\n<\/ul>\n","protected":false},"featured_media":136470,"comment_status":"open","ping_status":"closed","template":"","meta":{"_acf_changed":false},"product_brand":[4782,4787],"product_cat":[4009,4474,3728],"product_tag":[3641],"class_list":{"0":"post-138558","1":"product","2":"type-product","3":"status-publish","4":"has-post-thumbnail","6":"product_brand-hefel","7":"product_brand-hefel-summer-duvet","8":"product_cat-duvets","9":"product_cat-summer-blanket","10":"product_cat-bedroom","11":"product_tag-linen","13":"first","14":"instock","15":"taxable","16":"shipping-taxable","17":"purchasable","18":"product-type-variable"},"acf":[],"yoast_head":"<!-- This site is optimized with the Yoast SEO Premium plugin v27.5 (Yoast SEO v27.5) - https:\/\/yoast.com\/product\/yoast-seo-premium-wordpress\/ -->\n<title>Bio Linen Summer Duvet by HEFEL \u2013 Vegan - Linen Lounge<\/title>\n<meta name=\"description\" content=\"Bio Linen Summer Duvet by HEFEL \u2013 Vegan \u2713 Dry sleeping climate and healthy recovery \u2713 Quality Made in Austria\" \/>\n<meta name=\"robots\" content=\"index, follow, max-snippet:-1, max-image-preview:large, max-video-preview:-1\" \/>\n<link rel=\"canonical\" href=\"https:\/\/linen.eu\/en\/produkt\/bio-linen-summer-duvet-by-hefel-vegan\/\" \/>\n<meta property=\"og:locale\" content=\"en_US\" \/>\n<meta property=\"og:type\" content=\"article\" \/>\n<meta property=\"og:title\" content=\"Bio Linen Summer Duvet by HEFEL \u2013 Vegan\" \/>\n<meta property=\"og:description\" content=\"Bio Linen Summer Duvet by HEFEL \u2013 Vegan \u2713 Dry sleeping climate and healthy recovery \u2713 Quality Made in Austria\" \/>\n<meta property=\"og:url\" content=\"https:\/\/linen.eu\/en\/produkt\/bio-linen-summer-duvet-by-hefel-vegan\/\" \/>\n<meta property=\"og:site_name\" content=\"Linen.eu\" \/>\n<meta property=\"article:publisher\" content=\"https:\/\/linen.eu\" \/>\n<meta property=\"article:modified_time\" content=\"2026-04-11T22:06:31+00:00\" \/>\n<meta property=\"og:image\" content=\"https:\/\/linen.eu\/wp-content\/uploads\/2025\/07\/HEFEL_KlimaControl_Comfort_Image2.jpg\" \/>\n\t<meta property=\"og:image:width\" content=\"1600\" \/>\n\t<meta property=\"og:image:height\" content=\"1200\" \/>\n\t<meta property=\"og:image:type\" content=\"image\/jpeg\" \/>\n<meta name=\"twitter:card\" content=\"summary_large_image\" \/>\n<meta name=\"twitter:site\" content=\"@linenlounge\" \/>\n<meta name=\"twitter:label1\" content=\"Availability\" \/>\n\t<meta name=\"twitter:data1\" content=\"In stock\" \/>\n<script type=\"application\/ld+json\" class=\"yoast-schema-graph\">{\"@context\":\"https:\\\/\\\/schema.org\",\"@graph\":[{\"@type\":\"WebPage\",\"@id\":\"https:\\\/\\\/linen.eu\\\/en\\\/produkt\\\/bio-linen-summer-duvet-by-hefel-vegan\\\/\",\"url\":\"https:\\\/\\\/linen.eu\\\/en\\\/produkt\\\/bio-linen-summer-duvet-by-hefel-vegan\\\/\",\"name\":\"Bio Linen Summer Duvet by HEFEL \u2013 Vegan - Linen Lounge\",\"isPartOf\":{\"@id\":\"https:\\\/\\\/linen.eu\\\/en\\\/#website\"},\"primaryImageOfPage\":{\"@id\":\"https:\\\/\\\/linen.eu\\\/en\\\/produkt\\\/bio-linen-summer-duvet-by-hefel-vegan\\\/#primaryimage\"},\"image\":{\"@id\":\"https:\\\/\\\/linen.eu\\\/en\\\/produkt\\\/bio-linen-summer-duvet-by-hefel-vegan\\\/#primaryimage\"},\"thumbnailUrl\":\"https:\\\/\\\/linen.eu\\\/wp-content\\\/uploads\\\/2025\\\/07\\\/HEFEL_KlimaControl_Comfort_Image2.jpg\",\"datePublished\":\"2025-08-12T14:43:21+00:00\",\"dateModified\":\"2026-04-11T22:06:31+00:00\",\"description\":\"Bio Linen Summer Duvet by HEFEL \u2013 Vegan \u2713 Dry sleeping climate and healthy recovery \u2713 Quality Made in Austria\",\"breadcrumb\":{\"@id\":\"https:\\\/\\\/linen.eu\\\/en\\\/produkt\\\/bio-linen-summer-duvet-by-hefel-vegan\\\/#breadcrumb\"},\"inLanguage\":\"en-US\",\"potentialAction\":[{\"@type\":\"ReadAction\",\"target\":[\"https:\\\/\\\/linen.eu\\\/en\\\/produkt\\\/bio-linen-summer-duvet-by-hefel-vegan\\\/\"]}]},{\"@type\":\"ImageObject\",\"inLanguage\":\"en-US\",\"@id\":\"https:\\\/\\\/linen.eu\\\/en\\\/produkt\\\/bio-linen-summer-duvet-by-hefel-vegan\\\/#primaryimage\",\"url\":\"https:\\\/\\\/linen.eu\\\/wp-content\\\/uploads\\\/2025\\\/07\\\/HEFEL_KlimaControl_Comfort_Image2.jpg\",\"contentUrl\":\"https:\\\/\\\/linen.eu\\\/wp-content\\\/uploads\\\/2025\\\/07\\\/HEFEL_KlimaControl_Comfort_Image2.jpg\",\"width\":1600,\"height\":1200,\"caption\":\"A neatly made bed with white pillows and a duvet, stacked and arranged on a terrace with metal railings, against a clear blue sky.\"},{\"@type\":\"BreadcrumbList\",\"@id\":\"https:\\\/\\\/linen.eu\\\/en\\\/produkt\\\/bio-linen-summer-duvet-by-hefel-vegan\\\/#breadcrumb\",\"itemListElement\":[{\"@type\":\"ListItem\",\"position\":1,\"name\":\"Startseite\",\"item\":\"https:\\\/\\\/linen.eu\\\/en\\\/home\\\/\"},{\"@type\":\"ListItem\",\"position\":2,\"name\":\"Shop\",\"item\":\"https:\\\/\\\/linen.eu\\\/en\\\/shop\\\/\"},{\"@type\":\"ListItem\",\"position\":3,\"name\":\"Bio Linen Summer Duvet by HEFEL \u2013 Vegan\"}]},{\"@type\":\"WebSite\",\"@id\":\"https:\\\/\\\/linen.eu\\\/en\\\/#website\",\"url\":\"https:\\\/\\\/linen.eu\\\/en\\\/\",\"name\":\"Linen Lounge\",\"description\":\"\",\"publisher\":{\"@id\":\"https:\\\/\\\/linen.eu\\\/en\\\/#organization\"},\"potentialAction\":[{\"@type\":\"SearchAction\",\"target\":{\"@type\":\"EntryPoint\",\"urlTemplate\":\"https:\\\/\\\/linen.eu\\\/en\\\/?s={search_term_string}\"},\"query-input\":{\"@type\":\"PropertyValueSpecification\",\"valueRequired\":true,\"valueName\":\"search_term_string\"}}],\"inLanguage\":\"en-US\"},{\"@type\":\"Organization\",\"@id\":\"https:\\\/\\\/linen.eu\\\/en\\\/#organization\",\"name\":\"Linen Lounge\",\"alternateName\":\"linen.eu\",\"url\":\"https:\\\/\\\/linen.eu\\\/en\\\/\",\"logo\":{\"@type\":\"ImageObject\",\"inLanguage\":\"en-US\",\"@id\":\"https:\\\/\\\/linen.eu\\\/en\\\/#\\\/schema\\\/logo\\\/image\\\/\",\"url\":\"https:\\\/\\\/linen.eu\\\/wp-content\\\/uploads\\\/2025\\\/10\\\/LinenLounge-NEU2.webp\",\"contentUrl\":\"https:\\\/\\\/linen.eu\\\/wp-content\\\/uploads\\\/2025\\\/10\\\/LinenLounge-NEU2.webp\",\"width\":1800,\"height\":455,\"caption\":\"Linen Lounge\"},\"image\":{\"@id\":\"https:\\\/\\\/linen.eu\\\/en\\\/#\\\/schema\\\/logo\\\/image\\\/\"},\"sameAs\":[\"https:\\\/\\\/linen.eu\",\"https:\\\/\\\/x.com\\\/linenlounge\",\"https:\\\/\\\/www.instagram.com\\\/linen.lounge?igsh=MW81aGhiY2VxZGRpMw==&utm_source=qr\",\"http:\\\/\\\/www.youtube.com\\\/@Linenlounge\"],\"description\":\"Online Fachhandel f\u00fcr europ\u00e4ische Leinen-Bettw\u00e4sche und Heimtextilien aus traditionellen Webereien wie Leitner Leinen, Schlitzer Leinen, Libeco, Vieb\u00f6ck und Hoffmann.\",\"email\":\"info@linen.eu\",\"telephone\":\"+49 (0) 69 90738860\",\"legalName\":\"Linen UG (haftungsbeschr\u00e4nkt)\",\"foundingDate\":\"2015-04-08\",\"numberOfEmployees\":{\"@type\":\"QuantitativeValue\",\"minValue\":\"1\",\"maxValue\":\"10\"}}]}<\/script>\n<meta property=\"product:brand\" content=\"HEFEL\" \/>\n<meta property=\"og:availability\" content=\"instock\" \/>\n<meta property=\"product:availability\" content=\"instock\" \/>\n<meta property=\"product:retailer_item_id\" content=\"114303351310\" \/>\n<meta property=\"product:condition\" content=\"new\" \/>\n<!-- \/ Yoast SEO Premium plugin. -->","yoast_head_json":{"title":"Bio Linen Summer Duvet by HEFEL \u2013 Vegan - Linen Lounge","description":"Bio Linen Summer Duvet by HEFEL \u2013 Vegan \u2713 Dry sleeping climate and healthy recovery \u2713 Quality Made in Austria","robots":{"index":"index","follow":"follow","max-snippet":"max-snippet:-1","max-image-preview":"max-image-preview:large","max-video-preview":"max-video-preview:-1"},"canonical":"https:\/\/linen.eu\/en\/produkt\/bio-linen-summer-duvet-by-hefel-vegan\/","og_locale":"en_US","og_type":"article","og_title":"Bio Linen Summer Duvet by HEFEL \u2013 Vegan","og_description":"Bio Linen Summer Duvet by HEFEL \u2013 Vegan \u2713 Dry sleeping climate and healthy recovery \u2713 Quality Made in Austria","og_url":"https:\/\/linen.eu\/en\/produkt\/bio-linen-summer-duvet-by-hefel-vegan\/","og_site_name":"Linen.eu","article_publisher":"https:\/\/linen.eu","article_modified_time":"2026-04-11T22:06:31+00:00","og_image":[{"width":1600,"height":1200,"url":"https:\/\/linen.eu\/wp-content\/uploads\/2025\/07\/HEFEL_KlimaControl_Comfort_Image2.jpg","type":"image\/jpeg"}],"twitter_card":"summary_large_image","twitter_site":"@linenlounge","twitter_misc":{"Availability":"In stock"},"schema":{"@context":"https:\/\/schema.org","@graph":[{"@type":"WebPage","@id":"https:\/\/linen.eu\/en\/produkt\/bio-linen-summer-duvet-by-hefel-vegan\/","url":"https:\/\/linen.eu\/en\/produkt\/bio-linen-summer-duvet-by-hefel-vegan\/","name":"Bio Linen Summer Duvet by HEFEL \u2013 Vegan - Linen Lounge","isPartOf":{"@id":"https:\/\/linen.eu\/en\/#website"},"primaryImageOfPage":{"@id":"https:\/\/linen.eu\/en\/produkt\/bio-linen-summer-duvet-by-hefel-vegan\/#primaryimage"},"image":{"@id":"https:\/\/linen.eu\/en\/produkt\/bio-linen-summer-duvet-by-hefel-vegan\/#primaryimage"},"thumbnailUrl":"https:\/\/linen.eu\/wp-content\/uploads\/2025\/07\/HEFEL_KlimaControl_Comfort_Image2.jpg","datePublished":"2025-08-12T14:43:21+00:00","dateModified":"2026-04-11T22:06:31+00:00","description":"Bio Linen Summer Duvet by HEFEL \u2013 Vegan \u2713 Dry sleeping climate and healthy recovery \u2713 Quality Made in Austria","breadcrumb":{"@id":"https:\/\/linen.eu\/en\/produkt\/bio-linen-summer-duvet-by-hefel-vegan\/#breadcrumb"},"inLanguage":"en-US","potentialAction":[{"@type":"ReadAction","target":["https:\/\/linen.eu\/en\/produkt\/bio-linen-summer-duvet-by-hefel-vegan\/"]}]},{"@type":"ImageObject","inLanguage":"en-US","@id":"https:\/\/linen.eu\/en\/produkt\/bio-linen-summer-duvet-by-hefel-vegan\/#primaryimage","url":"https:\/\/linen.eu\/wp-content\/uploads\/2025\/07\/HEFEL_KlimaControl_Comfort_Image2.jpg","contentUrl":"https:\/\/linen.eu\/wp-content\/uploads\/2025\/07\/HEFEL_KlimaControl_Comfort_Image2.jpg","width":1600,"height":1200,"caption":"A neatly made bed with white pillows and a duvet, stacked and arranged on a terrace with metal railings, against a clear blue sky."},{"@type":"BreadcrumbList","@id":"https:\/\/linen.eu\/en\/produkt\/bio-linen-summer-duvet-by-hefel-vegan\/#breadcrumb","itemListElement":[{"@type":"ListItem","position":1,"name":"Startseite","item":"https:\/\/linen.eu\/en\/home\/"},{"@type":"ListItem","position":2,"name":"Shop","item":"https:\/\/linen.eu\/en\/shop\/"},{"@type":"ListItem","position":3,"name":"Bio Linen Summer Duvet by HEFEL \u2013 Vegan"}]},{"@type":"WebSite","@id":"https:\/\/linen.eu\/en\/#website","url":"https:\/\/linen.eu\/en\/","name":"Linen Lounge","description":"","publisher":{"@id":"https:\/\/linen.eu\/en\/#organization"},"potentialAction":[{"@type":"SearchAction","target":{"@type":"EntryPoint","urlTemplate":"https:\/\/linen.eu\/en\/?s={search_term_string}"},"query-input":{"@type":"PropertyValueSpecification","valueRequired":true,"valueName":"search_term_string"}}],"inLanguage":"en-US"},{"@type":"Organization","@id":"https:\/\/linen.eu\/en\/#organization","name":"Linen Lounge","alternateName":"linen.eu","url":"https:\/\/linen.eu\/en\/","logo":{"@type":"ImageObject","inLanguage":"en-US","@id":"https:\/\/linen.eu\/en\/#\/schema\/logo\/image\/","url":"https:\/\/linen.eu\/wp-content\/uploads\/2025\/10\/LinenLounge-NEU2.webp","contentUrl":"https:\/\/linen.eu\/wp-content\/uploads\/2025\/10\/LinenLounge-NEU2.webp","width":1800,"height":455,"caption":"Linen Lounge"},"image":{"@id":"https:\/\/linen.eu\/en\/#\/schema\/logo\/image\/"},"sameAs":["https:\/\/linen.eu","https:\/\/x.com\/linenlounge","https:\/\/www.instagram.com\/linen.lounge?igsh=MW81aGhiY2VxZGRpMw==&utm_source=qr","http:\/\/www.youtube.com\/@Linenlounge"],"description":"Online Fachhandel f\u00fcr europ\u00e4ische Leinen-Bettw\u00e4sche und Heimtextilien aus traditionellen Webereien wie Leitner Leinen, Schlitzer Leinen, Libeco, Vieb\u00f6ck und Hoffmann.","email":"info@linen.eu","telephone":"+49 (0) 69 90738860","legalName":"Linen UG (haftungsbeschr\u00e4nkt)","foundingDate":"2015-04-08","numberOfEmployees":{"@type":"QuantitativeValue","minValue":"1","maxValue":"10"}}]},"product_brand":"HEFEL","og_availability":"instock","product_availability":"instock","product_retailer_item_id":"114303351310","product_condition":"new"},"_links":{"self":[{"href":"https:\/\/linen.eu\/en\/wp-json\/wp\/v2\/product\/138558","targetHints":{"allow":["GET"]}}],"collection":[{"href":"https:\/\/linen.eu\/en\/wp-json\/wp\/v2\/product"}],"about":[{"href":"https:\/\/linen.eu\/en\/wp-json\/wp\/v2\/types\/product"}],"replies":[{"embeddable":true,"href":"https:\/\/linen.eu\/en\/wp-json\/wp\/v2\/comments?post=138558"}],"wp:featuredmedia":[{"embeddable":true,"href":"https:\/\/linen.eu\/en\/wp-json\/wp\/v2\/media\/136470"}],"wp:attachment":[{"href":"https:\/\/linen.eu\/en\/wp-json\/wp\/v2\/media?parent=138558"}],"wp:term":[{"taxonomy":"product_brand","embeddable":true,"href":"https:\/\/linen.eu\/en\/wp-json\/wp\/v2\/product_brand?post=138558"},{"taxonomy":"product_cat","embeddable":true,"href":"https:\/\/linen.eu\/en\/wp-json\/wp\/v2\/product_cat?post=138558"},{"taxonomy":"product_tag","embeddable":true,"href":"https:\/\/linen.eu\/en\/wp-json\/wp\/v2\/product_tag?post=138558"}],"curies":[{"name":"wp","href":"https:\/\/api.w.org\/{rel}","templated":true}]}}