{"id":138815,"date":"2025-08-12T16:41:01","date_gmt":"2025-08-12T14:41:01","guid":{"rendered":"https:\/\/linen.eu\/produkt\/klimacontrol-comfort-all-season-duvet-by-hefel\/"},"modified":"2026-04-12T00:08:38","modified_gmt":"2026-04-11T22:08:38","slug":"klimacontrol-comfort-all-season-duvet-by-hefel","status":"publish","type":"product","link":"https:\/\/linen.eu\/en\/produkt\/klimacontrol-comfort-all-season-duvet-by-hefel\/","title":{"rendered":"KlimaControl Comfort All-Season Duvet by HEFEL"},"content":{"rendered":"<h2>&#8220;KlimaControl Comfort All-Season Duvet by HEFEL&#8221;<\/h2>\n<p>The KlimaControl Comfort All-Season Duvet by HEFEL \u2013 the best sleeping climate, even when sweating heavily. KlimaControl Comfort won the title &#8220;Best Product&#8221; at the New York Home Textile Show! With the European Environmental Award, its outstanding sleeping climate and its sustainable environmental properties, KlimaControl Comfort has convinced virtually all independent experts. But the most important verdict on KlimaControl Comfort comes from the customers. It is the best-selling duvet by HEFEL.<\/p>\n<p>HEFEL KlimaControl Comfort duvets ensure an ideal sleeping climate \u2013 especially for people with allergies. Even when sweating heavily, the duvet always feels pleasantly dry. This is achieved through the perfect combination of 100% TENCEL\u00ae in filling and in the fabric. The extraordinary microstructure of TENCEL\u00ae transports more moisture and water vapour away from the body than any other fibre. A treat for sensitive skin. Thanks to the BodyFit quilting, the duvet adapts like a second skin to your body and you sleep cosily and restfully even with fluctuating room temperatures.<\/p>\n<ul>\n<li>Optimal climate regulation thanks to organic high-tech filling TENCEL\u00ae<\/li>\n<li>100% natural fibre from pure wood cellulose in filling and fabric<\/li>\n<li>Optimal moisture management thanks to nanofibril technology<\/li>\n<li>Dermatologically tested, ideal for sensitive skin<\/li>\n<li>Highest comfort even when sweating heavily<\/li>\n<li>No chance for bacteria<\/li>\n<\/ul>\n<p>The ideal duvet for all year round. Fill weight 360 grams per square metre. Suitable for dust mite allergy sufferers!<br \/>The KlimaControl Comfort All-Season Duvet by HEFEL is triple award-winning:<\/p>\n<ul>\n<li>Environmental Award of Austrian Industry<\/li>\n<li>European Environmental Award<\/li>\n<li>&#8220;Best Product&#8221; at the New York Home Textile Show<\/li>\n<\/ul>\n<h3>The Product: KlimaControl Comfort All-Season Duvet by <a href=\"https:\/\/linen.eu\/brand\/hefel\/\">HEFEL<\/a><\/h3>\n<p>Filling: 100% HEFEL TENCEL\u00ae<br \/>Fabric: 100% TENCEL\u00ae fine satin<br \/>Weight: 360 g\/m\u00b2<br \/>Quilting: With functional body-contouring quilting<br \/>Colour: white<br \/>Care: 60 \u00b0C gentle wash, air dry<\/p>\n<h3>Tradition and <a href=\"https:\/\/linen.eu\/en\/magazine\/\">expertise make HEFEL the specialist<\/a> for restful sleep<\/h3>\n<p>The tradition of an Austrian family business combined with a passion for revolutionary innovations \u2013 that is what makes HEFEL the leading manufacturer of sustainable bedding. Thanks to their enormous experience, HEFEL knows exactly what matters in a first-class duvet. It starts with selecting premium materials for fabric and filling. Careful processing \u2013 in the right combination of traditional craftsmanship and modern manufacturing techniques \u2013 brings out the full potential of the materials. HEFEL pays special attention to body-contouring quilting patterns \u2013 giving their duvets their sophisticated shape. All these elements are precisely coordinated to ensure an optimal sleeping climate.<\/p>\n<h3>Innovations for the best sleeping comfort<\/h3>\n<p>Through years of dedicated commitment to research and development, HEFEL is today an internationally leading innovator in the bedding sector. The introduction of state-of-the-art functional fibres such as TENCEL\u00ae or SeaCell-Active for bedding has repeatedly earned renowned international awards. The continuous development of innovative manufacturing techniques enables the production of incomparably fine fabrics and the loftiest duvet fillings.<\/p>\n<h3>Quality from Austria<\/h3>\n<p>Today, as always, HEFEL manufactures its bedding 100% in Austria. This is as much a part of the corporate culture as the employment of highly qualified professionals. Many of them are already in their second or third generation at HEFEL. With great experience, care and skill, they craft and inspect each individual HEFEL duvet, piece by piece.<\/p>\n","protected":false},"excerpt":{"rendered":"<ul>\n<li><strong>KlimaControl Comfort all-season<\/strong> \u2013 TENCEL\u00ae in filling and fabric, the all-round duvet for every season<\/li>\n<li><strong>Temperature and moisture<\/strong> \u2013 the double TENCEL\u00ae use regulates both optimally, all night long<\/li>\n<li><strong>BodyFit quilting, HEFEL<\/strong> \u2013 adapts to the body, made in Austria by a family business<\/li>\n<li><strong>For dust mite allergy sufferers<\/strong> \u2013 dermatologically tested, antibacterial, washable at 60 \u00b0C<\/li>\n<li><strong>Four sizes available<\/strong> \u2013 from 135\u00d7200 to 200\u00d7200, the most versatile duvet in the KlimaControl range<\/li>\n<\/ul>\n","protected":false},"featured_media":3612,"comment_status":"open","ping_status":"closed","template":"","meta":{"_acf_changed":false},"product_brand":[4782,4784],"product_cat":[4009,4010,3728,3748],"product_tag":[3640,3939],"class_list":{"0":"post-138815","1":"product","2":"type-product","3":"status-publish","4":"has-post-thumbnail","6":"product_brand-hefel","7":"product_brand-hefel-all-season-duvet","8":"product_cat-duvets","9":"product_cat-all-season-duvet","10":"product_cat-bedroom","11":"product_cat-product","12":"product_tag-all-year","13":"product_tag-climate-regulation","15":"first","16":"instock","17":"taxable","18":"shipping-taxable","19":"purchasable","20":"product-type-variable"},"acf":[],"yoast_head":"<!-- This site is optimized with the Yoast SEO Premium plugin v27.4 (Yoast SEO v27.4) - https:\/\/yoast.com\/product\/yoast-seo-premium-wordpress\/ -->\n<title>KlimaControl Comfort All-Season Duvet by HEFEL - Linen.eu<\/title>\n<meta name=\"description\" content=\"KlimaControl Comfort All-Season Duvet by HEFEL \u2713 Dry sleeping climate and healthy recovery \u2713 Quality Made in Austria\" \/>\n<meta name=\"robots\" content=\"index, follow, max-snippet:-1, max-image-preview:large, max-video-preview:-1\" \/>\n<link rel=\"canonical\" href=\"https:\/\/linen.eu\/en\/produkt\/klimacontrol-comfort-all-season-duvet-by-hefel\/\" \/>\n<meta property=\"og:locale\" content=\"en_US\" \/>\n<meta property=\"og:type\" content=\"article\" \/>\n<meta property=\"og:title\" content=\"KlimaControl Comfort All-Season Duvet by HEFEL\" \/>\n<meta property=\"og:description\" content=\"KlimaControl Comfort All-Season Duvet by HEFEL \u2713 Dry sleeping climate and healthy recovery \u2713 Quality Made in Austria\" \/>\n<meta property=\"og:url\" content=\"https:\/\/linen.eu\/en\/produkt\/klimacontrol-comfort-all-season-duvet-by-hefel\/\" \/>\n<meta property=\"og:site_name\" content=\"Linen.eu\" \/>\n<meta property=\"article:publisher\" content=\"https:\/\/linen.eu\" \/>\n<meta property=\"article:modified_time\" content=\"2026-04-11T22:08:38+00:00\" \/>\n<meta property=\"og:image\" content=\"https:\/\/linen.eu\/wp-content\/uploads\/2025\/07\/HEFEL_KlimaControl_Comfort_Image5.jpg\" \/>\n\t<meta property=\"og:image:width\" content=\"1600\" \/>\n\t<meta property=\"og:image:height\" content=\"1200\" \/>\n\t<meta property=\"og:image:type\" content=\"image\/jpeg\" \/>\n<meta name=\"twitter:card\" content=\"summary_large_image\" \/>\n<meta name=\"twitter:site\" content=\"@linenlounge\" \/>\n<meta name=\"twitter:label1\" content=\"Availability\" \/>\n\t<meta name=\"twitter:data1\" content=\"In stock\" \/>\n<script type=\"application\/ld+json\" class=\"yoast-schema-graph\">{\"@context\":\"https:\\\/\\\/schema.org\",\"@graph\":[{\"@type\":\"WebPage\",\"@id\":\"https:\\\/\\\/linen.eu\\\/en\\\/produkt\\\/klimacontrol-comfort-all-season-duvet-by-hefel\\\/\",\"url\":\"https:\\\/\\\/linen.eu\\\/en\\\/produkt\\\/klimacontrol-comfort-all-season-duvet-by-hefel\\\/\",\"name\":\"KlimaControl Comfort All-Season Duvet by HEFEL - Linen.eu\",\"isPartOf\":{\"@id\":\"https:\\\/\\\/linen.eu\\\/en\\\/#website\"},\"primaryImageOfPage\":{\"@id\":\"https:\\\/\\\/linen.eu\\\/en\\\/produkt\\\/klimacontrol-comfort-all-season-duvet-by-hefel\\\/#primaryimage\"},\"image\":{\"@id\":\"https:\\\/\\\/linen.eu\\\/en\\\/produkt\\\/klimacontrol-comfort-all-season-duvet-by-hefel\\\/#primaryimage\"},\"thumbnailUrl\":\"https:\\\/\\\/linen.eu\\\/wp-content\\\/uploads\\\/2025\\\/07\\\/HEFEL_KlimaControl_Comfort_Image5.jpg\",\"datePublished\":\"2025-08-12T14:41:01+00:00\",\"dateModified\":\"2026-04-11T22:08:38+00:00\",\"description\":\"KlimaControl Comfort All-Season Duvet by HEFEL \u2713 Dry sleeping climate and healthy recovery \u2713 Quality Made in Austria\",\"breadcrumb\":{\"@id\":\"https:\\\/\\\/linen.eu\\\/en\\\/produkt\\\/klimacontrol-comfort-all-season-duvet-by-hefel\\\/#breadcrumb\"},\"inLanguage\":\"en-US\",\"potentialAction\":[{\"@type\":\"ReadAction\",\"target\":[\"https:\\\/\\\/linen.eu\\\/en\\\/produkt\\\/klimacontrol-comfort-all-season-duvet-by-hefel\\\/\"]}]},{\"@type\":\"ImageObject\",\"inLanguage\":\"en-US\",\"@id\":\"https:\\\/\\\/linen.eu\\\/en\\\/produkt\\\/klimacontrol-comfort-all-season-duvet-by-hefel\\\/#primaryimage\",\"url\":\"https:\\\/\\\/linen.eu\\\/wp-content\\\/uploads\\\/2025\\\/07\\\/HEFEL_KlimaControl_Comfort_Image5.jpg\",\"contentUrl\":\"https:\\\/\\\/linen.eu\\\/wp-content\\\/uploads\\\/2025\\\/07\\\/HEFEL_KlimaControl_Comfort_Image5.jpg\",\"width\":1600,\"height\":1200,\"caption\":\"On a brown leather armchair lie a white pillow and a duvet, another white pillow lies on a black stool next to copper decorative items and a grey curtain in the background.\"},{\"@type\":\"BreadcrumbList\",\"@id\":\"https:\\\/\\\/linen.eu\\\/en\\\/produkt\\\/klimacontrol-comfort-all-season-duvet-by-hefel\\\/#breadcrumb\",\"itemListElement\":[{\"@type\":\"ListItem\",\"position\":1,\"name\":\"Startseite\",\"item\":\"https:\\\/\\\/linen.eu\\\/en\\\/home\\\/\"},{\"@type\":\"ListItem\",\"position\":2,\"name\":\"Shop\",\"item\":\"https:\\\/\\\/linen.eu\\\/en\\\/shop\\\/\"},{\"@type\":\"ListItem\",\"position\":3,\"name\":\"KlimaControl Comfort All-Season Duvet by HEFEL\"}]},{\"@type\":\"WebSite\",\"@id\":\"https:\\\/\\\/linen.eu\\\/en\\\/#website\",\"url\":\"https:\\\/\\\/linen.eu\\\/en\\\/\",\"name\":\"Linen.eu\",\"description\":\"\",\"publisher\":{\"@id\":\"https:\\\/\\\/linen.eu\\\/en\\\/#organization\"},\"potentialAction\":[{\"@type\":\"SearchAction\",\"target\":{\"@type\":\"EntryPoint\",\"urlTemplate\":\"https:\\\/\\\/linen.eu\\\/en\\\/?s={search_term_string}\"},\"query-input\":{\"@type\":\"PropertyValueSpecification\",\"valueRequired\":true,\"valueName\":\"search_term_string\"}}],\"inLanguage\":\"en-US\"},{\"@type\":\"Organization\",\"@id\":\"https:\\\/\\\/linen.eu\\\/en\\\/#organization\",\"name\":\"Linen Lounge\",\"alternateName\":\"linen.eu\",\"url\":\"https:\\\/\\\/linen.eu\\\/en\\\/\",\"logo\":{\"@type\":\"ImageObject\",\"inLanguage\":\"en-US\",\"@id\":\"https:\\\/\\\/linen.eu\\\/en\\\/#\\\/schema\\\/logo\\\/image\\\/\",\"url\":\"https:\\\/\\\/linen.eu\\\/wp-content\\\/uploads\\\/2025\\\/10\\\/LinenLounge-NEU2.webp\",\"contentUrl\":\"https:\\\/\\\/linen.eu\\\/wp-content\\\/uploads\\\/2025\\\/10\\\/LinenLounge-NEU2.webp\",\"width\":1800,\"height\":455,\"caption\":\"Linen Lounge\"},\"image\":{\"@id\":\"https:\\\/\\\/linen.eu\\\/en\\\/#\\\/schema\\\/logo\\\/image\\\/\"},\"sameAs\":[\"https:\\\/\\\/linen.eu\",\"https:\\\/\\\/x.com\\\/linenlounge\",\"https:\\\/\\\/www.instagram.com\\\/linen.lounge?igsh=MW81aGhiY2VxZGRpMw==&utm_source=qr\",\"http:\\\/\\\/www.youtube.com\\\/@Linenlounge\"],\"description\":\"Online Fachhandel f\u00fcr europ\u00e4ische Leinen-Bettw\u00e4sche und Heimtextilien aus traditionellen Webereien wie Leitner Leinen, Schlitzer Leinen, Libeco, Vieb\u00f6ck und Hoffmann.\",\"email\":\"info@linen.eu\",\"telephone\":\"+49 (0) 69 90738860\",\"legalName\":\"Linen UG (haftungsbeschr\u00e4nkt)\",\"foundingDate\":\"2015-04-08\",\"numberOfEmployees\":{\"@type\":\"QuantitativeValue\",\"minValue\":\"1\",\"maxValue\":\"10\"}}]}<\/script>\n<meta property=\"product:brand\" content=\"HEFEL\" \/>\n<meta property=\"og:availability\" content=\"instock\" \/>\n<meta property=\"product:availability\" content=\"instock\" \/>\n<meta property=\"product:retailer_item_id\" content=\"114303450010\" \/>\n<meta property=\"product:condition\" content=\"new\" \/>\n<!-- \/ Yoast SEO Premium plugin. -->","yoast_head_json":{"title":"KlimaControl Comfort All-Season Duvet by HEFEL - Linen.eu","description":"KlimaControl Comfort All-Season Duvet by HEFEL \u2713 Dry sleeping climate and healthy recovery \u2713 Quality Made in Austria","robots":{"index":"index","follow":"follow","max-snippet":"max-snippet:-1","max-image-preview":"max-image-preview:large","max-video-preview":"max-video-preview:-1"},"canonical":"https:\/\/linen.eu\/en\/produkt\/klimacontrol-comfort-all-season-duvet-by-hefel\/","og_locale":"en_US","og_type":"article","og_title":"KlimaControl Comfort All-Season Duvet by HEFEL","og_description":"KlimaControl Comfort All-Season Duvet by HEFEL \u2713 Dry sleeping climate and healthy recovery \u2713 Quality Made in Austria","og_url":"https:\/\/linen.eu\/en\/produkt\/klimacontrol-comfort-all-season-duvet-by-hefel\/","og_site_name":"Linen.eu","article_publisher":"https:\/\/linen.eu","article_modified_time":"2026-04-11T22:08:38+00:00","og_image":[{"width":1600,"height":1200,"url":"https:\/\/linen.eu\/wp-content\/uploads\/2025\/07\/HEFEL_KlimaControl_Comfort_Image5.jpg","type":"image\/jpeg"}],"twitter_card":"summary_large_image","twitter_site":"@linenlounge","twitter_misc":{"Availability":"In stock"},"schema":{"@context":"https:\/\/schema.org","@graph":[{"@type":"WebPage","@id":"https:\/\/linen.eu\/en\/produkt\/klimacontrol-comfort-all-season-duvet-by-hefel\/","url":"https:\/\/linen.eu\/en\/produkt\/klimacontrol-comfort-all-season-duvet-by-hefel\/","name":"KlimaControl Comfort All-Season Duvet by HEFEL - Linen.eu","isPartOf":{"@id":"https:\/\/linen.eu\/en\/#website"},"primaryImageOfPage":{"@id":"https:\/\/linen.eu\/en\/produkt\/klimacontrol-comfort-all-season-duvet-by-hefel\/#primaryimage"},"image":{"@id":"https:\/\/linen.eu\/en\/produkt\/klimacontrol-comfort-all-season-duvet-by-hefel\/#primaryimage"},"thumbnailUrl":"https:\/\/linen.eu\/wp-content\/uploads\/2025\/07\/HEFEL_KlimaControl_Comfort_Image5.jpg","datePublished":"2025-08-12T14:41:01+00:00","dateModified":"2026-04-11T22:08:38+00:00","description":"KlimaControl Comfort All-Season Duvet by HEFEL \u2713 Dry sleeping climate and healthy recovery \u2713 Quality Made in Austria","breadcrumb":{"@id":"https:\/\/linen.eu\/en\/produkt\/klimacontrol-comfort-all-season-duvet-by-hefel\/#breadcrumb"},"inLanguage":"en-US","potentialAction":[{"@type":"ReadAction","target":["https:\/\/linen.eu\/en\/produkt\/klimacontrol-comfort-all-season-duvet-by-hefel\/"]}]},{"@type":"ImageObject","inLanguage":"en-US","@id":"https:\/\/linen.eu\/en\/produkt\/klimacontrol-comfort-all-season-duvet-by-hefel\/#primaryimage","url":"https:\/\/linen.eu\/wp-content\/uploads\/2025\/07\/HEFEL_KlimaControl_Comfort_Image5.jpg","contentUrl":"https:\/\/linen.eu\/wp-content\/uploads\/2025\/07\/HEFEL_KlimaControl_Comfort_Image5.jpg","width":1600,"height":1200,"caption":"On a brown leather armchair lie a white pillow and a duvet, another white pillow lies on a black stool next to copper decorative items and a grey curtain in the background."},{"@type":"BreadcrumbList","@id":"https:\/\/linen.eu\/en\/produkt\/klimacontrol-comfort-all-season-duvet-by-hefel\/#breadcrumb","itemListElement":[{"@type":"ListItem","position":1,"name":"Startseite","item":"https:\/\/linen.eu\/en\/home\/"},{"@type":"ListItem","position":2,"name":"Shop","item":"https:\/\/linen.eu\/en\/shop\/"},{"@type":"ListItem","position":3,"name":"KlimaControl Comfort All-Season Duvet by HEFEL"}]},{"@type":"WebSite","@id":"https:\/\/linen.eu\/en\/#website","url":"https:\/\/linen.eu\/en\/","name":"Linen.eu","description":"","publisher":{"@id":"https:\/\/linen.eu\/en\/#organization"},"potentialAction":[{"@type":"SearchAction","target":{"@type":"EntryPoint","urlTemplate":"https:\/\/linen.eu\/en\/?s={search_term_string}"},"query-input":{"@type":"PropertyValueSpecification","valueRequired":true,"valueName":"search_term_string"}}],"inLanguage":"en-US"},{"@type":"Organization","@id":"https:\/\/linen.eu\/en\/#organization","name":"Linen Lounge","alternateName":"linen.eu","url":"https:\/\/linen.eu\/en\/","logo":{"@type":"ImageObject","inLanguage":"en-US","@id":"https:\/\/linen.eu\/en\/#\/schema\/logo\/image\/","url":"https:\/\/linen.eu\/wp-content\/uploads\/2025\/10\/LinenLounge-NEU2.webp","contentUrl":"https:\/\/linen.eu\/wp-content\/uploads\/2025\/10\/LinenLounge-NEU2.webp","width":1800,"height":455,"caption":"Linen Lounge"},"image":{"@id":"https:\/\/linen.eu\/en\/#\/schema\/logo\/image\/"},"sameAs":["https:\/\/linen.eu","https:\/\/x.com\/linenlounge","https:\/\/www.instagram.com\/linen.lounge?igsh=MW81aGhiY2VxZGRpMw==&utm_source=qr","http:\/\/www.youtube.com\/@Linenlounge"],"description":"Online Fachhandel f\u00fcr europ\u00e4ische Leinen-Bettw\u00e4sche und Heimtextilien aus traditionellen Webereien wie Leitner Leinen, Schlitzer Leinen, Libeco, Vieb\u00f6ck und Hoffmann.","email":"info@linen.eu","telephone":"+49 (0) 69 90738860","legalName":"Linen UG (haftungsbeschr\u00e4nkt)","foundingDate":"2015-04-08","numberOfEmployees":{"@type":"QuantitativeValue","minValue":"1","maxValue":"10"}}]},"product_brand":"HEFEL","og_availability":"instock","product_availability":"instock","product_retailer_item_id":"114303450010","product_condition":"new"},"_links":{"self":[{"href":"https:\/\/linen.eu\/en\/wp-json\/wp\/v2\/product\/138815","targetHints":{"allow":["GET"]}}],"collection":[{"href":"https:\/\/linen.eu\/en\/wp-json\/wp\/v2\/product"}],"about":[{"href":"https:\/\/linen.eu\/en\/wp-json\/wp\/v2\/types\/product"}],"replies":[{"embeddable":true,"href":"https:\/\/linen.eu\/en\/wp-json\/wp\/v2\/comments?post=138815"}],"wp:featuredmedia":[{"embeddable":true,"href":"https:\/\/linen.eu\/en\/wp-json\/wp\/v2\/media\/3612"}],"wp:attachment":[{"href":"https:\/\/linen.eu\/en\/wp-json\/wp\/v2\/media?parent=138815"}],"wp:term":[{"taxonomy":"product_brand","embeddable":true,"href":"https:\/\/linen.eu\/en\/wp-json\/wp\/v2\/product_brand?post=138815"},{"taxonomy":"product_cat","embeddable":true,"href":"https:\/\/linen.eu\/en\/wp-json\/wp\/v2\/product_cat?post=138815"},{"taxonomy":"product_tag","embeddable":true,"href":"https:\/\/linen.eu\/en\/wp-json\/wp\/v2\/product_tag?post=138815"}],"curies":[{"name":"wp","href":"https:\/\/api.w.org\/{rel}","templated":true}]}}