{"id":138897,"date":"2025-07-17T15:09:42","date_gmt":"2025-07-17T13:09:42","guid":{"rendered":"https:\/\/linen.eu\/produkt\/heritage-white-organic-linen-fitted-sheet-from-libeco\/"},"modified":"2026-03-16T13:58:47","modified_gmt":"2026-03-16T12:58:47","slug":"heritage-white-organic-linen-fitted-sheet-from-libeco","status":"publish","type":"product","link":"https:\/\/linen.eu\/en\/produkt\/heritage-white-organic-linen-fitted-sheet-from-libeco\/","title":{"rendered":"Heritage White organic linen fitted sheet from Libeco"},"content":{"rendered":"<h2>&#8220;Heritage White Organic Linen Fitted Sheet by Libeco&#8221;<\/h2>\n<p>Heritage White Organic Linen Fitted Sheet by Libeco. Flat sheets and fitted sheets in classic white. Made from heavy, washed linen. Bed linen made from linen creates a wonderful sleeping experience. Even when it comes to protecting the environment and sustainable development, linen is a true champion. The Heritage collection raises the bar even higher. Certified by the environmental institute GOTS, Libeco produces this collection in the most environmentally friendly and socially responsible way possible.<\/p>\n<p><b>European Linen<\/b><\/p>\n<p>Bed linen made from linen lets the skin breathe better. When it comes to our skin, linen is the perfect fabric. Thanks to its long, smooth fibres, linen absorbs a great deal of moisture and repels dirt. Linen is an intelligent fabric, as it equalises temperatures. Linen provides pleasant coolness in summer and creates cosy warmth in winter. The long linen fibres ensure that linen bed linen stays fresh for much longer. The linen fabric has been treated purely mechanically and is therefore very soft and gentle on the skin. Linen treated in this way creases less while preserving its natural character and all the advantages of linen. Libeco is committed to organic linen and absolute sustainability in every production step, and so the creation of GOTS-certified linen bed linen was a logical next step for the collection.<\/p>\n<h3>The Weaving Mill<\/h3>\n<p><a href=\"https:\/\/linen.eu\/brand\/libeco\/\">Libeco<\/a> received the accolade of the Belgian Royal House in 2006: &#8220;Belgian Royal Warrant Holder&#8221; is the impressive recognition of the quality of this bed linen. The &#8220;Belgian Linen&#8221; quality seal guarantees a quality product made according to all the rules of sustainable business. All fabrics by Libeco carry the coveted &#8220;Masters of Linen&#8221; label. This guarantees that the fabrics have been tested to the extremely high standards of this master class and that they are manufactured exclusively in Europe. &#8220;Eco Line&#8221; and &#8220;Oeko-Tex&#8221; provide the assurance that Libeco fabrics are free from harmful substances and have not been chemically treated, bleached or dyed.<\/p>\n<p>We also recommend the bed linen duvet covers by Libeco and the duvets and pillows by Hefel.<\/p>\n<h3>The Product: Heritage White Organic Linen Fitted Sheet by <a href=\"https:\/\/linen.eu\/brand\/libeco\/\">Libeco<\/a><\/h3>\n<p>Also available as duvet cover and pillowcase,<br \/>\n100% washed linen. 175 g\/m\u00b2, produced CO\u2082-neutral<br \/>\nFlat sheet and fitted sheet<br \/>\nYarn count: Nm 26<br \/>\nColours: Many<br \/>\nMasters of Linen quality<br \/>\nWe produce the listed sizes within the stated delivery period. Custom sizes can be made on request.<br \/>\nMade in Belgium.<\/p>\n<h3>Care Instructions<\/h3>\n<p>Coloured linen can be washed at up to 60\u00b0C, white at up to 95\u00b0C. As with all materials, the same applies to linen: washing at lower temperatures extends its life. What linen cannot tolerate are detergents with optical brighteners \u2013 they bleach out the natural colours significantly and the fabric becomes pale. Creasing: linen needs sufficient residual moisture so that it does not crease too much. Do not overload the machine so that the fabric can move freely, and do not spin linen laundry too hard or too long. If you wish to iron linen, iron the pieces on the hot linen setting of your iron while they are still slightly damp.<\/p>\n","protected":false},"excerpt":{"rendered":"<ul>\n<li><strong>Heritage collection in white<\/strong> \u2013 the purest tier from Libeco. Classically timeless, heavy organic linen, washed and instantly soft<\/li>\n<li><strong>GOTS and Masters of Linen<\/strong> \u2013 doubly certified, produced CO\u2082-neutral in Belgium. Belgian Royal Warrant since 1858<\/li>\n<li><strong>Naturally cooling in summer<\/strong> \u2013 linen conducts heat five times faster than cotton. Warming in winter through air pockets<\/li>\n<li><strong>Six sizes from 90&#215;200 to 200&#215;200<\/strong> \u2013 fits standard mattresses. Combinable with Heritage bed linen in four shades<\/li>\n<li><strong>Becomes softer over time<\/strong> \u2013 the heavy fabric gains suppleness. After just a few washes, it feels velvety<\/li>\n<\/ul>\n","protected":false},"featured_media":138890,"comment_status":"open","ping_status":"closed","template":"","meta":{"_acf_changed":false},"product_brand":[4801,4808],"product_cat":[3482,3728,4253],"product_tag":[3641,4033],"class_list":{"0":"post-138897","1":"product","2":"type-product","3":"status-publish","4":"has-post-thumbnail","6":"product_brand-libeco","7":"product_brand-libeco-fitted-sheets","8":"product_cat-linen-bed-sheets","9":"product_cat-bedroom","10":"product_cat-linen-fitted-sheets","11":"product_tag-linen","12":"product_tag-white","14":"first","15":"instock","16":"taxable","17":"shipping-taxable","18":"purchasable","19":"product-type-variable"},"acf":[],"yoast_head":"<!-- This site is optimized with the Yoast SEO Premium plugin v27.3 (Yoast SEO v27.3) - https:\/\/yoast.com\/product\/yoast-seo-premium-wordpress\/ -->\n<title>Heritage White organic linen fitted sheet from Libeco - Linen.eu<\/title>\n<meta name=\"description\" content=\"Heritage White Bio Leinen Spannbettlaken von Libeco \u271a Traditionelle echte Leinenweberei \u271a Gewebt und gen\u00e4ht in Belgien \u27a4 Jetzt einfach online kaufen\" \/>\n<meta name=\"robots\" content=\"index, follow, max-snippet:-1, max-image-preview:large, max-video-preview:-1\" \/>\n<link rel=\"canonical\" href=\"https:\/\/linen.eu\/en\/produkt\/heritage-white-organic-linen-fitted-sheet-from-libeco\/\" \/>\n<meta property=\"og:locale\" content=\"en_US\" \/>\n<meta property=\"og:type\" content=\"article\" \/>\n<meta property=\"og:title\" content=\"Heritage White organic linen fitted sheet from Libeco\" \/>\n<meta property=\"og:description\" content=\"Heritage White Bio Leinen Spannbettlaken von Libeco \u271a Traditionelle echte Leinenweberei \u271a Gewebt und gen\u00e4ht in Belgien \u27a4 Jetzt einfach online kaufen\" \/>\n<meta property=\"og:url\" content=\"https:\/\/linen.eu\/en\/produkt\/heritage-white-organic-linen-fitted-sheet-from-libeco\/\" \/>\n<meta property=\"og:site_name\" content=\"Linen.eu\" \/>\n<meta property=\"article:publisher\" content=\"https:\/\/linen.eu\" \/>\n<meta property=\"article:modified_time\" content=\"2026-03-16T12:58:47+00:00\" \/>\n<meta property=\"og:image\" content=\"https:\/\/linen.eu\/wp-content\/uploads\/2026\/03\/heritage-white-fitted-sheet.jpg\" \/>\n\t<meta property=\"og:image:width\" content=\"1600\" \/>\n\t<meta property=\"og:image:height\" content=\"1200\" \/>\n\t<meta property=\"og:image:type\" content=\"image\/jpeg\" \/>\n<meta name=\"twitter:card\" content=\"summary_large_image\" \/>\n<meta name=\"twitter:site\" content=\"@linenlounge\" \/>\n<meta name=\"twitter:label1\" content=\"Availability\" \/>\n\t<meta name=\"twitter:data1\" content=\"In stock\" \/>\n<script type=\"application\/ld+json\" class=\"yoast-schema-graph\">{\"@context\":\"https:\\\/\\\/schema.org\",\"@graph\":[{\"@type\":\"WebPage\",\"@id\":\"https:\\\/\\\/linen.eu\\\/en\\\/produkt\\\/heritage-white-organic-linen-fitted-sheet-from-libeco\\\/\",\"url\":\"https:\\\/\\\/linen.eu\\\/en\\\/produkt\\\/heritage-white-organic-linen-fitted-sheet-from-libeco\\\/\",\"name\":\"Heritage White organic linen fitted sheet from Libeco - Linen.eu\",\"isPartOf\":{\"@id\":\"https:\\\/\\\/linen.eu\\\/en\\\/#website\"},\"primaryImageOfPage\":{\"@id\":\"https:\\\/\\\/linen.eu\\\/en\\\/produkt\\\/heritage-white-organic-linen-fitted-sheet-from-libeco\\\/#primaryimage\"},\"image\":{\"@id\":\"https:\\\/\\\/linen.eu\\\/en\\\/produkt\\\/heritage-white-organic-linen-fitted-sheet-from-libeco\\\/#primaryimage\"},\"thumbnailUrl\":\"https:\\\/\\\/linen.eu\\\/wp-content\\\/uploads\\\/2026\\\/03\\\/heritage-white-fitted-sheet.jpg\",\"datePublished\":\"2025-07-17T13:09:42+00:00\",\"dateModified\":\"2026-03-16T12:58:47+00:00\",\"description\":\"Heritage White Bio Leinen Spannbettlaken von Libeco \u271a Traditionelle echte Leinenweberei \u271a Gewebt und gen\u00e4ht in Belgien \u27a4 Jetzt einfach online kaufen\",\"breadcrumb\":{\"@id\":\"https:\\\/\\\/linen.eu\\\/en\\\/produkt\\\/heritage-white-organic-linen-fitted-sheet-from-libeco\\\/#breadcrumb\"},\"inLanguage\":\"en-US\",\"potentialAction\":[{\"@type\":\"ReadAction\",\"target\":[\"https:\\\/\\\/linen.eu\\\/en\\\/produkt\\\/heritage-white-organic-linen-fitted-sheet-from-libeco\\\/\"]}]},{\"@type\":\"ImageObject\",\"inLanguage\":\"en-US\",\"@id\":\"https:\\\/\\\/linen.eu\\\/en\\\/produkt\\\/heritage-white-organic-linen-fitted-sheet-from-libeco\\\/#primaryimage\",\"url\":\"https:\\\/\\\/linen.eu\\\/wp-content\\\/uploads\\\/2026\\\/03\\\/heritage-white-fitted-sheet.jpg\",\"contentUrl\":\"https:\\\/\\\/linen.eu\\\/wp-content\\\/uploads\\\/2026\\\/03\\\/heritage-white-fitted-sheet.jpg\",\"width\":1600,\"height\":1200,\"caption\":\"Das Heritage White Bio Leinen Spannbettlaken von Libeco, mit elastischen R\u00e4ndern, ist sauber gefaltet und auf einem schlichten wei\u00dfen Hintergrund abgebildet.\"},{\"@type\":\"BreadcrumbList\",\"@id\":\"https:\\\/\\\/linen.eu\\\/en\\\/produkt\\\/heritage-white-organic-linen-fitted-sheet-from-libeco\\\/#breadcrumb\",\"itemListElement\":[{\"@type\":\"ListItem\",\"position\":1,\"name\":\"Startseite\",\"item\":\"https:\\\/\\\/linen.eu\\\/en\\\/home\\\/\"},{\"@type\":\"ListItem\",\"position\":2,\"name\":\"Shop\",\"item\":\"https:\\\/\\\/linen.eu\\\/en\\\/shop\\\/\"},{\"@type\":\"ListItem\",\"position\":3,\"name\":\"Heritage White organic linen fitted sheet from Libeco\"}]},{\"@type\":\"WebSite\",\"@id\":\"https:\\\/\\\/linen.eu\\\/en\\\/#website\",\"url\":\"https:\\\/\\\/linen.eu\\\/en\\\/\",\"name\":\"Linen.eu\",\"description\":\"\",\"publisher\":{\"@id\":\"https:\\\/\\\/linen.eu\\\/en\\\/#organization\"},\"potentialAction\":[{\"@type\":\"SearchAction\",\"target\":{\"@type\":\"EntryPoint\",\"urlTemplate\":\"https:\\\/\\\/linen.eu\\\/en\\\/?s={search_term_string}\"},\"query-input\":{\"@type\":\"PropertyValueSpecification\",\"valueRequired\":true,\"valueName\":\"search_term_string\"}}],\"inLanguage\":\"en-US\"},{\"@type\":\"Organization\",\"@id\":\"https:\\\/\\\/linen.eu\\\/en\\\/#organization\",\"name\":\"Linen Lounge\",\"alternateName\":\"linen.eu\",\"url\":\"https:\\\/\\\/linen.eu\\\/en\\\/\",\"logo\":{\"@type\":\"ImageObject\",\"inLanguage\":\"en-US\",\"@id\":\"https:\\\/\\\/linen.eu\\\/en\\\/#\\\/schema\\\/logo\\\/image\\\/\",\"url\":\"https:\\\/\\\/linen.eu\\\/wp-content\\\/uploads\\\/2025\\\/10\\\/LinenLounge-NEU2.webp\",\"contentUrl\":\"https:\\\/\\\/linen.eu\\\/wp-content\\\/uploads\\\/2025\\\/10\\\/LinenLounge-NEU2.webp\",\"width\":1800,\"height\":455,\"caption\":\"Linen Lounge\"},\"image\":{\"@id\":\"https:\\\/\\\/linen.eu\\\/en\\\/#\\\/schema\\\/logo\\\/image\\\/\"},\"sameAs\":[\"https:\\\/\\\/linen.eu\",\"https:\\\/\\\/x.com\\\/linenlounge\",\"https:\\\/\\\/www.instagram.com\\\/linen.lounge?igsh=MW81aGhiY2VxZGRpMw==&utm_source=qr\",\"http:\\\/\\\/www.youtube.com\\\/@Linenlounge\"],\"description\":\"Online Fachhandel f\u00fcr europ\u00e4ische Leinen-Bettw\u00e4sche und Heimtextilien aus traditionellen Webereien wie Leitner Leinen, Schlitzer Leinen, Libeco, Vieb\u00f6ck und Hoffmann.\",\"email\":\"info@linen.eu\",\"telephone\":\"+49 (0) 69 90738860\",\"legalName\":\"Linen UG (haftungsbeschr\u00e4nkt)\",\"foundingDate\":\"2015-04-08\",\"numberOfEmployees\":{\"@type\":\"QuantitativeValue\",\"minValue\":\"1\",\"maxValue\":\"10\"}}]}<\/script>\n<meta property=\"product:brand\" content=\"Libeco \u2013 Real Fabric at Home the World Over\" \/>\n<meta property=\"og:availability\" content=\"instock\" \/>\n<meta property=\"product:availability\" content=\"instock\" \/>\n<meta property=\"product:retailer_item_id\" content=\"111101416310\" \/>\n<meta property=\"product:condition\" content=\"new\" \/>\n<!-- \/ Yoast SEO Premium plugin. -->","yoast_head_json":{"title":"Heritage White organic linen fitted sheet from Libeco - Linen.eu","description":"Heritage White Bio Leinen Spannbettlaken von Libeco \u271a Traditionelle echte Leinenweberei \u271a Gewebt und gen\u00e4ht in Belgien \u27a4 Jetzt einfach online kaufen","robots":{"index":"index","follow":"follow","max-snippet":"max-snippet:-1","max-image-preview":"max-image-preview:large","max-video-preview":"max-video-preview:-1"},"canonical":"https:\/\/linen.eu\/en\/produkt\/heritage-white-organic-linen-fitted-sheet-from-libeco\/","og_locale":"en_US","og_type":"article","og_title":"Heritage White organic linen fitted sheet from Libeco","og_description":"Heritage White Bio Leinen Spannbettlaken von Libeco \u271a Traditionelle echte Leinenweberei \u271a Gewebt und gen\u00e4ht in Belgien \u27a4 Jetzt einfach online kaufen","og_url":"https:\/\/linen.eu\/en\/produkt\/heritage-white-organic-linen-fitted-sheet-from-libeco\/","og_site_name":"Linen.eu","article_publisher":"https:\/\/linen.eu","article_modified_time":"2026-03-16T12:58:47+00:00","og_image":[{"width":1600,"height":1200,"url":"https:\/\/linen.eu\/wp-content\/uploads\/2026\/03\/heritage-white-fitted-sheet.jpg","type":"image\/jpeg"}],"twitter_card":"summary_large_image","twitter_site":"@linenlounge","twitter_misc":{"Availability":"In stock"},"schema":{"@context":"https:\/\/schema.org","@graph":[{"@type":"WebPage","@id":"https:\/\/linen.eu\/en\/produkt\/heritage-white-organic-linen-fitted-sheet-from-libeco\/","url":"https:\/\/linen.eu\/en\/produkt\/heritage-white-organic-linen-fitted-sheet-from-libeco\/","name":"Heritage White organic linen fitted sheet from Libeco - Linen.eu","isPartOf":{"@id":"https:\/\/linen.eu\/en\/#website"},"primaryImageOfPage":{"@id":"https:\/\/linen.eu\/en\/produkt\/heritage-white-organic-linen-fitted-sheet-from-libeco\/#primaryimage"},"image":{"@id":"https:\/\/linen.eu\/en\/produkt\/heritage-white-organic-linen-fitted-sheet-from-libeco\/#primaryimage"},"thumbnailUrl":"https:\/\/linen.eu\/wp-content\/uploads\/2026\/03\/heritage-white-fitted-sheet.jpg","datePublished":"2025-07-17T13:09:42+00:00","dateModified":"2026-03-16T12:58:47+00:00","description":"Heritage White Bio Leinen Spannbettlaken von Libeco \u271a Traditionelle echte Leinenweberei \u271a Gewebt und gen\u00e4ht in Belgien \u27a4 Jetzt einfach online kaufen","breadcrumb":{"@id":"https:\/\/linen.eu\/en\/produkt\/heritage-white-organic-linen-fitted-sheet-from-libeco\/#breadcrumb"},"inLanguage":"en-US","potentialAction":[{"@type":"ReadAction","target":["https:\/\/linen.eu\/en\/produkt\/heritage-white-organic-linen-fitted-sheet-from-libeco\/"]}]},{"@type":"ImageObject","inLanguage":"en-US","@id":"https:\/\/linen.eu\/en\/produkt\/heritage-white-organic-linen-fitted-sheet-from-libeco\/#primaryimage","url":"https:\/\/linen.eu\/wp-content\/uploads\/2026\/03\/heritage-white-fitted-sheet.jpg","contentUrl":"https:\/\/linen.eu\/wp-content\/uploads\/2026\/03\/heritage-white-fitted-sheet.jpg","width":1600,"height":1200,"caption":"Das Heritage White Bio Leinen Spannbettlaken von Libeco, mit elastischen R\u00e4ndern, ist sauber gefaltet und auf einem schlichten wei\u00dfen Hintergrund abgebildet."},{"@type":"BreadcrumbList","@id":"https:\/\/linen.eu\/en\/produkt\/heritage-white-organic-linen-fitted-sheet-from-libeco\/#breadcrumb","itemListElement":[{"@type":"ListItem","position":1,"name":"Startseite","item":"https:\/\/linen.eu\/en\/home\/"},{"@type":"ListItem","position":2,"name":"Shop","item":"https:\/\/linen.eu\/en\/shop\/"},{"@type":"ListItem","position":3,"name":"Heritage White organic linen fitted sheet from Libeco"}]},{"@type":"WebSite","@id":"https:\/\/linen.eu\/en\/#website","url":"https:\/\/linen.eu\/en\/","name":"Linen.eu","description":"","publisher":{"@id":"https:\/\/linen.eu\/en\/#organization"},"potentialAction":[{"@type":"SearchAction","target":{"@type":"EntryPoint","urlTemplate":"https:\/\/linen.eu\/en\/?s={search_term_string}"},"query-input":{"@type":"PropertyValueSpecification","valueRequired":true,"valueName":"search_term_string"}}],"inLanguage":"en-US"},{"@type":"Organization","@id":"https:\/\/linen.eu\/en\/#organization","name":"Linen Lounge","alternateName":"linen.eu","url":"https:\/\/linen.eu\/en\/","logo":{"@type":"ImageObject","inLanguage":"en-US","@id":"https:\/\/linen.eu\/en\/#\/schema\/logo\/image\/","url":"https:\/\/linen.eu\/wp-content\/uploads\/2025\/10\/LinenLounge-NEU2.webp","contentUrl":"https:\/\/linen.eu\/wp-content\/uploads\/2025\/10\/LinenLounge-NEU2.webp","width":1800,"height":455,"caption":"Linen Lounge"},"image":{"@id":"https:\/\/linen.eu\/en\/#\/schema\/logo\/image\/"},"sameAs":["https:\/\/linen.eu","https:\/\/x.com\/linenlounge","https:\/\/www.instagram.com\/linen.lounge?igsh=MW81aGhiY2VxZGRpMw==&utm_source=qr","http:\/\/www.youtube.com\/@Linenlounge"],"description":"Online Fachhandel f\u00fcr europ\u00e4ische Leinen-Bettw\u00e4sche und Heimtextilien aus traditionellen Webereien wie Leitner Leinen, Schlitzer Leinen, Libeco, Vieb\u00f6ck und Hoffmann.","email":"info@linen.eu","telephone":"+49 (0) 69 90738860","legalName":"Linen UG (haftungsbeschr\u00e4nkt)","foundingDate":"2015-04-08","numberOfEmployees":{"@type":"QuantitativeValue","minValue":"1","maxValue":"10"}}]},"product_brand":"Libeco \u2013 Real Fabric at Home the World Over","og_availability":"instock","product_availability":"instock","product_retailer_item_id":"111101416310","product_condition":"new"},"_links":{"self":[{"href":"https:\/\/linen.eu\/en\/wp-json\/wp\/v2\/product\/138897","targetHints":{"allow":["GET"]}}],"collection":[{"href":"https:\/\/linen.eu\/en\/wp-json\/wp\/v2\/product"}],"about":[{"href":"https:\/\/linen.eu\/en\/wp-json\/wp\/v2\/types\/product"}],"replies":[{"embeddable":true,"href":"https:\/\/linen.eu\/en\/wp-json\/wp\/v2\/comments?post=138897"}],"wp:featuredmedia":[{"embeddable":true,"href":"https:\/\/linen.eu\/en\/wp-json\/wp\/v2\/media\/138890"}],"wp:attachment":[{"href":"https:\/\/linen.eu\/en\/wp-json\/wp\/v2\/media?parent=138897"}],"wp:term":[{"taxonomy":"product_brand","embeddable":true,"href":"https:\/\/linen.eu\/en\/wp-json\/wp\/v2\/product_brand?post=138897"},{"taxonomy":"product_cat","embeddable":true,"href":"https:\/\/linen.eu\/en\/wp-json\/wp\/v2\/product_cat?post=138897"},{"taxonomy":"product_tag","embeddable":true,"href":"https:\/\/linen.eu\/en\/wp-json\/wp\/v2\/product_tag?post=138897"}],"curies":[{"name":"wp","href":"https:\/\/api.w.org\/{rel}","templated":true}]}}