{"id":138991,"date":"2025-07-18T10:11:35","date_gmt":"2025-07-18T08:11:35","guid":{"rendered":"https:\/\/linen.eu\/produkt\/calistoga-linen-bath-rug-from-libeco\/"},"modified":"2026-03-16T13:59:22","modified_gmt":"2026-03-16T12:59:22","slug":"calistoga-linen-bath-rug-from-libeco","status":"publish","type":"product","link":"https:\/\/linen.eu\/en\/produkt\/calistoga-linen-bath-rug-from-libeco\/","title":{"rendered":"Calistoga linen bath rug from Libeco"},"content":{"rendered":"<h2>&#8220;Calistoga Linen Bath Rug by Libeco&#8221;<\/h2>\n<p>Calistoga Linen Bath Rug by Libeco is simply the best for your bathroom. The designer says: &#8220;The high-quality bath rug consists of 40% fine cotton and 60% Belgian linen. Due to the natural properties of linen and cotton, the voluminous loops absorb water, giving the feet vitalising impulses. Linen is a truly extraordinary natural fibre. The production of Calistoga in Belgium is CO2-neutral and sustainable.&#8221;<\/p>\n<h3>Rugs made from organic linen<\/h3>\n<p>Walking barefoot over a rug made from organic linen is a whole new experience of comfort. Using the classic plain weave technique, we employ yarns made from flax fibres. This makes rugs from organic linen truly special floor coverings. The strong and resilient linen fibre makes the rug very hard-wearing and creates a warming air cushion. Not only in terms of environmental friendliness and sustainability are rugs from organic linen unbeatable. They are also dirt-repellent, hypoallergenic and antibacterial. The organic linen used is grown in Europe. Rugs from organic linen not only feel very pleasant underfoot \u2013 whether barefoot, in socks or with shoes \u2013 they also give a clear conscience, as our rugs are certified by the GOTS standard.<\/p>\n<h3>The Weaving Mill<\/h3>\n<p><a href=\"https:\/\/linen.eu\/brand\/libeco\/\">Libeco<\/a> received the accolade of the Belgian Royal House in 2006: &#8220;Belgian Royal Warrant Holder&#8221; is the impressive recognition of the quality of these textiles. The &#8220;Belgian Linen&#8221; quality seal guarantees a quality product made according to all the rules of sustainable business. All fabrics by Libeco carry the coveted &#8220;Masters of Linen&#8221; label. This guarantees that the fabrics have been tested to the extremely high standards of this master class and that they are manufactured exclusively in Europe. &#8220;Eco Line&#8221; and &#8220;Oeko-Tex&#8221; provide the assurance that Libeco fabrics are free from harmful substances and have not been chemically treated, bleached or dyed.<\/p>\n<h3>The Product: Calistoga Linen Bath Rug by <a href=\"https:\/\/linen.eu\/brand\/libeco\/\">Libeco<\/a><\/h3>\n<p>Available as bath rug in 2 sizes<br \/>\n60% linen, 40% long-staple cotton, washed. Heavy quality of 2,400 grams per square metre, produced CO\u2082-neutral<br \/>\nWeave: Plain weave with cotton<br \/>\nPattern: Solid natural<br \/>\nMasters of Linen quality.<br \/>\nMade in Belgium.<\/p>\n<h3>Care Instructions<\/h3>\n<p>Coloured linen is best washed at up to 60\u00b0C, white at up to 95\u00b0C. As with all materials, the same applies to linen: washing at lower temperatures extends its life. What linen cannot tolerate are detergents with optical brighteners \u2013 they bleach out the natural colours significantly and the fabric becomes pale. Creasing: linen needs sufficient residual moisture so that it does not crease too much. Do not overload the machine so that the fabric can move freely, and do not spin linen laundry too hard or too long. If you wish to iron linen, iron the pieces on the hot linen setting of your iron while they are still slightly damp. Even though it may be convenient: avoid drying linen in the tumble dryer. Over-drying can cause shrinkage.<\/p>\n","protected":false},"excerpt":{"rendered":"<ul>\n<li><strong>60% Belgian linen, 40% cotton<\/strong> \u2013 the voluminous loops absorb water and give the feet vitalising impulses<\/li>\n<li><strong>Hard-wearing and dirt-repellent<\/strong> \u2013 linen is naturally antibacterial and hypoallergenic. Ideal for the damp bathroom<\/li>\n<li><strong>Warming air cushion<\/strong> \u2013 the plain weave creates an insulating layer. Pleasant walking feel on a warm floor<\/li>\n<li><strong>Produced CO\u2082-neutral in Belgium<\/strong> \u2013 GOTS-certified, Masters of Linen quality. Libeco since 1858 with Royal Warrant<\/li>\n<li><strong>Two sizes: 50&#215;80 and 60&#215;100 cm<\/strong> \u2013 machine-washable and quick-drying. A bath rug that lasts for decades<\/li>\n<\/ul>\n","protected":false},"featured_media":138984,"comment_status":"open","ping_status":"closed","template":"","meta":{"_acf_changed":false},"product_brand":[4801,4806],"product_cat":[3844,3998],"product_tag":[3999,5628,3640,3731],"class_list":{"0":"post-138991","1":"product","2":"type-product","3":"status-publish","4":"has-post-thumbnail","6":"product_brand-libeco","7":"product_brand-libeco-linen-frontier","8":"product_cat-kitchen-and-bath","9":"product_cat-linen-rugs","10":"product_tag-linen-rug","11":"product_tag-bath-mat","12":"product_tag-all-year","13":"product_tag-natural-fiber","15":"first","16":"instock","17":"taxable","18":"shipping-taxable","19":"purchasable","20":"product-type-variable"},"acf":[],"yoast_head":"<!-- This site is optimized with the Yoast SEO Premium plugin v27.4 (Yoast SEO v27.4) - https:\/\/yoast.com\/product\/yoast-seo-premium-wordpress\/ -->\n<title>Calistoga linen bath rug from Libeco - Linen Lounge<\/title>\n<meta name=\"description\" content=\"Calistoga Leinenteppich f\u00fcrs Bad von Libeco \u271a Traditionelle echte Leinenweberei \u271a Gewebt und gen\u00e4ht in Belgien \u27a4 Jetzt einfach online kaufen\" \/>\n<meta name=\"robots\" content=\"noindex, follow\" \/>\n<meta property=\"og:locale\" content=\"en_US\" \/>\n<meta property=\"og:type\" content=\"article\" \/>\n<meta property=\"og:title\" content=\"Calistoga linen bath rug from Libeco\" \/>\n<meta property=\"og:description\" content=\"Calistoga Leinenteppich f\u00fcrs Bad von Libeco \u271a Traditionelle echte Leinenweberei \u271a Gewebt und gen\u00e4ht in Belgien \u27a4 Jetzt einfach online kaufen\" \/>\n<meta property=\"og:url\" content=\"https:\/\/linen.eu\/en\/produkt\/calistoga-linen-bath-rug-from-libeco\/\" \/>\n<meta property=\"og:site_name\" content=\"Linen.eu\" \/>\n<meta property=\"article:publisher\" content=\"https:\/\/linen.eu\" \/>\n<meta property=\"article:modified_time\" content=\"2026-03-16T12:59:22+00:00\" \/>\n<meta property=\"og:image\" content=\"https:\/\/linen.eu\/wp-content\/uploads\/2026\/03\/Calistoga-jan-2019-03.jpg\" \/>\n\t<meta property=\"og:image:width\" content=\"1600\" \/>\n\t<meta property=\"og:image:height\" content=\"1200\" \/>\n\t<meta property=\"og:image:type\" content=\"image\/jpeg\" \/>\n<meta name=\"twitter:card\" content=\"summary_large_image\" \/>\n<meta name=\"twitter:site\" content=\"@linenlounge\" \/>\n<meta name=\"twitter:label1\" content=\"Availability\" \/>\n\t<meta name=\"twitter:data1\" content=\"In stock\" \/>\n<script type=\"application\/ld+json\" class=\"yoast-schema-graph\">{\"@context\":\"https:\\\/\\\/schema.org\",\"@graph\":[{\"@type\":\"WebPage\",\"@id\":\"https:\\\/\\\/linen.eu\\\/en\\\/produkt\\\/calistoga-linen-bath-rug-from-libeco\\\/\",\"url\":\"https:\\\/\\\/linen.eu\\\/en\\\/produkt\\\/calistoga-linen-bath-rug-from-libeco\\\/\",\"name\":\"Calistoga linen bath rug from Libeco - Linen Lounge\",\"isPartOf\":{\"@id\":\"https:\\\/\\\/linen.eu\\\/en\\\/#website\"},\"primaryImageOfPage\":{\"@id\":\"https:\\\/\\\/linen.eu\\\/en\\\/produkt\\\/calistoga-linen-bath-rug-from-libeco\\\/#primaryimage\"},\"image\":{\"@id\":\"https:\\\/\\\/linen.eu\\\/en\\\/produkt\\\/calistoga-linen-bath-rug-from-libeco\\\/#primaryimage\"},\"thumbnailUrl\":\"https:\\\/\\\/linen.eu\\\/wp-content\\\/uploads\\\/2026\\\/03\\\/Calistoga-jan-2019-03.jpg\",\"datePublished\":\"2025-07-18T08:11:35+00:00\",\"dateModified\":\"2026-03-16T12:59:22+00:00\",\"description\":\"Calistoga Leinenteppich f\u00fcrs Bad von Libeco \u271a Traditionelle echte Leinenweberei \u271a Gewebt und gen\u00e4ht in Belgien \u27a4 Jetzt einfach online kaufen\",\"breadcrumb\":{\"@id\":\"https:\\\/\\\/linen.eu\\\/en\\\/produkt\\\/calistoga-linen-bath-rug-from-libeco\\\/#breadcrumb\"},\"inLanguage\":\"en-US\",\"potentialAction\":[{\"@type\":\"ReadAction\",\"target\":[\"https:\\\/\\\/linen.eu\\\/en\\\/produkt\\\/calistoga-linen-bath-rug-from-libeco\\\/\"]}]},{\"@type\":\"ImageObject\",\"inLanguage\":\"en-US\",\"@id\":\"https:\\\/\\\/linen.eu\\\/en\\\/produkt\\\/calistoga-linen-bath-rug-from-libeco\\\/#primaryimage\",\"url\":\"https:\\\/\\\/linen.eu\\\/wp-content\\\/uploads\\\/2026\\\/03\\\/Calistoga-jan-2019-03.jpg\",\"contentUrl\":\"https:\\\/\\\/linen.eu\\\/wp-content\\\/uploads\\\/2026\\\/03\\\/Calistoga-jan-2019-03.jpg\",\"width\":1600,\"height\":1200,\"caption\":\"Eine wei\u00df gekleidete Person sitzt barfu\u00df auf einer wei\u00dfen Stufe neben einem kleinen Holzschemel. Auf dem wei\u00dfen Boden liegen wei\u00dfe Hausschuhe und ein Calistoga Leinenteppich f\u00fcrs Bad von Libeco.\"},{\"@type\":\"BreadcrumbList\",\"@id\":\"https:\\\/\\\/linen.eu\\\/en\\\/produkt\\\/calistoga-linen-bath-rug-from-libeco\\\/#breadcrumb\",\"itemListElement\":[{\"@type\":\"ListItem\",\"position\":1,\"name\":\"Startseite\",\"item\":\"https:\\\/\\\/linen.eu\\\/en\\\/home\\\/\"},{\"@type\":\"ListItem\",\"position\":2,\"name\":\"Shop\",\"item\":\"https:\\\/\\\/linen.eu\\\/en\\\/shop\\\/\"},{\"@type\":\"ListItem\",\"position\":3,\"name\":\"Calistoga linen bath rug from Libeco\"}]},{\"@type\":\"WebSite\",\"@id\":\"https:\\\/\\\/linen.eu\\\/en\\\/#website\",\"url\":\"https:\\\/\\\/linen.eu\\\/en\\\/\",\"name\":\"Linen Lounge\",\"description\":\"\",\"publisher\":{\"@id\":\"https:\\\/\\\/linen.eu\\\/en\\\/#organization\"},\"potentialAction\":[{\"@type\":\"SearchAction\",\"target\":{\"@type\":\"EntryPoint\",\"urlTemplate\":\"https:\\\/\\\/linen.eu\\\/en\\\/?s={search_term_string}\"},\"query-input\":{\"@type\":\"PropertyValueSpecification\",\"valueRequired\":true,\"valueName\":\"search_term_string\"}}],\"inLanguage\":\"en-US\"},{\"@type\":\"Organization\",\"@id\":\"https:\\\/\\\/linen.eu\\\/en\\\/#organization\",\"name\":\"Linen Lounge\",\"alternateName\":\"linen.eu\",\"url\":\"https:\\\/\\\/linen.eu\\\/en\\\/\",\"logo\":{\"@type\":\"ImageObject\",\"inLanguage\":\"en-US\",\"@id\":\"https:\\\/\\\/linen.eu\\\/en\\\/#\\\/schema\\\/logo\\\/image\\\/\",\"url\":\"https:\\\/\\\/linen.eu\\\/wp-content\\\/uploads\\\/2025\\\/10\\\/LinenLounge-NEU2.webp\",\"contentUrl\":\"https:\\\/\\\/linen.eu\\\/wp-content\\\/uploads\\\/2025\\\/10\\\/LinenLounge-NEU2.webp\",\"width\":1800,\"height\":455,\"caption\":\"Linen Lounge\"},\"image\":{\"@id\":\"https:\\\/\\\/linen.eu\\\/en\\\/#\\\/schema\\\/logo\\\/image\\\/\"},\"sameAs\":[\"https:\\\/\\\/linen.eu\",\"https:\\\/\\\/x.com\\\/linenlounge\",\"https:\\\/\\\/www.instagram.com\\\/linen.lounge?igsh=MW81aGhiY2VxZGRpMw==&utm_source=qr\",\"http:\\\/\\\/www.youtube.com\\\/@Linenlounge\"],\"description\":\"Online Fachhandel f\u00fcr europ\u00e4ische Leinen-Bettw\u00e4sche und Heimtextilien aus traditionellen Webereien wie Leitner Leinen, Schlitzer Leinen, Libeco, Vieb\u00f6ck und Hoffmann.\",\"email\":\"info@linen.eu\",\"telephone\":\"+49 (0) 69 90738860\",\"legalName\":\"Linen UG (haftungsbeschr\u00e4nkt)\",\"foundingDate\":\"2015-04-08\",\"numberOfEmployees\":{\"@type\":\"QuantitativeValue\",\"minValue\":\"1\",\"maxValue\":\"10\"}}]}<\/script>\n<meta property=\"product:brand\" content=\"Libeco\" \/>\n<meta property=\"og:availability\" content=\"instock\" \/>\n<meta property=\"product:availability\" content=\"instock\" \/>\n<meta property=\"product:retailer_item_id\" content=\"111103145112\" \/>\n<meta property=\"product:condition\" content=\"new\" \/>\n<!-- \/ Yoast SEO Premium plugin. -->","yoast_head_json":{"title":"Calistoga linen bath rug from Libeco - Linen Lounge","description":"Calistoga Leinenteppich f\u00fcrs Bad von Libeco \u271a Traditionelle echte Leinenweberei \u271a Gewebt und gen\u00e4ht in Belgien \u27a4 Jetzt einfach online kaufen","robots":{"index":"noindex","follow":"follow"},"og_locale":"en_US","og_type":"article","og_title":"Calistoga linen bath rug from Libeco","og_description":"Calistoga Leinenteppich f\u00fcrs Bad von Libeco \u271a Traditionelle echte Leinenweberei \u271a Gewebt und gen\u00e4ht in Belgien \u27a4 Jetzt einfach online kaufen","og_url":"https:\/\/linen.eu\/en\/produkt\/calistoga-linen-bath-rug-from-libeco\/","og_site_name":"Linen.eu","article_publisher":"https:\/\/linen.eu","article_modified_time":"2026-03-16T12:59:22+00:00","og_image":[{"width":1600,"height":1200,"url":"https:\/\/linen.eu\/wp-content\/uploads\/2026\/03\/Calistoga-jan-2019-03.jpg","type":"image\/jpeg"}],"twitter_card":"summary_large_image","twitter_site":"@linenlounge","twitter_misc":{"Availability":"In stock"},"schema":{"@context":"https:\/\/schema.org","@graph":[{"@type":"WebPage","@id":"https:\/\/linen.eu\/en\/produkt\/calistoga-linen-bath-rug-from-libeco\/","url":"https:\/\/linen.eu\/en\/produkt\/calistoga-linen-bath-rug-from-libeco\/","name":"Calistoga linen bath rug from Libeco - Linen Lounge","isPartOf":{"@id":"https:\/\/linen.eu\/en\/#website"},"primaryImageOfPage":{"@id":"https:\/\/linen.eu\/en\/produkt\/calistoga-linen-bath-rug-from-libeco\/#primaryimage"},"image":{"@id":"https:\/\/linen.eu\/en\/produkt\/calistoga-linen-bath-rug-from-libeco\/#primaryimage"},"thumbnailUrl":"https:\/\/linen.eu\/wp-content\/uploads\/2026\/03\/Calistoga-jan-2019-03.jpg","datePublished":"2025-07-18T08:11:35+00:00","dateModified":"2026-03-16T12:59:22+00:00","description":"Calistoga Leinenteppich f\u00fcrs Bad von Libeco \u271a Traditionelle echte Leinenweberei \u271a Gewebt und gen\u00e4ht in Belgien \u27a4 Jetzt einfach online kaufen","breadcrumb":{"@id":"https:\/\/linen.eu\/en\/produkt\/calistoga-linen-bath-rug-from-libeco\/#breadcrumb"},"inLanguage":"en-US","potentialAction":[{"@type":"ReadAction","target":["https:\/\/linen.eu\/en\/produkt\/calistoga-linen-bath-rug-from-libeco\/"]}]},{"@type":"ImageObject","inLanguage":"en-US","@id":"https:\/\/linen.eu\/en\/produkt\/calistoga-linen-bath-rug-from-libeco\/#primaryimage","url":"https:\/\/linen.eu\/wp-content\/uploads\/2026\/03\/Calistoga-jan-2019-03.jpg","contentUrl":"https:\/\/linen.eu\/wp-content\/uploads\/2026\/03\/Calistoga-jan-2019-03.jpg","width":1600,"height":1200,"caption":"Eine wei\u00df gekleidete Person sitzt barfu\u00df auf einer wei\u00dfen Stufe neben einem kleinen Holzschemel. Auf dem wei\u00dfen Boden liegen wei\u00dfe Hausschuhe und ein Calistoga Leinenteppich f\u00fcrs Bad von Libeco."},{"@type":"BreadcrumbList","@id":"https:\/\/linen.eu\/en\/produkt\/calistoga-linen-bath-rug-from-libeco\/#breadcrumb","itemListElement":[{"@type":"ListItem","position":1,"name":"Startseite","item":"https:\/\/linen.eu\/en\/home\/"},{"@type":"ListItem","position":2,"name":"Shop","item":"https:\/\/linen.eu\/en\/shop\/"},{"@type":"ListItem","position":3,"name":"Calistoga linen bath rug from Libeco"}]},{"@type":"WebSite","@id":"https:\/\/linen.eu\/en\/#website","url":"https:\/\/linen.eu\/en\/","name":"Linen Lounge","description":"","publisher":{"@id":"https:\/\/linen.eu\/en\/#organization"},"potentialAction":[{"@type":"SearchAction","target":{"@type":"EntryPoint","urlTemplate":"https:\/\/linen.eu\/en\/?s={search_term_string}"},"query-input":{"@type":"PropertyValueSpecification","valueRequired":true,"valueName":"search_term_string"}}],"inLanguage":"en-US"},{"@type":"Organization","@id":"https:\/\/linen.eu\/en\/#organization","name":"Linen Lounge","alternateName":"linen.eu","url":"https:\/\/linen.eu\/en\/","logo":{"@type":"ImageObject","inLanguage":"en-US","@id":"https:\/\/linen.eu\/en\/#\/schema\/logo\/image\/","url":"https:\/\/linen.eu\/wp-content\/uploads\/2025\/10\/LinenLounge-NEU2.webp","contentUrl":"https:\/\/linen.eu\/wp-content\/uploads\/2025\/10\/LinenLounge-NEU2.webp","width":1800,"height":455,"caption":"Linen Lounge"},"image":{"@id":"https:\/\/linen.eu\/en\/#\/schema\/logo\/image\/"},"sameAs":["https:\/\/linen.eu","https:\/\/x.com\/linenlounge","https:\/\/www.instagram.com\/linen.lounge?igsh=MW81aGhiY2VxZGRpMw==&utm_source=qr","http:\/\/www.youtube.com\/@Linenlounge"],"description":"Online Fachhandel f\u00fcr europ\u00e4ische Leinen-Bettw\u00e4sche und Heimtextilien aus traditionellen Webereien wie Leitner Leinen, Schlitzer Leinen, Libeco, Vieb\u00f6ck und Hoffmann.","email":"info@linen.eu","telephone":"+49 (0) 69 90738860","legalName":"Linen UG (haftungsbeschr\u00e4nkt)","foundingDate":"2015-04-08","numberOfEmployees":{"@type":"QuantitativeValue","minValue":"1","maxValue":"10"}}]},"product_brand":"Libeco","og_availability":"instock","product_availability":"instock","product_retailer_item_id":"111103145112","product_condition":"new"},"_links":{"self":[{"href":"https:\/\/linen.eu\/en\/wp-json\/wp\/v2\/product\/138991","targetHints":{"allow":["GET"]}}],"collection":[{"href":"https:\/\/linen.eu\/en\/wp-json\/wp\/v2\/product"}],"about":[{"href":"https:\/\/linen.eu\/en\/wp-json\/wp\/v2\/types\/product"}],"replies":[{"embeddable":true,"href":"https:\/\/linen.eu\/en\/wp-json\/wp\/v2\/comments?post=138991"}],"wp:featuredmedia":[{"embeddable":true,"href":"https:\/\/linen.eu\/en\/wp-json\/wp\/v2\/media\/138984"}],"wp:attachment":[{"href":"https:\/\/linen.eu\/en\/wp-json\/wp\/v2\/media?parent=138991"}],"wp:term":[{"taxonomy":"product_brand","embeddable":true,"href":"https:\/\/linen.eu\/en\/wp-json\/wp\/v2\/product_brand?post=138991"},{"taxonomy":"product_cat","embeddable":true,"href":"https:\/\/linen.eu\/en\/wp-json\/wp\/v2\/product_cat?post=138991"},{"taxonomy":"product_tag","embeddable":true,"href":"https:\/\/linen.eu\/en\/wp-json\/wp\/v2\/product_tag?post=138991"}],"curies":[{"name":"wp","href":"https:\/\/api.w.org\/{rel}","templated":true}]}}