{"id":139010,"date":"2025-07-18T10:11:31","date_gmt":"2025-07-18T08:11:31","guid":{"rendered":"https:\/\/linen.eu\/produkt\/simi-linen-terry-towel-optic-white-from-libeco\/"},"modified":"2026-03-16T13:59:35","modified_gmt":"2026-03-16T12:59:35","slug":"simi-linen-terry-towel-optic-white-from-libeco","status":"publish","type":"product","link":"https:\/\/linen.eu\/en\/produkt\/simi-linen-terry-towel-optic-white-from-libeco\/","title":{"rendered":"Simi linen terry towel Optic White from Libeco"},"content":{"rendered":"<h2>&#8220;Simi Linen Terry Towel for the Bathroom Optic White by Libeco&#8221;<\/h2>\n<p>Simi Linen Terry Towel for the Bathroom Optic White by Libeco is simply the best for your bathroom. The designer says: &#8220;The linen content in the Simi terry towels is 60%, 40% is the finest long-staple cotton. The linen towels provide a pleasant vitality in feel and on the skin. Linen is the fabric that absorbs water quickly, releases it quickly and dries quickly. Simi has a completely natural look and a harmonious appearance. Flax terry with a border. Linen is a truly extraordinary natural fibre. The production of Simi in Belgium is CO2-neutral and sustainable.&#8221;<\/p>\n<h3>Bath towels made from organic linen<\/h3>\n<p>Organic linen redefines the concept of a bath towel. Instead of the usual cotton, organic linen brings a fabric with special properties for bath towels. Organic linen is lighter than cotton of equal strength. Yet bath towels made from organic linen are just as absorbent and dry more quickly. The dense flax fibres simply channel moisture through. They also possess hypoallergenic, antiseptic and hygroscopic properties. The resilient linen fibre is also very long-lasting and abrasion-resistant, whether at the beach, in the sauna, on travels or at the gym. Not to forget the environmentally friendly and sustainable production of bath towels from organic linen, certified by the GOTS standard. Organic linen becomes softer and more supple with each wash. Bath towels made from organic linen-cotton blends are also very popular. They combine the best of both fabrics in one. Whether bath towels made from pure European organic linen or bath towels from linen-cotton blends, they impress with their material properties as well as their style and elegance.<\/p>\n<h3>The Weaving Mill<\/h3>\n<p><a href=\"https:\/\/linen.eu\/brand\/libeco\/\">Libeco<\/a> received the accolade of the Belgian Royal House in 2006: &#8220;Belgian Royal Warrant Holder&#8221; is the impressive recognition of the quality of these textiles. The &#8220;Belgian Linen&#8221; quality seal guarantees a quality product made according to all the rules of sustainable business. All fabrics by Libeco carry the coveted &#8220;Masters of Linen&#8221; label. This guarantees that the fabrics have been tested to the extremely high standards of this master class and that they are manufactured exclusively in Europe. &#8220;Eco Line&#8221; and &#8220;Oeko-Tex&#8221; provide the assurance that Libeco fabrics are free from harmful substances and have not been chemically treated, bleached or dyed.<\/p>\n<h3>The Product: Simi Linen Terry Towel for the Bathroom Optic White by <a href=\"https:\/\/linen.eu\/brand\/libeco\/\">Libeco<\/a><\/h3>\n<p>Available as bath towel, terry hand towel and wash cloth and terry mitt<br \/>\n60% linen, 40% long-staple cotton, washed. Heavy quality of 600 grams per square metre, produced CO\u2082-neutral<br \/>\nWeave: Plain weave with cotton<br \/>\nPattern: Optic White<br \/>\nMasters of Linen quality.<br \/>\nMade in Belgium.<\/p>\n<h3>Care Instructions<\/h3>\n<p>Coloured linen can be washed at up to 60\u00b0C, white at up to 95\u00b0C. As with all materials, the same applies to linen: washing at lower temperatures extends its life. What linen cannot tolerate are detergents with optical brighteners \u2013 they bleach out the natural colours significantly and the fabric becomes pale. Creasing: linen needs sufficient residual moisture so that it does not crease too much. Do not overload the machine so that the fabric can move freely, and do not spin linen laundry too hard or too long. If you wish to iron linen, iron the pieces on the hot linen setting of your iron while they are still slightly damp. Even though it may be convenient: avoid drying linen in the tumble dryer. Over-drying can cause shrinkage.<\/p>\n","protected":false},"excerpt":{"rendered":"<ul>\n<li><strong>60% organic linen, 40% cotton terry<\/strong> \u2013 the combination unites absorbency and lightness. Dries faster than pure cotton terry<\/li>\n<li><strong>Naturally vitalising<\/strong> \u2013 linen gives the skin gentle impulses. A bath towel that extends the feeling of well-being after a shower<\/li>\n<li><strong>Optic White, brilliantly pure<\/strong> \u2013 elegant design for a pristine bathroom. Long-staple cotton provides softness<\/li>\n<li><strong>Produced CO\u2082-neutral in Belgium<\/strong> \u2013 Masters of Linen quality, Belgian flax. Libeco since 1858, Royal Warrant<\/li>\n<li><strong>Easy-care and long-lasting<\/strong> \u2013 machine-washable at 60\u00b0C. Retains shape, colour and absorbency for years<\/li>\n<\/ul>\n","protected":false},"featured_media":139002,"comment_status":"open","ping_status":"closed","template":"","meta":{"_acf_changed":false},"product_brand":[4801,4806],"product_cat":[3844],"product_tag":[3640,3731,5629],"class_list":{"0":"post-139010","1":"product","2":"type-product","3":"status-publish","4":"has-post-thumbnail","6":"product_brand-libeco","7":"product_brand-libeco-linen-frontier","8":"product_cat-kitchen-and-bath","9":"product_tag-all-year","10":"product_tag-natural-fiber","11":"product_tag-bath-towel","13":"first","14":"instock","15":"taxable","16":"shipping-taxable","17":"purchasable","18":"product-type-variable"},"acf":[],"yoast_head":"<!-- This site is optimized with the Yoast SEO Premium plugin v27.5 (Yoast SEO v27.5) - https:\/\/yoast.com\/product\/yoast-seo-premium-wordpress\/ -->\n<title>Simi linen terry towel Optic White from Libeco - Linen Lounge<\/title>\n<meta name=\"description\" content=\"Simi Leinenfrottier f\u00fcrs Bad Optic White von Libeco \u271a Traditionelle echte Leinenweberei \u271a Gewebt und gen\u00e4ht in Belgien \u27a4 Jetzt einfach online kaufen\" \/>\n<meta name=\"robots\" content=\"index, follow, max-snippet:-1, max-image-preview:large, max-video-preview:-1\" \/>\n<link rel=\"canonical\" href=\"https:\/\/linen.eu\/en\/produkt\/simi-linen-terry-towel-optic-white-from-libeco\/\" \/>\n<meta property=\"og:locale\" content=\"en_US\" \/>\n<meta property=\"og:type\" content=\"article\" \/>\n<meta property=\"og:title\" content=\"Simi linen terry towel Optic White from Libeco\" \/>\n<meta property=\"og:description\" content=\"Simi Leinenfrottier f\u00fcrs Bad Optic White von Libeco \u271a Traditionelle echte Leinenweberei \u271a Gewebt und gen\u00e4ht in Belgien \u27a4 Jetzt einfach online kaufen\" \/>\n<meta property=\"og:url\" content=\"https:\/\/linen.eu\/en\/produkt\/simi-linen-terry-towel-optic-white-from-libeco\/\" \/>\n<meta property=\"og:site_name\" content=\"Linen.eu\" \/>\n<meta property=\"article:publisher\" content=\"https:\/\/linen.eu\" \/>\n<meta property=\"article:modified_time\" content=\"2026-03-16T12:59:35+00:00\" \/>\n<meta property=\"og:image\" content=\"https:\/\/linen.eu\/wp-content\/uploads\/2026\/03\/Simi-jan-2019-02-q.jpg\" \/>\n\t<meta property=\"og:image:width\" content=\"1600\" \/>\n\t<meta property=\"og:image:height\" content=\"1200\" \/>\n\t<meta property=\"og:image:type\" content=\"image\/jpeg\" \/>\n<meta name=\"twitter:card\" content=\"summary_large_image\" \/>\n<meta name=\"twitter:site\" content=\"@linenlounge\" \/>\n<meta name=\"twitter:label1\" content=\"Availability\" \/>\n\t<meta name=\"twitter:data1\" content=\"In stock\" \/>\n<script type=\"application\/ld+json\" class=\"yoast-schema-graph\">{\"@context\":\"https:\\\/\\\/schema.org\",\"@graph\":[{\"@type\":\"WebPage\",\"@id\":\"https:\\\/\\\/linen.eu\\\/en\\\/produkt\\\/simi-linen-terry-towel-optic-white-from-libeco\\\/\",\"url\":\"https:\\\/\\\/linen.eu\\\/en\\\/produkt\\\/simi-linen-terry-towel-optic-white-from-libeco\\\/\",\"name\":\"Simi linen terry towel Optic White from Libeco - Linen Lounge\",\"isPartOf\":{\"@id\":\"https:\\\/\\\/linen.eu\\\/en\\\/#website\"},\"primaryImageOfPage\":{\"@id\":\"https:\\\/\\\/linen.eu\\\/en\\\/produkt\\\/simi-linen-terry-towel-optic-white-from-libeco\\\/#primaryimage\"},\"image\":{\"@id\":\"https:\\\/\\\/linen.eu\\\/en\\\/produkt\\\/simi-linen-terry-towel-optic-white-from-libeco\\\/#primaryimage\"},\"thumbnailUrl\":\"https:\\\/\\\/linen.eu\\\/wp-content\\\/uploads\\\/2026\\\/03\\\/Simi-jan-2019-02-q.jpg\",\"datePublished\":\"2025-07-18T08:11:31+00:00\",\"dateModified\":\"2026-03-16T12:59:35+00:00\",\"description\":\"Simi Leinenfrottier f\u00fcrs Bad Optic White von Libeco \u271a Traditionelle echte Leinenweberei \u271a Gewebt und gen\u00e4ht in Belgien \u27a4 Jetzt einfach online kaufen\",\"breadcrumb\":{\"@id\":\"https:\\\/\\\/linen.eu\\\/en\\\/produkt\\\/simi-linen-terry-towel-optic-white-from-libeco\\\/#breadcrumb\"},\"inLanguage\":\"en-US\",\"potentialAction\":[{\"@type\":\"ReadAction\",\"target\":[\"https:\\\/\\\/linen.eu\\\/en\\\/produkt\\\/simi-linen-terry-towel-optic-white-from-libeco\\\/\"]}]},{\"@type\":\"ImageObject\",\"inLanguage\":\"en-US\",\"@id\":\"https:\\\/\\\/linen.eu\\\/en\\\/produkt\\\/simi-linen-terry-towel-optic-white-from-libeco\\\/#primaryimage\",\"url\":\"https:\\\/\\\/linen.eu\\\/wp-content\\\/uploads\\\/2026\\\/03\\\/Simi-jan-2019-02-q.jpg\",\"contentUrl\":\"https:\\\/\\\/linen.eu\\\/wp-content\\\/uploads\\\/2026\\\/03\\\/Simi-jan-2019-02-q.jpg\",\"width\":1600,\"height\":1200,\"caption\":\"Eine Nahaufnahme von ordentlich gefalteten wei\u00dfen Handt\u00fcchern, die \u00fcbereinander gestapelt sind und deren weiches, strukturiertes Gewebe zur Geltung kommt.\"},{\"@type\":\"BreadcrumbList\",\"@id\":\"https:\\\/\\\/linen.eu\\\/en\\\/produkt\\\/simi-linen-terry-towel-optic-white-from-libeco\\\/#breadcrumb\",\"itemListElement\":[{\"@type\":\"ListItem\",\"position\":1,\"name\":\"Startseite\",\"item\":\"https:\\\/\\\/linen.eu\\\/en\\\/home\\\/\"},{\"@type\":\"ListItem\",\"position\":2,\"name\":\"Shop\",\"item\":\"https:\\\/\\\/linen.eu\\\/en\\\/shop\\\/\"},{\"@type\":\"ListItem\",\"position\":3,\"name\":\"Simi linen terry towel Optic White from Libeco\"}]},{\"@type\":\"WebSite\",\"@id\":\"https:\\\/\\\/linen.eu\\\/en\\\/#website\",\"url\":\"https:\\\/\\\/linen.eu\\\/en\\\/\",\"name\":\"Linen Lounge\",\"description\":\"\",\"publisher\":{\"@id\":\"https:\\\/\\\/linen.eu\\\/en\\\/#organization\"},\"potentialAction\":[{\"@type\":\"SearchAction\",\"target\":{\"@type\":\"EntryPoint\",\"urlTemplate\":\"https:\\\/\\\/linen.eu\\\/en\\\/?s={search_term_string}\"},\"query-input\":{\"@type\":\"PropertyValueSpecification\",\"valueRequired\":true,\"valueName\":\"search_term_string\"}}],\"inLanguage\":\"en-US\"},{\"@type\":\"Organization\",\"@id\":\"https:\\\/\\\/linen.eu\\\/en\\\/#organization\",\"name\":\"Linen Lounge\",\"alternateName\":\"linen.eu\",\"url\":\"https:\\\/\\\/linen.eu\\\/en\\\/\",\"logo\":{\"@type\":\"ImageObject\",\"inLanguage\":\"en-US\",\"@id\":\"https:\\\/\\\/linen.eu\\\/en\\\/#\\\/schema\\\/logo\\\/image\\\/\",\"url\":\"https:\\\/\\\/linen.eu\\\/wp-content\\\/uploads\\\/2025\\\/10\\\/LinenLounge-NEU2.webp\",\"contentUrl\":\"https:\\\/\\\/linen.eu\\\/wp-content\\\/uploads\\\/2025\\\/10\\\/LinenLounge-NEU2.webp\",\"width\":1800,\"height\":455,\"caption\":\"Linen Lounge\"},\"image\":{\"@id\":\"https:\\\/\\\/linen.eu\\\/en\\\/#\\\/schema\\\/logo\\\/image\\\/\"},\"sameAs\":[\"https:\\\/\\\/linen.eu\",\"https:\\\/\\\/x.com\\\/linenlounge\",\"https:\\\/\\\/www.instagram.com\\\/linen.lounge?igsh=MW81aGhiY2VxZGRpMw==&utm_source=qr\",\"http:\\\/\\\/www.youtube.com\\\/@Linenlounge\"],\"description\":\"Online Fachhandel f\u00fcr europ\u00e4ische Leinen-Bettw\u00e4sche und Heimtextilien aus traditionellen Webereien wie Leitner Leinen, Schlitzer Leinen, Libeco, Vieb\u00f6ck und Hoffmann.\",\"email\":\"info@linen.eu\",\"telephone\":\"+49 (0) 69 90738860\",\"legalName\":\"Linen UG (haftungsbeschr\u00e4nkt)\",\"foundingDate\":\"2015-04-08\",\"numberOfEmployees\":{\"@type\":\"QuantitativeValue\",\"minValue\":\"1\",\"maxValue\":\"10\"}}]}<\/script>\n<meta property=\"product:brand\" content=\"Libeco\" \/>\n<meta property=\"og:availability\" content=\"instock\" \/>\n<meta property=\"product:availability\" content=\"instock\" \/>\n<meta property=\"product:retailer_item_id\" content=\"111102045010\" \/>\n<meta property=\"product:condition\" content=\"new\" \/>\n<!-- \/ Yoast SEO Premium plugin. -->","yoast_head_json":{"title":"Simi linen terry towel Optic White from Libeco - Linen Lounge","description":"Simi Leinenfrottier f\u00fcrs Bad Optic White von Libeco \u271a Traditionelle echte Leinenweberei \u271a Gewebt und gen\u00e4ht in Belgien \u27a4 Jetzt einfach online kaufen","robots":{"index":"index","follow":"follow","max-snippet":"max-snippet:-1","max-image-preview":"max-image-preview:large","max-video-preview":"max-video-preview:-1"},"canonical":"https:\/\/linen.eu\/en\/produkt\/simi-linen-terry-towel-optic-white-from-libeco\/","og_locale":"en_US","og_type":"article","og_title":"Simi linen terry towel Optic White from Libeco","og_description":"Simi Leinenfrottier f\u00fcrs Bad Optic White von Libeco \u271a Traditionelle echte Leinenweberei \u271a Gewebt und gen\u00e4ht in Belgien \u27a4 Jetzt einfach online kaufen","og_url":"https:\/\/linen.eu\/en\/produkt\/simi-linen-terry-towel-optic-white-from-libeco\/","og_site_name":"Linen.eu","article_publisher":"https:\/\/linen.eu","article_modified_time":"2026-03-16T12:59:35+00:00","og_image":[{"width":1600,"height":1200,"url":"https:\/\/linen.eu\/wp-content\/uploads\/2026\/03\/Simi-jan-2019-02-q.jpg","type":"image\/jpeg"}],"twitter_card":"summary_large_image","twitter_site":"@linenlounge","twitter_misc":{"Availability":"In stock"},"schema":{"@context":"https:\/\/schema.org","@graph":[{"@type":"WebPage","@id":"https:\/\/linen.eu\/en\/produkt\/simi-linen-terry-towel-optic-white-from-libeco\/","url":"https:\/\/linen.eu\/en\/produkt\/simi-linen-terry-towel-optic-white-from-libeco\/","name":"Simi linen terry towel Optic White from Libeco - Linen Lounge","isPartOf":{"@id":"https:\/\/linen.eu\/en\/#website"},"primaryImageOfPage":{"@id":"https:\/\/linen.eu\/en\/produkt\/simi-linen-terry-towel-optic-white-from-libeco\/#primaryimage"},"image":{"@id":"https:\/\/linen.eu\/en\/produkt\/simi-linen-terry-towel-optic-white-from-libeco\/#primaryimage"},"thumbnailUrl":"https:\/\/linen.eu\/wp-content\/uploads\/2026\/03\/Simi-jan-2019-02-q.jpg","datePublished":"2025-07-18T08:11:31+00:00","dateModified":"2026-03-16T12:59:35+00:00","description":"Simi Leinenfrottier f\u00fcrs Bad Optic White von Libeco \u271a Traditionelle echte Leinenweberei \u271a Gewebt und gen\u00e4ht in Belgien \u27a4 Jetzt einfach online kaufen","breadcrumb":{"@id":"https:\/\/linen.eu\/en\/produkt\/simi-linen-terry-towel-optic-white-from-libeco\/#breadcrumb"},"inLanguage":"en-US","potentialAction":[{"@type":"ReadAction","target":["https:\/\/linen.eu\/en\/produkt\/simi-linen-terry-towel-optic-white-from-libeco\/"]}]},{"@type":"ImageObject","inLanguage":"en-US","@id":"https:\/\/linen.eu\/en\/produkt\/simi-linen-terry-towel-optic-white-from-libeco\/#primaryimage","url":"https:\/\/linen.eu\/wp-content\/uploads\/2026\/03\/Simi-jan-2019-02-q.jpg","contentUrl":"https:\/\/linen.eu\/wp-content\/uploads\/2026\/03\/Simi-jan-2019-02-q.jpg","width":1600,"height":1200,"caption":"Eine Nahaufnahme von ordentlich gefalteten wei\u00dfen Handt\u00fcchern, die \u00fcbereinander gestapelt sind und deren weiches, strukturiertes Gewebe zur Geltung kommt."},{"@type":"BreadcrumbList","@id":"https:\/\/linen.eu\/en\/produkt\/simi-linen-terry-towel-optic-white-from-libeco\/#breadcrumb","itemListElement":[{"@type":"ListItem","position":1,"name":"Startseite","item":"https:\/\/linen.eu\/en\/home\/"},{"@type":"ListItem","position":2,"name":"Shop","item":"https:\/\/linen.eu\/en\/shop\/"},{"@type":"ListItem","position":3,"name":"Simi linen terry towel Optic White from Libeco"}]},{"@type":"WebSite","@id":"https:\/\/linen.eu\/en\/#website","url":"https:\/\/linen.eu\/en\/","name":"Linen Lounge","description":"","publisher":{"@id":"https:\/\/linen.eu\/en\/#organization"},"potentialAction":[{"@type":"SearchAction","target":{"@type":"EntryPoint","urlTemplate":"https:\/\/linen.eu\/en\/?s={search_term_string}"},"query-input":{"@type":"PropertyValueSpecification","valueRequired":true,"valueName":"search_term_string"}}],"inLanguage":"en-US"},{"@type":"Organization","@id":"https:\/\/linen.eu\/en\/#organization","name":"Linen Lounge","alternateName":"linen.eu","url":"https:\/\/linen.eu\/en\/","logo":{"@type":"ImageObject","inLanguage":"en-US","@id":"https:\/\/linen.eu\/en\/#\/schema\/logo\/image\/","url":"https:\/\/linen.eu\/wp-content\/uploads\/2025\/10\/LinenLounge-NEU2.webp","contentUrl":"https:\/\/linen.eu\/wp-content\/uploads\/2025\/10\/LinenLounge-NEU2.webp","width":1800,"height":455,"caption":"Linen Lounge"},"image":{"@id":"https:\/\/linen.eu\/en\/#\/schema\/logo\/image\/"},"sameAs":["https:\/\/linen.eu","https:\/\/x.com\/linenlounge","https:\/\/www.instagram.com\/linen.lounge?igsh=MW81aGhiY2VxZGRpMw==&utm_source=qr","http:\/\/www.youtube.com\/@Linenlounge"],"description":"Online Fachhandel f\u00fcr europ\u00e4ische Leinen-Bettw\u00e4sche und Heimtextilien aus traditionellen Webereien wie Leitner Leinen, Schlitzer Leinen, Libeco, Vieb\u00f6ck und Hoffmann.","email":"info@linen.eu","telephone":"+49 (0) 69 90738860","legalName":"Linen UG (haftungsbeschr\u00e4nkt)","foundingDate":"2015-04-08","numberOfEmployees":{"@type":"QuantitativeValue","minValue":"1","maxValue":"10"}}]},"product_brand":"Libeco","og_availability":"instock","product_availability":"instock","product_retailer_item_id":"111102045010","product_condition":"new"},"_links":{"self":[{"href":"https:\/\/linen.eu\/en\/wp-json\/wp\/v2\/product\/139010","targetHints":{"allow":["GET"]}}],"collection":[{"href":"https:\/\/linen.eu\/en\/wp-json\/wp\/v2\/product"}],"about":[{"href":"https:\/\/linen.eu\/en\/wp-json\/wp\/v2\/types\/product"}],"replies":[{"embeddable":true,"href":"https:\/\/linen.eu\/en\/wp-json\/wp\/v2\/comments?post=139010"}],"wp:featuredmedia":[{"embeddable":true,"href":"https:\/\/linen.eu\/en\/wp-json\/wp\/v2\/media\/139002"}],"wp:attachment":[{"href":"https:\/\/linen.eu\/en\/wp-json\/wp\/v2\/media?parent=139010"}],"wp:term":[{"taxonomy":"product_brand","embeddable":true,"href":"https:\/\/linen.eu\/en\/wp-json\/wp\/v2\/product_brand?post=139010"},{"taxonomy":"product_cat","embeddable":true,"href":"https:\/\/linen.eu\/en\/wp-json\/wp\/v2\/product_cat?post=139010"},{"taxonomy":"product_tag","embeddable":true,"href":"https:\/\/linen.eu\/en\/wp-json\/wp\/v2\/product_tag?post=139010"}],"curies":[{"name":"wp","href":"https:\/\/api.w.org\/{rel}","templated":true}]}}