{"id":139039,"date":"2025-07-18T10:15:23","date_gmt":"2025-07-18T08:15:23","guid":{"rendered":"https:\/\/linen.eu\/produkt\/dock-green-stripe-pure-linen-for-the-kitchen-from-libeco\/"},"modified":"2026-04-13T11:09:25","modified_gmt":"2026-04-13T09:09:25","slug":"dock-green-stripe-pure-linen-for-the-kitchen-from-libeco","status":"publish","type":"product","link":"https:\/\/linen.eu\/en\/produkt\/dock-green-stripe-pure-linen-for-the-kitchen-from-libeco\/","title":{"rendered":"Dock Green Stripe &#8211; pure linen for the kitchen from Libeco"},"content":{"rendered":"<h2>&#8220;Dock Green Stripe \u2013 Pure Linen for the Kitchen by Libeco&#8221;<\/h2>\n<p>Dock Green Stripe \u2013 Pure Linen for the Kitchen by Libeco \u2013 quite cool with a stonewash look&#8230; The designer says: &#8220;The docks of the French coastal town Camaret provided the inspiration for this collection. This new member of the Libeco kitchen towel family with its robust construction is already a classic.&#8221;<\/p>\n<h3>Kitchen towels made from organic linen<\/h3>\n<p>Known as &#8220;pit towels&#8221; (Grubentuecher), kitchen towels made from linen or half-linen have had a remarkable career in German gastronomy. But first they were an integral part of every miner&#8217;s equipment. Today, more and more households feature kitchen towels made from organic linen. They simply impress with their properties: dirt-repellent, quick-drying, hypoallergenic and antibacterial. Whether in the classic small check pattern in black-and-white or blue-and-white, or in the typical muted solid linen colours \u2013 kitchen towels made from organic linen are reliable and long-lasting helpers in every kitchen. Among their many advantages is of course their environmental friendliness and sustainability. Organic flax cultivation takes place entirely without the use of pesticides or chemical fertilisers. The strong and very dense flax fibre makes kitchen towels from organic linen exceptionally durable kitchen helpers that only become more beautiful over time. We guarantee this through the GOTS standard, which certifies our kitchen towels from European organic linen.<\/p>\n<h3>The Weaving Mill<\/h3>\n<p><a href=\"https:\/\/linen.eu\/brand\/libeco\/\">Libeco<\/a> received the accolade of the Belgian Royal House in 2006: &#8220;Belgian Royal Warrant Holder&#8221; is the impressive recognition of the quality of these textiles. The &#8220;Belgian Linen&#8221; quality seal guarantees a quality product made according to all the rules of sustainable business. All fabrics by Libeco carry the coveted &#8220;Masters of Linen&#8221; label. This guarantees that the fabrics have been tested to the extremely high standards of this master class and that they are manufactured exclusively in Europe. &#8220;Eco Line&#8221; and &#8220;Oeko-Tex&#8221; provide the assurance that Libeco fabrics are free from harmful substances and have not been chemically treated, bleached or dyed.<\/p>\n<h3>The Product: Dock Green Stripe \u2013 Pure Linen for the Kitchen by <a href=\"https:\/\/linen.eu\/brand\/libeco\/\">Libeco<\/a><\/h3>\n<p>Available as kitchen towel<br \/>\n100% pure linen, washed. Medium-weight quality of 240 grams per square metre, produced CO\u2082-neutral<br \/>\nWeave: Plain weave<br \/>\nYarn count: Nm 58<br \/>\nPattern: Stripes on solid<br \/>\nMasters of Linen quality.<br \/>\nMade in Belgium.<\/p>\n<h3>Care Instructions<\/h3>\n<p>Coloured linen can be washed at up to 60\u00b0C, white at up to 95\u00b0C. As with all materials, the same applies to linen: washing at lower temperatures extends its life. What linen cannot tolerate are detergents with optical brighteners \u2013 they bleach out the natural colours significantly and the fabric becomes pale. Creasing: linen needs sufficient residual moisture so that it does not crease too much. Do not overload the machine so that the fabric can move freely, and do not spin linen laundry too hard or too long. If you wish to iron linen, iron the pieces on the hot linen setting of your iron while they are still slightly damp. Even though it may be convenient: avoid drying linen in the tumble dryer. Over-drying can cause shrinkage.<\/p>\n","protected":false},"excerpt":{"rendered":"<ul>\n<li><strong>Inspired by the docks of Camaret<\/strong> \u2013 the harbours of the French coastal town provided the inspiration. Green stripe on a linen base<\/li>\n<li><strong>240 g\/m\u00b2 washed pure linen<\/strong> \u2013 robust construction with a stonewash look. Streak-free when drying dishes<\/li>\n<li><strong>Woven CO\u2082-neutral in Belgium<\/strong> \u2013 Masters of Linen quality, Belgian flax. Libeco since 1858 with Royal Warrant<\/li>\n<li><strong>Dirt-repellent and quick-drying<\/strong> \u2013 linen naturally inhibits bacteria. Hygienic without chemical treatment<\/li>\n<li><strong>70&#215;70 cm, set of 6<\/strong> \u2013 generous format for kitchen and household. A classic that lasts for decades<\/li>\n<\/ul>\n","protected":false},"featured_media":139034,"comment_status":"open","ping_status":"closed","template":"","meta":{"_acf_changed":false},"product_brand":[4805,4801],"product_cat":[3844,4073],"product_tag":[3640,3641,3642,3643],"class_list":{"0":"post-139039","1":"product","2":"type-product","3":"status-publish","4":"has-post-thumbnail","6":"product_brand-libeco-tea-towels","7":"product_brand-libeco","8":"product_cat-kitchen-and-bath","9":"product_cat-linen-tea-towels","10":"product_tag-all-year","11":"product_tag-linen","12":"product_tag-linen-napkin","13":"product_tag-linen-tablecloth","15":"first","16":"instock","17":"taxable","18":"shipping-taxable","19":"purchasable","20":"product-type-variable"},"acf":[],"yoast_head":"<!-- This site is optimized with the Yoast SEO Premium plugin v27.4 (Yoast SEO v27.4) - https:\/\/yoast.com\/product\/yoast-seo-premium-wordpress\/ -->\n<title>Dock Green Stripe - kitchen linen from Libeco - Linen.eu<\/title>\n<meta name=\"description\" content=\"Dock Green Stripe - reines Leinen f\u00fcr die K\u00fcche von Libeco \u271a Traditionelle echte Leinenweberei \u271a Gewebt und gen\u00e4ht in Belgien \u27a4 Jetzt einfach online kaufen\" \/>\n<meta name=\"robots\" content=\"index, follow, max-snippet:-1, max-image-preview:large, max-video-preview:-1\" \/>\n<link rel=\"canonical\" href=\"https:\/\/linen.eu\/en\/produkt\/dock-green-stripe-pure-linen-for-the-kitchen-from-libeco\/\" \/>\n<meta property=\"og:locale\" content=\"en_US\" \/>\n<meta property=\"og:type\" content=\"article\" \/>\n<meta property=\"og:title\" content=\"Dock Green Stripe - pure linen for the kitchen from Libeco\" \/>\n<meta property=\"og:description\" content=\"Dock Green Stripe - reines Leinen f\u00fcr die K\u00fcche von Libeco \u271a Traditionelle echte Leinenweberei \u271a Gewebt und gen\u00e4ht in Belgien \u27a4 Jetzt einfach online kaufen\" \/>\n<meta property=\"og:url\" content=\"https:\/\/linen.eu\/en\/produkt\/dock-green-stripe-pure-linen-for-the-kitchen-from-libeco\/\" \/>\n<meta property=\"og:site_name\" content=\"Linen.eu\" \/>\n<meta property=\"article:publisher\" content=\"https:\/\/linen.eu\" \/>\n<meta property=\"article:modified_time\" content=\"2026-04-13T09:09:25+00:00\" \/>\n<meta property=\"og:image\" content=\"https:\/\/linen.eu\/wp-content\/uploads\/2026\/03\/Dock-jan-2023-03-q01.jpeg\" \/>\n\t<meta property=\"og:image:width\" content=\"1600\" \/>\n\t<meta property=\"og:image:height\" content=\"1200\" \/>\n\t<meta property=\"og:image:type\" content=\"image\/jpeg\" \/>\n<meta name=\"twitter:card\" content=\"summary_large_image\" \/>\n<meta name=\"twitter:site\" content=\"@linenlounge\" \/>\n<meta name=\"twitter:label1\" content=\"Availability\" \/>\n\t<meta name=\"twitter:data1\" content=\"In stock\" \/>\n<script type=\"application\/ld+json\" class=\"yoast-schema-graph\">{\"@context\":\"https:\\\/\\\/schema.org\",\"@graph\":[{\"@type\":\"WebPage\",\"@id\":\"https:\\\/\\\/linen.eu\\\/en\\\/produkt\\\/dock-green-stripe-pure-linen-for-the-kitchen-from-libeco\\\/\",\"url\":\"https:\\\/\\\/linen.eu\\\/en\\\/produkt\\\/dock-green-stripe-pure-linen-for-the-kitchen-from-libeco\\\/\",\"name\":\"Dock Green Stripe - kitchen linen from Libeco - Linen.eu\",\"isPartOf\":{\"@id\":\"https:\\\/\\\/linen.eu\\\/en\\\/#website\"},\"primaryImageOfPage\":{\"@id\":\"https:\\\/\\\/linen.eu\\\/en\\\/produkt\\\/dock-green-stripe-pure-linen-for-the-kitchen-from-libeco\\\/#primaryimage\"},\"image\":{\"@id\":\"https:\\\/\\\/linen.eu\\\/en\\\/produkt\\\/dock-green-stripe-pure-linen-for-the-kitchen-from-libeco\\\/#primaryimage\"},\"thumbnailUrl\":\"https:\\\/\\\/linen.eu\\\/wp-content\\\/uploads\\\/2026\\\/03\\\/Dock-jan-2023-03-q01.jpeg\",\"datePublished\":\"2025-07-18T08:15:23+00:00\",\"dateModified\":\"2026-04-13T09:09:25+00:00\",\"description\":\"Dock Green Stripe - reines Leinen f\u00fcr die K\u00fcche von Libeco \u271a Traditionelle echte Leinenweberei \u271a Gewebt und gen\u00e4ht in Belgien \u27a4 Jetzt einfach online kaufen\",\"breadcrumb\":{\"@id\":\"https:\\\/\\\/linen.eu\\\/en\\\/produkt\\\/dock-green-stripe-pure-linen-for-the-kitchen-from-libeco\\\/#breadcrumb\"},\"inLanguage\":\"en-US\",\"potentialAction\":[{\"@type\":\"ReadAction\",\"target\":[\"https:\\\/\\\/linen.eu\\\/en\\\/produkt\\\/dock-green-stripe-pure-linen-for-the-kitchen-from-libeco\\\/\"]}]},{\"@type\":\"ImageObject\",\"inLanguage\":\"en-US\",\"@id\":\"https:\\\/\\\/linen.eu\\\/en\\\/produkt\\\/dock-green-stripe-pure-linen-for-the-kitchen-from-libeco\\\/#primaryimage\",\"url\":\"https:\\\/\\\/linen.eu\\\/wp-content\\\/uploads\\\/2026\\\/03\\\/Dock-jan-2023-03-q01.jpeg\",\"contentUrl\":\"https:\\\/\\\/linen.eu\\\/wp-content\\\/uploads\\\/2026\\\/03\\\/Dock-jan-2023-03-q01.jpeg\",\"width\":1600,\"height\":1200,\"caption\":\"Eine Person in einem pfirsichfarbenen Pullover und einer cremefarbenen Hose h\u00e4lt zwei bunt gestreifte, wiederverwendbare Taschen - eine mit dem Design Dock Green Stripe - reines Leinen f\u00fcr die K\u00fcche von Libeco. Darunter ist ein gemusterter Fliesenboden zu sehen.\"},{\"@type\":\"BreadcrumbList\",\"@id\":\"https:\\\/\\\/linen.eu\\\/en\\\/produkt\\\/dock-green-stripe-pure-linen-for-the-kitchen-from-libeco\\\/#breadcrumb\",\"itemListElement\":[{\"@type\":\"ListItem\",\"position\":1,\"name\":\"Startseite\",\"item\":\"https:\\\/\\\/linen.eu\\\/en\\\/home\\\/\"},{\"@type\":\"ListItem\",\"position\":2,\"name\":\"Shop\",\"item\":\"https:\\\/\\\/linen.eu\\\/en\\\/shop\\\/\"},{\"@type\":\"ListItem\",\"position\":3,\"name\":\"Dock Green Stripe &#8211; pure linen for the kitchen from Libeco\"}]},{\"@type\":\"WebSite\",\"@id\":\"https:\\\/\\\/linen.eu\\\/en\\\/#website\",\"url\":\"https:\\\/\\\/linen.eu\\\/en\\\/\",\"name\":\"Linen.eu\",\"description\":\"\",\"publisher\":{\"@id\":\"https:\\\/\\\/linen.eu\\\/en\\\/#organization\"},\"potentialAction\":[{\"@type\":\"SearchAction\",\"target\":{\"@type\":\"EntryPoint\",\"urlTemplate\":\"https:\\\/\\\/linen.eu\\\/en\\\/?s={search_term_string}\"},\"query-input\":{\"@type\":\"PropertyValueSpecification\",\"valueRequired\":true,\"valueName\":\"search_term_string\"}}],\"inLanguage\":\"en-US\"},{\"@type\":\"Organization\",\"@id\":\"https:\\\/\\\/linen.eu\\\/en\\\/#organization\",\"name\":\"Linen Lounge\",\"alternateName\":\"linen.eu\",\"url\":\"https:\\\/\\\/linen.eu\\\/en\\\/\",\"logo\":{\"@type\":\"ImageObject\",\"inLanguage\":\"en-US\",\"@id\":\"https:\\\/\\\/linen.eu\\\/en\\\/#\\\/schema\\\/logo\\\/image\\\/\",\"url\":\"https:\\\/\\\/linen.eu\\\/wp-content\\\/uploads\\\/2025\\\/10\\\/LinenLounge-NEU2.webp\",\"contentUrl\":\"https:\\\/\\\/linen.eu\\\/wp-content\\\/uploads\\\/2025\\\/10\\\/LinenLounge-NEU2.webp\",\"width\":1800,\"height\":455,\"caption\":\"Linen Lounge\"},\"image\":{\"@id\":\"https:\\\/\\\/linen.eu\\\/en\\\/#\\\/schema\\\/logo\\\/image\\\/\"},\"sameAs\":[\"https:\\\/\\\/linen.eu\",\"https:\\\/\\\/x.com\\\/linenlounge\",\"https:\\\/\\\/www.instagram.com\\\/linen.lounge?igsh=MW81aGhiY2VxZGRpMw==&utm_source=qr\",\"http:\\\/\\\/www.youtube.com\\\/@Linenlounge\"],\"description\":\"Online Fachhandel f\u00fcr europ\u00e4ische Leinen-Bettw\u00e4sche und Heimtextilien aus traditionellen Webereien wie Leitner Leinen, Schlitzer Leinen, Libeco, Vieb\u00f6ck und Hoffmann.\",\"email\":\"info@linen.eu\",\"telephone\":\"+49 (0) 69 90738860\",\"legalName\":\"Linen UG (haftungsbeschr\u00e4nkt)\",\"foundingDate\":\"2015-04-08\",\"numberOfEmployees\":{\"@type\":\"QuantitativeValue\",\"minValue\":\"1\",\"maxValue\":\"10\"}}]}<\/script>\n<meta property=\"product:brand\" content=\"Libeco Tea Towels\" \/>\n<meta property=\"og:availability\" content=\"instock\" \/>\n<meta property=\"product:availability\" content=\"instock\" \/>\n<meta property=\"product:retailer_item_id\" content=\"111102046323\" \/>\n<meta property=\"product:condition\" content=\"new\" \/>\n<!-- \/ Yoast SEO Premium plugin. -->","yoast_head_json":{"title":"Dock Green Stripe - kitchen linen from Libeco - Linen.eu","description":"Dock Green Stripe - reines Leinen f\u00fcr die K\u00fcche von Libeco \u271a Traditionelle echte Leinenweberei \u271a Gewebt und gen\u00e4ht in Belgien \u27a4 Jetzt einfach online kaufen","robots":{"index":"index","follow":"follow","max-snippet":"max-snippet:-1","max-image-preview":"max-image-preview:large","max-video-preview":"max-video-preview:-1"},"canonical":"https:\/\/linen.eu\/en\/produkt\/dock-green-stripe-pure-linen-for-the-kitchen-from-libeco\/","og_locale":"en_US","og_type":"article","og_title":"Dock Green Stripe - pure linen for the kitchen from Libeco","og_description":"Dock Green Stripe - reines Leinen f\u00fcr die K\u00fcche von Libeco \u271a Traditionelle echte Leinenweberei \u271a Gewebt und gen\u00e4ht in Belgien \u27a4 Jetzt einfach online kaufen","og_url":"https:\/\/linen.eu\/en\/produkt\/dock-green-stripe-pure-linen-for-the-kitchen-from-libeco\/","og_site_name":"Linen.eu","article_publisher":"https:\/\/linen.eu","article_modified_time":"2026-04-13T09:09:25+00:00","og_image":[{"width":1600,"height":1200,"url":"https:\/\/linen.eu\/wp-content\/uploads\/2026\/03\/Dock-jan-2023-03-q01.jpeg","type":"image\/jpeg"}],"twitter_card":"summary_large_image","twitter_site":"@linenlounge","twitter_misc":{"Availability":"In stock"},"schema":{"@context":"https:\/\/schema.org","@graph":[{"@type":"WebPage","@id":"https:\/\/linen.eu\/en\/produkt\/dock-green-stripe-pure-linen-for-the-kitchen-from-libeco\/","url":"https:\/\/linen.eu\/en\/produkt\/dock-green-stripe-pure-linen-for-the-kitchen-from-libeco\/","name":"Dock Green Stripe - kitchen linen from Libeco - Linen.eu","isPartOf":{"@id":"https:\/\/linen.eu\/en\/#website"},"primaryImageOfPage":{"@id":"https:\/\/linen.eu\/en\/produkt\/dock-green-stripe-pure-linen-for-the-kitchen-from-libeco\/#primaryimage"},"image":{"@id":"https:\/\/linen.eu\/en\/produkt\/dock-green-stripe-pure-linen-for-the-kitchen-from-libeco\/#primaryimage"},"thumbnailUrl":"https:\/\/linen.eu\/wp-content\/uploads\/2026\/03\/Dock-jan-2023-03-q01.jpeg","datePublished":"2025-07-18T08:15:23+00:00","dateModified":"2026-04-13T09:09:25+00:00","description":"Dock Green Stripe - reines Leinen f\u00fcr die K\u00fcche von Libeco \u271a Traditionelle echte Leinenweberei \u271a Gewebt und gen\u00e4ht in Belgien \u27a4 Jetzt einfach online kaufen","breadcrumb":{"@id":"https:\/\/linen.eu\/en\/produkt\/dock-green-stripe-pure-linen-for-the-kitchen-from-libeco\/#breadcrumb"},"inLanguage":"en-US","potentialAction":[{"@type":"ReadAction","target":["https:\/\/linen.eu\/en\/produkt\/dock-green-stripe-pure-linen-for-the-kitchen-from-libeco\/"]}]},{"@type":"ImageObject","inLanguage":"en-US","@id":"https:\/\/linen.eu\/en\/produkt\/dock-green-stripe-pure-linen-for-the-kitchen-from-libeco\/#primaryimage","url":"https:\/\/linen.eu\/wp-content\/uploads\/2026\/03\/Dock-jan-2023-03-q01.jpeg","contentUrl":"https:\/\/linen.eu\/wp-content\/uploads\/2026\/03\/Dock-jan-2023-03-q01.jpeg","width":1600,"height":1200,"caption":"Eine Person in einem pfirsichfarbenen Pullover und einer cremefarbenen Hose h\u00e4lt zwei bunt gestreifte, wiederverwendbare Taschen - eine mit dem Design Dock Green Stripe - reines Leinen f\u00fcr die K\u00fcche von Libeco. Darunter ist ein gemusterter Fliesenboden zu sehen."},{"@type":"BreadcrumbList","@id":"https:\/\/linen.eu\/en\/produkt\/dock-green-stripe-pure-linen-for-the-kitchen-from-libeco\/#breadcrumb","itemListElement":[{"@type":"ListItem","position":1,"name":"Startseite","item":"https:\/\/linen.eu\/en\/home\/"},{"@type":"ListItem","position":2,"name":"Shop","item":"https:\/\/linen.eu\/en\/shop\/"},{"@type":"ListItem","position":3,"name":"Dock Green Stripe &#8211; pure linen for the kitchen from Libeco"}]},{"@type":"WebSite","@id":"https:\/\/linen.eu\/en\/#website","url":"https:\/\/linen.eu\/en\/","name":"Linen.eu","description":"","publisher":{"@id":"https:\/\/linen.eu\/en\/#organization"},"potentialAction":[{"@type":"SearchAction","target":{"@type":"EntryPoint","urlTemplate":"https:\/\/linen.eu\/en\/?s={search_term_string}"},"query-input":{"@type":"PropertyValueSpecification","valueRequired":true,"valueName":"search_term_string"}}],"inLanguage":"en-US"},{"@type":"Organization","@id":"https:\/\/linen.eu\/en\/#organization","name":"Linen Lounge","alternateName":"linen.eu","url":"https:\/\/linen.eu\/en\/","logo":{"@type":"ImageObject","inLanguage":"en-US","@id":"https:\/\/linen.eu\/en\/#\/schema\/logo\/image\/","url":"https:\/\/linen.eu\/wp-content\/uploads\/2025\/10\/LinenLounge-NEU2.webp","contentUrl":"https:\/\/linen.eu\/wp-content\/uploads\/2025\/10\/LinenLounge-NEU2.webp","width":1800,"height":455,"caption":"Linen Lounge"},"image":{"@id":"https:\/\/linen.eu\/en\/#\/schema\/logo\/image\/"},"sameAs":["https:\/\/linen.eu","https:\/\/x.com\/linenlounge","https:\/\/www.instagram.com\/linen.lounge?igsh=MW81aGhiY2VxZGRpMw==&utm_source=qr","http:\/\/www.youtube.com\/@Linenlounge"],"description":"Online Fachhandel f\u00fcr europ\u00e4ische Leinen-Bettw\u00e4sche und Heimtextilien aus traditionellen Webereien wie Leitner Leinen, Schlitzer Leinen, Libeco, Vieb\u00f6ck und Hoffmann.","email":"info@linen.eu","telephone":"+49 (0) 69 90738860","legalName":"Linen UG (haftungsbeschr\u00e4nkt)","foundingDate":"2015-04-08","numberOfEmployees":{"@type":"QuantitativeValue","minValue":"1","maxValue":"10"}}]},"product_brand":"Libeco Tea Towels","og_availability":"instock","product_availability":"instock","product_retailer_item_id":"111102046323","product_condition":"new"},"_links":{"self":[{"href":"https:\/\/linen.eu\/en\/wp-json\/wp\/v2\/product\/139039","targetHints":{"allow":["GET"]}}],"collection":[{"href":"https:\/\/linen.eu\/en\/wp-json\/wp\/v2\/product"}],"about":[{"href":"https:\/\/linen.eu\/en\/wp-json\/wp\/v2\/types\/product"}],"replies":[{"embeddable":true,"href":"https:\/\/linen.eu\/en\/wp-json\/wp\/v2\/comments?post=139039"}],"wp:featuredmedia":[{"embeddable":true,"href":"https:\/\/linen.eu\/en\/wp-json\/wp\/v2\/media\/139034"}],"wp:attachment":[{"href":"https:\/\/linen.eu\/en\/wp-json\/wp\/v2\/media?parent=139039"}],"wp:term":[{"taxonomy":"product_brand","embeddable":true,"href":"https:\/\/linen.eu\/en\/wp-json\/wp\/v2\/product_brand?post=139039"},{"taxonomy":"product_cat","embeddable":true,"href":"https:\/\/linen.eu\/en\/wp-json\/wp\/v2\/product_cat?post=139039"},{"taxonomy":"product_tag","embeddable":true,"href":"https:\/\/linen.eu\/en\/wp-json\/wp\/v2\/product_tag?post=139039"}],"curies":[{"name":"wp","href":"https:\/\/api.w.org\/{rel}","templated":true}]}}