{"id":139079,"date":"2025-07-18T10:12:51","date_gmt":"2025-07-18T08:12:51","guid":{"rendered":"https:\/\/linen.eu\/produkt\/the-belgian-table-throw-ioulida-pure-linen-from-libeco\/"},"modified":"2026-04-13T11:09:20","modified_gmt":"2026-04-13T09:09:20","slug":"the-belgian-table-throw-ioulida-pure-linen-from-libeco","status":"publish","type":"product","link":"https:\/\/linen.eu\/en\/produkt\/the-belgian-table-throw-ioulida-pure-linen-from-libeco\/","title":{"rendered":"The Belgian Table Throw Ioulida pure linen from Libeco"},"content":{"rendered":"<h2>&#8220;The Belgian Table Throw Ioulida Pure Linen by Libeco&#8221;<\/h2>\n<p>The Belgian Table Throw Ioulida Pure Linen by Libeco. The designer says: &#8220;We present The Belgian Table Throw. We are particularly proud of this new product. The design is inspired by &#8216;The Belgian Towel&#8217; but specifically conceived as table linen. Thanks to the hard-wearing plain weave, this tablecloth can also be machine-washed. It does not cover the entire table, so that both the piece of furniture and the beautiful linen tablecloth come into their own. On the flax-coloured base, there are two stripes of different widths towards the ends in leather brown, blue and mustard yellow. The fringed edges at both ends complete the design.&#8221;<\/p>\n<h3>Tablecloths made from European organic linen<\/h3>\n<p>Linen tablecloths complement any dinnerware and table decoration with their unique appearance, whether the table is set for 2 or 20 guests. For a festive table, tablecloths made from linen are the first choice. The heavy fabric lies flat on the table surface and displays an extremely elegant drape at the sides. Tablecloths and table runners made from linen combine beautifully in muted colours or naturally in classic white. Linen tablecloths are quite resistant to stains. The smooth and dense fibre repels dirt and is easy to clean. The purely mechanically treated fabric for tablecloths and table runners made from European organic linen has a very pleasant hand feel and at the same time impresses with its absolute sustainability, certified by the GOTS standard. Napkins made from organic linen complete the perfect setting for a festive or everyday table.<\/p>\n<h3>The Weaving Mill<\/h3>\n<p><a href=\"https:\/\/linen.eu\/brand\/libeco\/\">Libeco<\/a> received the accolade of the Belgian Royal House in 2006: &#8220;Belgian Royal Warrant Holder&#8221; is the impressive recognition of the quality of these textiles. The &#8220;Belgian Linen&#8221; quality seal guarantees a quality product made according to all the rules of sustainable business. All fabrics by Libeco carry the coveted &#8220;Masters of Linen&#8221; label. This guarantees that the fabrics have been tested to the extremely high standards of this master class and that they are manufactured exclusively in Europe. &#8220;Eco Line&#8221; and &#8220;Oeko-Tex&#8221; provide the assurance that Libeco fabrics are free from harmful substances and have not been chemically treated, bleached or dyed.<\/p>\n<h3>The Product: The Belgian Table Throw Ioulida Pure Linen by <a href=\"https:\/\/linen.eu\/brand\/libeco\/\">Libeco<\/a><\/h3>\n<p>Available as tablecloth and napkin<br \/>\n100% linen, washed. Heavy quality of 380 grams per square metre, produced CO\u2082-neutral<br \/>\nWeave: Plain weave<br \/>\nYarn count: Nm 58<br \/>\nPattern: Stripes on solid background<br \/>\nMasters of Linen quality.<br \/>\nMade in Belgium.<\/p>\n<h3>Care Instructions<\/h3>\n<p>Coloured linen can be washed at up to 60\u00b0C, white at up to 95\u00b0C. As with all materials, the same applies to linen: washing at lower temperatures extends its life. What linen cannot tolerate are detergents with optical brighteners \u2013 they bleach out the natural colours significantly and the fabric becomes pale. Creasing: linen needs sufficient residual moisture so that it does not crease too much. Do not overload the machine so that the fabric can move freely, and do not spin linen laundry too hard or too long. If you wish to iron linen, iron the pieces on the hot temperature setting of your iron while they are still slightly damp. Even though it may be convenient: avoid drying linen in the tumble dryer. Over-drying can cause shrinkage.<\/p>\n","protected":false},"excerpt":{"rendered":"<ul>\n<li><strong>Inspired by The Belgian Towel<\/strong> \u2013 specially designed as table linen. Wide stripes in leather brown, blue and mustard yellow<\/li>\n<li><strong>Open fringes at both ends<\/strong> \u2013 a casual detail that gives the table character. Hard-wearing plain weave<\/li>\n<li><strong>100% washed pure linen<\/strong> \u2013 robust, machine-washable and dirt-repellent. Lies flat, drapes elegantly<\/li>\n<li><strong>Sustainably made in Belgium<\/strong> \u2013 Masters of Linen quality, CO\u2082-neutral. Libeco since 1858 with Royal Warrant<\/li>\n<li><strong>Tablecloth 140&#215;180 and 140&#215;230<\/strong> \u2013 also available as napkin 43&#215;43 in set of 6. Perfect for the casually set table<\/li>\n<\/ul>\n","protected":false},"featured_media":139069,"comment_status":"open","ping_status":"closed","template":"","meta":{"_acf_changed":false},"product_brand":[4801,4810],"product_cat":[3749,3636,3637],"product_tag":[3640,3641,3642,3643,3731],"class_list":{"0":"post-139079","1":"product","2":"type-product","3":"status-publish","4":"has-post-thumbnail","6":"product_brand-libeco","7":"product_brand-libeco-tablecloths","8":"product_cat-linen-tablecloths","9":"product_cat-table-dining","10":"product_cat-linen-napkins","11":"product_tag-all-year","12":"product_tag-linen","13":"product_tag-linen-napkin","14":"product_tag-linen-tablecloth","15":"product_tag-natural-fiber","17":"first","18":"instock","19":"taxable","20":"shipping-taxable","21":"purchasable","22":"product-type-variable"},"acf":[],"yoast_head":"<!-- This site is optimized with the Yoast SEO Premium plugin v27.4 (Yoast SEO v27.4) - https:\/\/yoast.com\/product\/yoast-seo-premium-wordpress\/ -->\n<title>The Belgian Table Throw Ioulida linen \u2013 Libeco - Linen.eu<\/title>\n<meta name=\"description\" content=\"The Belgian Table Throw Ioulida reines Leinen von Libeco \u271a Traditionelle echte Leinenweberei \u271a Gewebt und gen\u00e4ht in Belgien \u27a4 Jetzt einfach online kaufen\" \/>\n<meta name=\"robots\" content=\"index, follow, max-snippet:-1, max-image-preview:large, max-video-preview:-1\" \/>\n<link rel=\"canonical\" href=\"https:\/\/linen.eu\/en\/produkt\/the-belgian-table-throw-ioulida-pure-linen-from-libeco\/\" \/>\n<meta property=\"og:locale\" content=\"en_US\" \/>\n<meta property=\"og:type\" content=\"article\" \/>\n<meta property=\"og:title\" content=\"The Belgian Table Throw Ioulida pure linen from Libeco\" \/>\n<meta property=\"og:description\" content=\"The Belgian Table Throw Ioulida reines Leinen von Libeco \u271a Traditionelle echte Leinenweberei \u271a Gewebt und gen\u00e4ht in Belgien \u27a4 Jetzt einfach online kaufen\" \/>\n<meta property=\"og:url\" content=\"https:\/\/linen.eu\/en\/produkt\/the-belgian-table-throw-ioulida-pure-linen-from-libeco\/\" \/>\n<meta property=\"og:site_name\" content=\"Linen.eu\" \/>\n<meta property=\"article:publisher\" content=\"https:\/\/linen.eu\" \/>\n<meta property=\"article:modified_time\" content=\"2026-04-13T09:09:20+00:00\" \/>\n<meta property=\"og:image\" content=\"https:\/\/linen.eu\/wp-content\/uploads\/2026\/03\/The-Belgian-table-throw-Ioulida-jan-2024-01-q.jpeg\" \/>\n\t<meta property=\"og:image:width\" content=\"1600\" \/>\n\t<meta property=\"og:image:height\" content=\"1200\" \/>\n\t<meta property=\"og:image:type\" content=\"image\/jpeg\" \/>\n<meta name=\"twitter:card\" content=\"summary_large_image\" \/>\n<meta name=\"twitter:site\" content=\"@linenlounge\" \/>\n<meta name=\"twitter:label1\" content=\"Availability\" \/>\n\t<meta name=\"twitter:data1\" content=\"In stock\" \/>\n<script type=\"application\/ld+json\" class=\"yoast-schema-graph\">{\"@context\":\"https:\\\/\\\/schema.org\",\"@graph\":[{\"@type\":\"WebPage\",\"@id\":\"https:\\\/\\\/linen.eu\\\/en\\\/produkt\\\/the-belgian-table-throw-ioulida-pure-linen-from-libeco\\\/\",\"url\":\"https:\\\/\\\/linen.eu\\\/en\\\/produkt\\\/the-belgian-table-throw-ioulida-pure-linen-from-libeco\\\/\",\"name\":\"The Belgian Table Throw Ioulida linen \u2013 Libeco - Linen.eu\",\"isPartOf\":{\"@id\":\"https:\\\/\\\/linen.eu\\\/en\\\/#website\"},\"primaryImageOfPage\":{\"@id\":\"https:\\\/\\\/linen.eu\\\/en\\\/produkt\\\/the-belgian-table-throw-ioulida-pure-linen-from-libeco\\\/#primaryimage\"},\"image\":{\"@id\":\"https:\\\/\\\/linen.eu\\\/en\\\/produkt\\\/the-belgian-table-throw-ioulida-pure-linen-from-libeco\\\/#primaryimage\"},\"thumbnailUrl\":\"https:\\\/\\\/linen.eu\\\/wp-content\\\/uploads\\\/2026\\\/03\\\/The-Belgian-table-throw-Ioulida-jan-2024-01-q.jpeg\",\"datePublished\":\"2025-07-18T08:12:51+00:00\",\"dateModified\":\"2026-04-13T09:09:20+00:00\",\"description\":\"The Belgian Table Throw Ioulida reines Leinen von Libeco \u271a Traditionelle echte Leinenweberei \u271a Gewebt und gen\u00e4ht in Belgien \u27a4 Jetzt einfach online kaufen\",\"breadcrumb\":{\"@id\":\"https:\\\/\\\/linen.eu\\\/en\\\/produkt\\\/the-belgian-table-throw-ioulida-pure-linen-from-libeco\\\/#breadcrumb\"},\"inLanguage\":\"en-US\",\"potentialAction\":[{\"@type\":\"ReadAction\",\"target\":[\"https:\\\/\\\/linen.eu\\\/en\\\/produkt\\\/the-belgian-table-throw-ioulida-pure-linen-from-libeco\\\/\"]}]},{\"@type\":\"ImageObject\",\"inLanguage\":\"en-US\",\"@id\":\"https:\\\/\\\/linen.eu\\\/en\\\/produkt\\\/the-belgian-table-throw-ioulida-pure-linen-from-libeco\\\/#primaryimage\",\"url\":\"https:\\\/\\\/linen.eu\\\/wp-content\\\/uploads\\\/2026\\\/03\\\/The-Belgian-table-throw-Ioulida-jan-2024-01-q.jpeg\",\"contentUrl\":\"https:\\\/\\\/linen.eu\\\/wp-content\\\/uploads\\\/2026\\\/03\\\/The-Belgian-table-throw-Ioulida-jan-2024-01-q.jpeg\",\"width\":1600,\"height\":1200,\"caption\":\"Eine Frau faltet eine Stoffserviette an einem langen, mit Tellern, Tassen und Sch\u00fcsseln gedeckten Tisch auf einer Holzterrasse. Der Tisch ist mit der belgischen Tischdecke Ioulida reines Leinen von Libeco drapiert, w\u00e4hrend nat\u00fcrliches Licht einf\u00e4llt.\"},{\"@type\":\"BreadcrumbList\",\"@id\":\"https:\\\/\\\/linen.eu\\\/en\\\/produkt\\\/the-belgian-table-throw-ioulida-pure-linen-from-libeco\\\/#breadcrumb\",\"itemListElement\":[{\"@type\":\"ListItem\",\"position\":1,\"name\":\"Startseite\",\"item\":\"https:\\\/\\\/linen.eu\\\/en\\\/home\\\/\"},{\"@type\":\"ListItem\",\"position\":2,\"name\":\"Shop\",\"item\":\"https:\\\/\\\/linen.eu\\\/en\\\/shop\\\/\"},{\"@type\":\"ListItem\",\"position\":3,\"name\":\"The Belgian Table Throw Ioulida pure linen from Libeco\"}]},{\"@type\":\"WebSite\",\"@id\":\"https:\\\/\\\/linen.eu\\\/en\\\/#website\",\"url\":\"https:\\\/\\\/linen.eu\\\/en\\\/\",\"name\":\"Linen Lounge\",\"description\":\"\",\"publisher\":{\"@id\":\"https:\\\/\\\/linen.eu\\\/en\\\/#organization\"},\"potentialAction\":[{\"@type\":\"SearchAction\",\"target\":{\"@type\":\"EntryPoint\",\"urlTemplate\":\"https:\\\/\\\/linen.eu\\\/en\\\/?s={search_term_string}\"},\"query-input\":{\"@type\":\"PropertyValueSpecification\",\"valueRequired\":true,\"valueName\":\"search_term_string\"}}],\"inLanguage\":\"en-US\"},{\"@type\":\"Organization\",\"@id\":\"https:\\\/\\\/linen.eu\\\/en\\\/#organization\",\"name\":\"Linen Lounge\",\"alternateName\":\"linen.eu\",\"url\":\"https:\\\/\\\/linen.eu\\\/en\\\/\",\"logo\":{\"@type\":\"ImageObject\",\"inLanguage\":\"en-US\",\"@id\":\"https:\\\/\\\/linen.eu\\\/en\\\/#\\\/schema\\\/logo\\\/image\\\/\",\"url\":\"https:\\\/\\\/linen.eu\\\/wp-content\\\/uploads\\\/2025\\\/10\\\/LinenLounge-NEU2.webp\",\"contentUrl\":\"https:\\\/\\\/linen.eu\\\/wp-content\\\/uploads\\\/2025\\\/10\\\/LinenLounge-NEU2.webp\",\"width\":1800,\"height\":455,\"caption\":\"Linen Lounge\"},\"image\":{\"@id\":\"https:\\\/\\\/linen.eu\\\/en\\\/#\\\/schema\\\/logo\\\/image\\\/\"},\"sameAs\":[\"https:\\\/\\\/linen.eu\",\"https:\\\/\\\/x.com\\\/linenlounge\",\"https:\\\/\\\/www.instagram.com\\\/linen.lounge?igsh=MW81aGhiY2VxZGRpMw==&utm_source=qr\",\"http:\\\/\\\/www.youtube.com\\\/@Linenlounge\"],\"description\":\"Online Fachhandel f\u00fcr europ\u00e4ische Leinen-Bettw\u00e4sche und Heimtextilien aus traditionellen Webereien wie Leitner Leinen, Schlitzer Leinen, Libeco, Vieb\u00f6ck und Hoffmann.\",\"email\":\"info@linen.eu\",\"telephone\":\"+49 (0) 69 90738860\",\"legalName\":\"Linen UG (haftungsbeschr\u00e4nkt)\",\"foundingDate\":\"2015-04-08\",\"numberOfEmployees\":{\"@type\":\"QuantitativeValue\",\"minValue\":\"1\",\"maxValue\":\"10\"}}]}<\/script>\n<meta property=\"product:brand\" content=\"Libeco\" \/>\n<meta property=\"og:availability\" content=\"instock\" \/>\n<meta property=\"product:availability\" content=\"instock\" \/>\n<meta property=\"product:retailer_item_id\" content=\"111102845512\" \/>\n<meta property=\"product:condition\" content=\"new\" \/>\n<!-- \/ Yoast SEO Premium plugin. -->","yoast_head_json":{"title":"The Belgian Table Throw Ioulida linen \u2013 Libeco - Linen.eu","description":"The Belgian Table Throw Ioulida reines Leinen von Libeco \u271a Traditionelle echte Leinenweberei \u271a Gewebt und gen\u00e4ht in Belgien \u27a4 Jetzt einfach online kaufen","robots":{"index":"index","follow":"follow","max-snippet":"max-snippet:-1","max-image-preview":"max-image-preview:large","max-video-preview":"max-video-preview:-1"},"canonical":"https:\/\/linen.eu\/en\/produkt\/the-belgian-table-throw-ioulida-pure-linen-from-libeco\/","og_locale":"en_US","og_type":"article","og_title":"The Belgian Table Throw Ioulida pure linen from Libeco","og_description":"The Belgian Table Throw Ioulida reines Leinen von Libeco \u271a Traditionelle echte Leinenweberei \u271a Gewebt und gen\u00e4ht in Belgien \u27a4 Jetzt einfach online kaufen","og_url":"https:\/\/linen.eu\/en\/produkt\/the-belgian-table-throw-ioulida-pure-linen-from-libeco\/","og_site_name":"Linen.eu","article_publisher":"https:\/\/linen.eu","article_modified_time":"2026-04-13T09:09:20+00:00","og_image":[{"width":1600,"height":1200,"url":"https:\/\/linen.eu\/wp-content\/uploads\/2026\/03\/The-Belgian-table-throw-Ioulida-jan-2024-01-q.jpeg","type":"image\/jpeg"}],"twitter_card":"summary_large_image","twitter_site":"@linenlounge","twitter_misc":{"Availability":"In stock"},"schema":{"@context":"https:\/\/schema.org","@graph":[{"@type":"WebPage","@id":"https:\/\/linen.eu\/en\/produkt\/the-belgian-table-throw-ioulida-pure-linen-from-libeco\/","url":"https:\/\/linen.eu\/en\/produkt\/the-belgian-table-throw-ioulida-pure-linen-from-libeco\/","name":"The Belgian Table Throw Ioulida linen \u2013 Libeco - Linen.eu","isPartOf":{"@id":"https:\/\/linen.eu\/en\/#website"},"primaryImageOfPage":{"@id":"https:\/\/linen.eu\/en\/produkt\/the-belgian-table-throw-ioulida-pure-linen-from-libeco\/#primaryimage"},"image":{"@id":"https:\/\/linen.eu\/en\/produkt\/the-belgian-table-throw-ioulida-pure-linen-from-libeco\/#primaryimage"},"thumbnailUrl":"https:\/\/linen.eu\/wp-content\/uploads\/2026\/03\/The-Belgian-table-throw-Ioulida-jan-2024-01-q.jpeg","datePublished":"2025-07-18T08:12:51+00:00","dateModified":"2026-04-13T09:09:20+00:00","description":"The Belgian Table Throw Ioulida reines Leinen von Libeco \u271a Traditionelle echte Leinenweberei \u271a Gewebt und gen\u00e4ht in Belgien \u27a4 Jetzt einfach online kaufen","breadcrumb":{"@id":"https:\/\/linen.eu\/en\/produkt\/the-belgian-table-throw-ioulida-pure-linen-from-libeco\/#breadcrumb"},"inLanguage":"en-US","potentialAction":[{"@type":"ReadAction","target":["https:\/\/linen.eu\/en\/produkt\/the-belgian-table-throw-ioulida-pure-linen-from-libeco\/"]}]},{"@type":"ImageObject","inLanguage":"en-US","@id":"https:\/\/linen.eu\/en\/produkt\/the-belgian-table-throw-ioulida-pure-linen-from-libeco\/#primaryimage","url":"https:\/\/linen.eu\/wp-content\/uploads\/2026\/03\/The-Belgian-table-throw-Ioulida-jan-2024-01-q.jpeg","contentUrl":"https:\/\/linen.eu\/wp-content\/uploads\/2026\/03\/The-Belgian-table-throw-Ioulida-jan-2024-01-q.jpeg","width":1600,"height":1200,"caption":"Eine Frau faltet eine Stoffserviette an einem langen, mit Tellern, Tassen und Sch\u00fcsseln gedeckten Tisch auf einer Holzterrasse. Der Tisch ist mit der belgischen Tischdecke Ioulida reines Leinen von Libeco drapiert, w\u00e4hrend nat\u00fcrliches Licht einf\u00e4llt."},{"@type":"BreadcrumbList","@id":"https:\/\/linen.eu\/en\/produkt\/the-belgian-table-throw-ioulida-pure-linen-from-libeco\/#breadcrumb","itemListElement":[{"@type":"ListItem","position":1,"name":"Startseite","item":"https:\/\/linen.eu\/en\/home\/"},{"@type":"ListItem","position":2,"name":"Shop","item":"https:\/\/linen.eu\/en\/shop\/"},{"@type":"ListItem","position":3,"name":"The Belgian Table Throw Ioulida pure linen from Libeco"}]},{"@type":"WebSite","@id":"https:\/\/linen.eu\/en\/#website","url":"https:\/\/linen.eu\/en\/","name":"Linen Lounge","description":"","publisher":{"@id":"https:\/\/linen.eu\/en\/#organization"},"potentialAction":[{"@type":"SearchAction","target":{"@type":"EntryPoint","urlTemplate":"https:\/\/linen.eu\/en\/?s={search_term_string}"},"query-input":{"@type":"PropertyValueSpecification","valueRequired":true,"valueName":"search_term_string"}}],"inLanguage":"en-US"},{"@type":"Organization","@id":"https:\/\/linen.eu\/en\/#organization","name":"Linen Lounge","alternateName":"linen.eu","url":"https:\/\/linen.eu\/en\/","logo":{"@type":"ImageObject","inLanguage":"en-US","@id":"https:\/\/linen.eu\/en\/#\/schema\/logo\/image\/","url":"https:\/\/linen.eu\/wp-content\/uploads\/2025\/10\/LinenLounge-NEU2.webp","contentUrl":"https:\/\/linen.eu\/wp-content\/uploads\/2025\/10\/LinenLounge-NEU2.webp","width":1800,"height":455,"caption":"Linen Lounge"},"image":{"@id":"https:\/\/linen.eu\/en\/#\/schema\/logo\/image\/"},"sameAs":["https:\/\/linen.eu","https:\/\/x.com\/linenlounge","https:\/\/www.instagram.com\/linen.lounge?igsh=MW81aGhiY2VxZGRpMw==&utm_source=qr","http:\/\/www.youtube.com\/@Linenlounge"],"description":"Online Fachhandel f\u00fcr europ\u00e4ische Leinen-Bettw\u00e4sche und Heimtextilien aus traditionellen Webereien wie Leitner Leinen, Schlitzer Leinen, Libeco, Vieb\u00f6ck und Hoffmann.","email":"info@linen.eu","telephone":"+49 (0) 69 90738860","legalName":"Linen UG (haftungsbeschr\u00e4nkt)","foundingDate":"2015-04-08","numberOfEmployees":{"@type":"QuantitativeValue","minValue":"1","maxValue":"10"}}]},"product_brand":"Libeco","og_availability":"instock","product_availability":"instock","product_retailer_item_id":"111102845512","product_condition":"new"},"_links":{"self":[{"href":"https:\/\/linen.eu\/en\/wp-json\/wp\/v2\/product\/139079","targetHints":{"allow":["GET"]}}],"collection":[{"href":"https:\/\/linen.eu\/en\/wp-json\/wp\/v2\/product"}],"about":[{"href":"https:\/\/linen.eu\/en\/wp-json\/wp\/v2\/types\/product"}],"replies":[{"embeddable":true,"href":"https:\/\/linen.eu\/en\/wp-json\/wp\/v2\/comments?post=139079"}],"wp:featuredmedia":[{"embeddable":true,"href":"https:\/\/linen.eu\/en\/wp-json\/wp\/v2\/media\/139069"}],"wp:attachment":[{"href":"https:\/\/linen.eu\/en\/wp-json\/wp\/v2\/media?parent=139079"}],"wp:term":[{"taxonomy":"product_brand","embeddable":true,"href":"https:\/\/linen.eu\/en\/wp-json\/wp\/v2\/product_brand?post=139079"},{"taxonomy":"product_cat","embeddable":true,"href":"https:\/\/linen.eu\/en\/wp-json\/wp\/v2\/product_cat?post=139079"},{"taxonomy":"product_tag","embeddable":true,"href":"https:\/\/linen.eu\/en\/wp-json\/wp\/v2\/product_tag?post=139079"}],"curies":[{"name":"wp","href":"https:\/\/api.w.org\/{rel}","templated":true}]}}