{"id":139148,"date":"2025-07-17T16:10:55","date_gmt":"2025-07-17T14:10:55","guid":{"rendered":"https:\/\/linen.eu\/produkt\/the-moroccan-stripe-linen-wool-mix-from-libeco\/"},"modified":"2026-03-16T13:58:33","modified_gmt":"2026-03-16T12:58:33","slug":"the-moroccan-stripe-linen-wool-mix-from-libeco","status":"publish","type":"product","link":"https:\/\/linen.eu\/en\/produkt\/the-moroccan-stripe-linen-wool-mix-from-libeco\/","title":{"rendered":"The Moroccan Stripe linen-wool mix from Libeco"},"content":{"rendered":"<h2>&#8220;The Moroccan Stripe Linen-Wool Mix by Libeco&#8221;<\/h2>\n<p>The Moroccan Stripe Linen-Wool Mix by Libeco brings a hint of cinnamon and mint \u2013 the Orient comes to visit. The designer says: &#8220;The Moroccan Stripe is the linen-wool combination that has become the signature design of the Libeco Home collection. The fabric feels full and richly textured, woven from 70% linen and 30% wool. These collections found their inspiration in the typical Moroccan blankets found at local markets. The coverlets consist of two panels sewn together in the centre, creating asymmetric stripes on a solid ground. The Moroccan Stripe features black stripes on a cream-coloured ground. The two different stripe variations return on the front of the cushion covers. The backs are solid, finished with a linen trim in herringbone pattern in Black and Flax and a zip.&#8221;<\/p>\n<h3>European Organic Linen<\/h3>\n<p>Linen bed linen lets your skin breathe better. When it comes to our skin, linen is the perfect fabric. Thanks to its long, smooth fibres, linen absorbs a great deal of moisture and repels dirt. Linen is an intelligent fabric because it regulates temperature. Linen provides pleasant coolness in summer and cosy warmth in winter. The long linen fibres ensure that linen bed linen stays fresh much longer. The linen fabric has been treated purely mechanically, making it very supple and kind to the skin. Linen treated in this way creases less while preserving its natural quality and all the <a href=\"https:\/\/linen.eu\/ueber-uns\/\" target=\"_self\" rel=\"noopener\">advantages of linen<\/a>. Libeco is committed to organic linen and uncompromising sustainability in every step of production, and the creation of GOTS-certified linen bed linen in the Heritage collection was a logical next step.<\/p>\n<h3>The Weaving Mill<\/h3>\n<p><a href=\"https:\/\/linen.eu\/brand\/libeco\/\">Libeco<\/a> received the accolade of the Belgian Royal House in 2006: &#8220;Belgian Royal Warrant Holder&#8221; is the impressive recognition of the quality of these textiles. The &#8220;Belgian Linen&#8221; quality seal guarantees a quality product made according to the highest standards of sustainable business. All fabrics by Libeco carry the coveted &#8220;Masters of Linen&#8221; label. This guarantees that the fabrics have been tested to the extremely high requirements of this master class and that they are produced exclusively in Europe. &#8220;Eco Line&#8221; and &#8220;Oeko-Tex&#8221; provide the assurance that Libeco fabrics are free from harmful substances and have not been treated with chemicals, bleached or dyed.<\/p>\n<p>As a sheet we recommend the fine linen sheets and fitted sheets Heritage by Libeco.<\/p>\n<h3>The Product: The Moroccan Stripe Linen-Wool Mix by <a href=\"https:\/\/linen.eu\/brand\/libeco\/\">Libeco<\/a><\/h3>\n<p>Available as coverlet \u2013 decorative bedspread \u2013 and as cushion<br \/>\n70% linen, 30% wool, washed. Heavy quality at 610 grams per square metre, CO2-neutral production<br \/>\nCushions with zip<br \/>\nWeave: plain weave with wool<br \/>\nYarn count: Nm 58<br \/>\nPattern: Beeswax and Bone<br \/>\nMasters of Linen quality.<br \/>\nMade in Belgium.<\/p>\n<h3>Care<\/h3>\n<p>Coloured linen can be washed at up to 60\u00b0C, white linen at up to 95\u00b0C. As with all materials, the same applies to linen: washing at lower temperatures extends its life. Linen does not tolerate detergents with optical brighteners, as they strongly bleach the natural colours and the fabric becomes pale. Creasing: linen needs sufficient residual moisture to prevent excessive creasing. Do not overload the machine so the fabric can move freely, and do not spin linen too hard or too long. If you wish to iron linen, iron the pieces on the hot linen setting of your iron while they are still slightly damp. Even if it is convenient, avoid tumble-drying linen. Over-drying can cause shrinkage.<\/p>\n","protected":false},"excerpt":{"rendered":"<ul>\n<li><strong>Oriental heritage<\/strong> \u2013 inspired by traditional Moroccan blankets. Black stripes on a cream-coloured ground<\/li>\n<li><strong>70% linen, 30% wool<\/strong> \u2013 a full-bodied, richly textured fabric with character. The blend combines coolness and warmth<\/li>\n<li><strong>Asymmetric stripe design<\/strong> \u2013 the coverlet is made from two panels sewn together in the centre. Cushions with decorative trim and zip<\/li>\n<li><strong>Masters of Linen, Made in Belgium<\/strong> \u2013 CO2-neutral production, Belgian flax. Libeco since 1858, Belgian Royal Warrant<\/li>\n<li><strong>Coverlet 260&#215;240, cushions 50&#215;50 and 63&#215;63<\/strong> \u2013 warm, richly textured and sustainable. A design classic from the Libeco collection<\/li>\n<\/ul>\n","protected":false},"featured_media":139138,"comment_status":"open","ping_status":"closed","template":"","meta":{"_acf_changed":false},"product_brand":[4801,4807],"product_cat":[3728,3936],"product_tag":[3640,3951,3641,3731],"class_list":{"0":"post-139148","1":"product","2":"type-product","3":"status-publish","4":"has-post-thumbnail","6":"product_brand-libeco","7":"product_brand-libeco-throws","8":"product_cat-bedroom","9":"product_cat-linen-blanket-and-throw","10":"product_tag-all-year","11":"product_tag-coverlet","12":"product_tag-linen","13":"product_tag-natural-fiber","15":"first","16":"instock","17":"taxable","18":"shipping-taxable","19":"purchasable","20":"product-type-variable"},"acf":[],"yoast_head":"<!-- This site is optimized with the Yoast SEO Premium plugin v27.5 (Yoast SEO v27.5) - https:\/\/yoast.com\/product\/yoast-seo-premium-wordpress\/ -->\n<title>The Moroccan Stripe linen-wool mix from Libeco - Linen Lounge<\/title>\n<meta name=\"description\" content=\"The Moroccan Stripe Leinen-Wolle-Mix von Libeco \u271a Traditionelle echte Leinenweberei \u271a Gewebt und gen\u00e4ht in Belgien \u27a4 Jetzt einfach online kaufen\" \/>\n<meta name=\"robots\" content=\"index, follow, max-snippet:-1, max-image-preview:large, max-video-preview:-1\" \/>\n<link rel=\"canonical\" href=\"https:\/\/linen.eu\/en\/produkt\/the-moroccan-stripe-linen-wool-mix-from-libeco\/\" \/>\n<meta property=\"og:locale\" content=\"en_US\" \/>\n<meta property=\"og:type\" content=\"article\" \/>\n<meta property=\"og:title\" content=\"The Moroccan Stripe linen-wool mix from Libeco\" \/>\n<meta property=\"og:description\" content=\"The Moroccan Stripe Leinen-Wolle-Mix von Libeco \u271a Traditionelle echte Leinenweberei \u271a Gewebt und gen\u00e4ht in Belgien \u27a4 Jetzt einfach online kaufen\" \/>\n<meta property=\"og:url\" content=\"https:\/\/linen.eu\/en\/produkt\/the-moroccan-stripe-linen-wool-mix-from-libeco\/\" \/>\n<meta property=\"og:site_name\" content=\"Linen.eu\" \/>\n<meta property=\"article:publisher\" content=\"https:\/\/linen.eu\" \/>\n<meta property=\"article:modified_time\" content=\"2026-03-16T12:58:33+00:00\" \/>\n<meta property=\"og:image\" content=\"https:\/\/linen.eu\/wp-content\/uploads\/2026\/03\/The-Morroccan-Stripe-plaid-plaid-007-q.jpg\" \/>\n\t<meta property=\"og:image:width\" content=\"1600\" \/>\n\t<meta property=\"og:image:height\" content=\"1200\" \/>\n\t<meta property=\"og:image:type\" content=\"image\/jpeg\" \/>\n<meta name=\"twitter:card\" content=\"summary_large_image\" \/>\n<meta name=\"twitter:site\" content=\"@linenlounge\" \/>\n<meta name=\"twitter:label1\" content=\"Availability\" \/>\n\t<meta name=\"twitter:data1\" content=\"In stock\" \/>\n<script type=\"application\/ld+json\" class=\"yoast-schema-graph\">{\"@context\":\"https:\\\/\\\/schema.org\",\"@graph\":[{\"@type\":\"WebPage\",\"@id\":\"https:\\\/\\\/linen.eu\\\/en\\\/produkt\\\/the-moroccan-stripe-linen-wool-mix-from-libeco\\\/\",\"url\":\"https:\\\/\\\/linen.eu\\\/en\\\/produkt\\\/the-moroccan-stripe-linen-wool-mix-from-libeco\\\/\",\"name\":\"The Moroccan Stripe linen-wool mix from Libeco - Linen Lounge\",\"isPartOf\":{\"@id\":\"https:\\\/\\\/linen.eu\\\/en\\\/#website\"},\"primaryImageOfPage\":{\"@id\":\"https:\\\/\\\/linen.eu\\\/en\\\/produkt\\\/the-moroccan-stripe-linen-wool-mix-from-libeco\\\/#primaryimage\"},\"image\":{\"@id\":\"https:\\\/\\\/linen.eu\\\/en\\\/produkt\\\/the-moroccan-stripe-linen-wool-mix-from-libeco\\\/#primaryimage\"},\"thumbnailUrl\":\"https:\\\/\\\/linen.eu\\\/wp-content\\\/uploads\\\/2026\\\/03\\\/The-Morroccan-Stripe-plaid-plaid-007-q.jpg\",\"datePublished\":\"2025-07-17T14:10:55+00:00\",\"dateModified\":\"2026-03-16T12:58:33+00:00\",\"description\":\"The Moroccan Stripe Leinen-Wolle-Mix von Libeco \u271a Traditionelle echte Leinenweberei \u271a Gewebt und gen\u00e4ht in Belgien \u27a4 Jetzt einfach online kaufen\",\"breadcrumb\":{\"@id\":\"https:\\\/\\\/linen.eu\\\/en\\\/produkt\\\/the-moroccan-stripe-linen-wool-mix-from-libeco\\\/#breadcrumb\"},\"inLanguage\":\"en-US\",\"potentialAction\":[{\"@type\":\"ReadAction\",\"target\":[\"https:\\\/\\\/linen.eu\\\/en\\\/produkt\\\/the-moroccan-stripe-linen-wool-mix-from-libeco\\\/\"]}]},{\"@type\":\"ImageObject\",\"inLanguage\":\"en-US\",\"@id\":\"https:\\\/\\\/linen.eu\\\/en\\\/produkt\\\/the-moroccan-stripe-linen-wool-mix-from-libeco\\\/#primaryimage\",\"url\":\"https:\\\/\\\/linen.eu\\\/wp-content\\\/uploads\\\/2026\\\/03\\\/The-Morroccan-Stripe-plaid-plaid-007-q.jpg\",\"contentUrl\":\"https:\\\/\\\/linen.eu\\\/wp-content\\\/uploads\\\/2026\\\/03\\\/The-Morroccan-Stripe-plaid-plaid-007-q.jpg\",\"width\":1600,\"height\":1200,\"caption\":\"Auf einem gem\u00fctlichen Bett liegt der Marokkanische Streifen Leinen-Wolle-Mix von Libeco in beige-wei\u00df gestreift. Auf der rechten Seite sitzt eine Person mit langen dunklen Haaren in einem hellen Strickpullover, der eine warme, entspannte Atmosph\u00e4re schafft.\"},{\"@type\":\"BreadcrumbList\",\"@id\":\"https:\\\/\\\/linen.eu\\\/en\\\/produkt\\\/the-moroccan-stripe-linen-wool-mix-from-libeco\\\/#breadcrumb\",\"itemListElement\":[{\"@type\":\"ListItem\",\"position\":1,\"name\":\"Startseite\",\"item\":\"https:\\\/\\\/linen.eu\\\/en\\\/home\\\/\"},{\"@type\":\"ListItem\",\"position\":2,\"name\":\"Shop\",\"item\":\"https:\\\/\\\/linen.eu\\\/en\\\/shop\\\/\"},{\"@type\":\"ListItem\",\"position\":3,\"name\":\"The Moroccan Stripe linen-wool mix from Libeco\"}]},{\"@type\":\"WebSite\",\"@id\":\"https:\\\/\\\/linen.eu\\\/en\\\/#website\",\"url\":\"https:\\\/\\\/linen.eu\\\/en\\\/\",\"name\":\"Linen Lounge\",\"description\":\"\",\"publisher\":{\"@id\":\"https:\\\/\\\/linen.eu\\\/en\\\/#organization\"},\"potentialAction\":[{\"@type\":\"SearchAction\",\"target\":{\"@type\":\"EntryPoint\",\"urlTemplate\":\"https:\\\/\\\/linen.eu\\\/en\\\/?s={search_term_string}\"},\"query-input\":{\"@type\":\"PropertyValueSpecification\",\"valueRequired\":true,\"valueName\":\"search_term_string\"}}],\"inLanguage\":\"en-US\"},{\"@type\":\"Organization\",\"@id\":\"https:\\\/\\\/linen.eu\\\/en\\\/#organization\",\"name\":\"Linen Lounge\",\"alternateName\":\"linen.eu\",\"url\":\"https:\\\/\\\/linen.eu\\\/en\\\/\",\"logo\":{\"@type\":\"ImageObject\",\"inLanguage\":\"en-US\",\"@id\":\"https:\\\/\\\/linen.eu\\\/en\\\/#\\\/schema\\\/logo\\\/image\\\/\",\"url\":\"https:\\\/\\\/linen.eu\\\/wp-content\\\/uploads\\\/2025\\\/10\\\/LinenLounge-NEU2.webp\",\"contentUrl\":\"https:\\\/\\\/linen.eu\\\/wp-content\\\/uploads\\\/2025\\\/10\\\/LinenLounge-NEU2.webp\",\"width\":1800,\"height\":455,\"caption\":\"Linen Lounge\"},\"image\":{\"@id\":\"https:\\\/\\\/linen.eu\\\/en\\\/#\\\/schema\\\/logo\\\/image\\\/\"},\"sameAs\":[\"https:\\\/\\\/linen.eu\",\"https:\\\/\\\/x.com\\\/linenlounge\",\"https:\\\/\\\/www.instagram.com\\\/linen.lounge?igsh=MW81aGhiY2VxZGRpMw==&utm_source=qr\",\"http:\\\/\\\/www.youtube.com\\\/@Linenlounge\"],\"description\":\"Online Fachhandel f\u00fcr europ\u00e4ische Leinen-Bettw\u00e4sche und Heimtextilien aus traditionellen Webereien wie Leitner Leinen, Schlitzer Leinen, Libeco, Vieb\u00f6ck und Hoffmann.\",\"email\":\"info@linen.eu\",\"telephone\":\"+49 (0) 69 90738860\",\"legalName\":\"Linen UG (haftungsbeschr\u00e4nkt)\",\"foundingDate\":\"2015-04-08\",\"numberOfEmployees\":{\"@type\":\"QuantitativeValue\",\"minValue\":\"1\",\"maxValue\":\"10\"}}]}<\/script>\n<meta property=\"product:brand\" content=\"Libeco\" \/>\n<meta property=\"og:availability\" content=\"instock\" \/>\n<meta property=\"product:availability\" content=\"instock\" \/>\n<meta property=\"product:retailer_item_id\" content=\"111151618511\" \/>\n<meta property=\"product:condition\" content=\"new\" \/>\n<!-- \/ Yoast SEO Premium plugin. -->","yoast_head_json":{"title":"The Moroccan Stripe linen-wool mix from Libeco - Linen Lounge","description":"The Moroccan Stripe Leinen-Wolle-Mix von Libeco \u271a Traditionelle echte Leinenweberei \u271a Gewebt und gen\u00e4ht in Belgien \u27a4 Jetzt einfach online kaufen","robots":{"index":"index","follow":"follow","max-snippet":"max-snippet:-1","max-image-preview":"max-image-preview:large","max-video-preview":"max-video-preview:-1"},"canonical":"https:\/\/linen.eu\/en\/produkt\/the-moroccan-stripe-linen-wool-mix-from-libeco\/","og_locale":"en_US","og_type":"article","og_title":"The Moroccan Stripe linen-wool mix from Libeco","og_description":"The Moroccan Stripe Leinen-Wolle-Mix von Libeco \u271a Traditionelle echte Leinenweberei \u271a Gewebt und gen\u00e4ht in Belgien \u27a4 Jetzt einfach online kaufen","og_url":"https:\/\/linen.eu\/en\/produkt\/the-moroccan-stripe-linen-wool-mix-from-libeco\/","og_site_name":"Linen.eu","article_publisher":"https:\/\/linen.eu","article_modified_time":"2026-03-16T12:58:33+00:00","og_image":[{"width":1600,"height":1200,"url":"https:\/\/linen.eu\/wp-content\/uploads\/2026\/03\/The-Morroccan-Stripe-plaid-plaid-007-q.jpg","type":"image\/jpeg"}],"twitter_card":"summary_large_image","twitter_site":"@linenlounge","twitter_misc":{"Availability":"In stock"},"schema":{"@context":"https:\/\/schema.org","@graph":[{"@type":"WebPage","@id":"https:\/\/linen.eu\/en\/produkt\/the-moroccan-stripe-linen-wool-mix-from-libeco\/","url":"https:\/\/linen.eu\/en\/produkt\/the-moroccan-stripe-linen-wool-mix-from-libeco\/","name":"The Moroccan Stripe linen-wool mix from Libeco - Linen Lounge","isPartOf":{"@id":"https:\/\/linen.eu\/en\/#website"},"primaryImageOfPage":{"@id":"https:\/\/linen.eu\/en\/produkt\/the-moroccan-stripe-linen-wool-mix-from-libeco\/#primaryimage"},"image":{"@id":"https:\/\/linen.eu\/en\/produkt\/the-moroccan-stripe-linen-wool-mix-from-libeco\/#primaryimage"},"thumbnailUrl":"https:\/\/linen.eu\/wp-content\/uploads\/2026\/03\/The-Morroccan-Stripe-plaid-plaid-007-q.jpg","datePublished":"2025-07-17T14:10:55+00:00","dateModified":"2026-03-16T12:58:33+00:00","description":"The Moroccan Stripe Leinen-Wolle-Mix von Libeco \u271a Traditionelle echte Leinenweberei \u271a Gewebt und gen\u00e4ht in Belgien \u27a4 Jetzt einfach online kaufen","breadcrumb":{"@id":"https:\/\/linen.eu\/en\/produkt\/the-moroccan-stripe-linen-wool-mix-from-libeco\/#breadcrumb"},"inLanguage":"en-US","potentialAction":[{"@type":"ReadAction","target":["https:\/\/linen.eu\/en\/produkt\/the-moroccan-stripe-linen-wool-mix-from-libeco\/"]}]},{"@type":"ImageObject","inLanguage":"en-US","@id":"https:\/\/linen.eu\/en\/produkt\/the-moroccan-stripe-linen-wool-mix-from-libeco\/#primaryimage","url":"https:\/\/linen.eu\/wp-content\/uploads\/2026\/03\/The-Morroccan-Stripe-plaid-plaid-007-q.jpg","contentUrl":"https:\/\/linen.eu\/wp-content\/uploads\/2026\/03\/The-Morroccan-Stripe-plaid-plaid-007-q.jpg","width":1600,"height":1200,"caption":"Auf einem gem\u00fctlichen Bett liegt der Marokkanische Streifen Leinen-Wolle-Mix von Libeco in beige-wei\u00df gestreift. Auf der rechten Seite sitzt eine Person mit langen dunklen Haaren in einem hellen Strickpullover, der eine warme, entspannte Atmosph\u00e4re schafft."},{"@type":"BreadcrumbList","@id":"https:\/\/linen.eu\/en\/produkt\/the-moroccan-stripe-linen-wool-mix-from-libeco\/#breadcrumb","itemListElement":[{"@type":"ListItem","position":1,"name":"Startseite","item":"https:\/\/linen.eu\/en\/home\/"},{"@type":"ListItem","position":2,"name":"Shop","item":"https:\/\/linen.eu\/en\/shop\/"},{"@type":"ListItem","position":3,"name":"The Moroccan Stripe linen-wool mix from Libeco"}]},{"@type":"WebSite","@id":"https:\/\/linen.eu\/en\/#website","url":"https:\/\/linen.eu\/en\/","name":"Linen Lounge","description":"","publisher":{"@id":"https:\/\/linen.eu\/en\/#organization"},"potentialAction":[{"@type":"SearchAction","target":{"@type":"EntryPoint","urlTemplate":"https:\/\/linen.eu\/en\/?s={search_term_string}"},"query-input":{"@type":"PropertyValueSpecification","valueRequired":true,"valueName":"search_term_string"}}],"inLanguage":"en-US"},{"@type":"Organization","@id":"https:\/\/linen.eu\/en\/#organization","name":"Linen Lounge","alternateName":"linen.eu","url":"https:\/\/linen.eu\/en\/","logo":{"@type":"ImageObject","inLanguage":"en-US","@id":"https:\/\/linen.eu\/en\/#\/schema\/logo\/image\/","url":"https:\/\/linen.eu\/wp-content\/uploads\/2025\/10\/LinenLounge-NEU2.webp","contentUrl":"https:\/\/linen.eu\/wp-content\/uploads\/2025\/10\/LinenLounge-NEU2.webp","width":1800,"height":455,"caption":"Linen Lounge"},"image":{"@id":"https:\/\/linen.eu\/en\/#\/schema\/logo\/image\/"},"sameAs":["https:\/\/linen.eu","https:\/\/x.com\/linenlounge","https:\/\/www.instagram.com\/linen.lounge?igsh=MW81aGhiY2VxZGRpMw==&utm_source=qr","http:\/\/www.youtube.com\/@Linenlounge"],"description":"Online Fachhandel f\u00fcr europ\u00e4ische Leinen-Bettw\u00e4sche und Heimtextilien aus traditionellen Webereien wie Leitner Leinen, Schlitzer Leinen, Libeco, Vieb\u00f6ck und Hoffmann.","email":"info@linen.eu","telephone":"+49 (0) 69 90738860","legalName":"Linen UG (haftungsbeschr\u00e4nkt)","foundingDate":"2015-04-08","numberOfEmployees":{"@type":"QuantitativeValue","minValue":"1","maxValue":"10"}}]},"product_brand":"Libeco","og_availability":"instock","product_availability":"instock","product_retailer_item_id":"111151618511","product_condition":"new"},"_links":{"self":[{"href":"https:\/\/linen.eu\/en\/wp-json\/wp\/v2\/product\/139148","targetHints":{"allow":["GET"]}}],"collection":[{"href":"https:\/\/linen.eu\/en\/wp-json\/wp\/v2\/product"}],"about":[{"href":"https:\/\/linen.eu\/en\/wp-json\/wp\/v2\/types\/product"}],"replies":[{"embeddable":true,"href":"https:\/\/linen.eu\/en\/wp-json\/wp\/v2\/comments?post=139148"}],"wp:featuredmedia":[{"embeddable":true,"href":"https:\/\/linen.eu\/en\/wp-json\/wp\/v2\/media\/139138"}],"wp:attachment":[{"href":"https:\/\/linen.eu\/en\/wp-json\/wp\/v2\/media?parent=139148"}],"wp:term":[{"taxonomy":"product_brand","embeddable":true,"href":"https:\/\/linen.eu\/en\/wp-json\/wp\/v2\/product_brand?post=139148"},{"taxonomy":"product_cat","embeddable":true,"href":"https:\/\/linen.eu\/en\/wp-json\/wp\/v2\/product_cat?post=139148"},{"taxonomy":"product_tag","embeddable":true,"href":"https:\/\/linen.eu\/en\/wp-json\/wp\/v2\/product_tag?post=139148"}],"curies":[{"name":"wp","href":"https:\/\/api.w.org\/{rel}","templated":true}]}}