{"id":139183,"date":"2025-07-17T16:10:54","date_gmt":"2025-07-17T14:10:54","guid":{"rendered":"https:\/\/linen.eu\/produkt\/propriano-linen-coverlet-and-cushion-from-libeco\/"},"modified":"2026-03-16T13:58:51","modified_gmt":"2026-03-16T12:58:51","slug":"propriano-linen-coverlet-and-cushion-from-libeco","status":"publish","type":"product","link":"https:\/\/linen.eu\/en\/produkt\/propriano-linen-coverlet-and-cushion-from-libeco\/","title":{"rendered":"Propriano linen coverlet and cushion from Libeco"},"content":{"rendered":"<h2>&#8220;Propriano Linen Coverlet and Cushion by Libeco&#8221;<\/h2>\n<p>The Propriano Linen Coverlet and Cushion by Libeco takes you to Corsica. A magnificent island with rugged nature, breathtaking beaches and otherworldly colours. The inspiration comes naturally from the facades of Bonifacio, in magnificent hues bleached by the ever-present sun. Not only the colours, but also the cosy, artistic atmosphere found there is reflected in this collection.<br \/>\nThe unusual name was borrowed from a coastal town in the south of Corsica. Propriano is the perfect collection for a summery bed! The eggshell-coloured bedspread is seamed in the centre and features asymmetric stripes on each half in a splendid decorative yarn. The matching eggshell-coloured cushion has a wide stripe in the centre with decorative yarn on each side.<\/p>\n<h3>European Organic Linen<\/h3>\n<p>Linen bed linen lets your skin breathe better. When it comes to our skin, linen is the perfect fabric. Thanks to its long, smooth fibres, linen absorbs a great deal of moisture and repels dirt. Linen is an intelligent fabric because it regulates temperature. Linen provides pleasant coolness in summer and cosy warmth in winter. The long linen fibres ensure that linen bed linen stays fresh much longer. The linen fabric has been treated purely mechanically, making it very supple and kind to the skin. Linen treated in this way creases less while preserving its natural quality and all the advantages of linen. Libeco is committed to organic linen and uncompromising sustainability in every step of production, and the creation of GOTS-certified linen bed linen in the Heritage collection was a logical next step.<\/p>\n<h3>The Weaving Mill<\/h3>\n<p><a href=\"https:\/\/linen.eu\/brand\/libeco\/\">Libeco<\/a> received the accolade of the Belgian Royal House in 2006: &#8220;Belgian Royal Warrant Holder&#8221; is the impressive recognition of the quality of these textiles. The &#8220;Belgian Linen&#8221; quality seal guarantees a quality product made according to the highest standards of sustainable business. All fabrics by Libeco carry the coveted &#8220;Masters of Linen&#8221; label. This guarantees that the fabrics have been tested to the extremely high requirements of this master class and that they are produced exclusively in Europe. &#8220;Eco Line&#8221; and &#8220;Oeko-Tex&#8221; provide the assurance that Libeco fabrics are free from harmful substances and have not been treated with chemicals, bleached or dyed.<\/p>\n<p>As a sheet we recommend the fine linen sheets and fitted sheets Heritage by Libeco.<\/p>\n<h3>The Product: Propriano Linen Coverlet and Cushion by <a href=\"https:\/\/linen.eu\/brand\/libeco\/\">Libeco<\/a><\/h3>\n<p>Available as coverlet \u2013 decorative bedspread \u2013 and as cushion<br \/>\n100% linen, washed. Heavy quality at 420 grams per square metre, CO2-neutral production<br \/>\nCushions with zip<br \/>\nWeave: plain weave<br \/>\nYarn count: Nm 58<br \/>\nPattern: two different stripes<br \/>\nMasters of Linen quality.<br \/>\nMade in Belgium.<\/p>\n<h3>Care<\/h3>\n<p>Coloured linen can be washed at up to 60\u00b0C, white linen at up to 95\u00b0C. As with all materials, the same applies to linen: washing at lower temperatures extends its life. Linen does not tolerate detergents with optical brighteners, as they strongly bleach the natural colours and the fabric becomes pale. Creasing: linen needs sufficient residual moisture to prevent excessive creasing. Do not overload the machine so the fabric can move freely, and do not spin linen too hard or too long. If you wish to iron linen, iron the pieces on the hot linen setting of your iron while they are still slightly damp. Even if it is convenient, avoid tumble-drying linen. Over-drying can cause shrinkage.<\/p>\n","protected":false},"excerpt":{"rendered":"<ul>\n<li><strong>Inspired by Corsican facades<\/strong> \u2013 the sun-bleached walls of Bonifacio set the tone. Eggshell-coloured pure linen<\/li>\n<li><strong>420 g\/m\u00b2 heavy quality<\/strong> \u2013 a substantial fabric that drapes elegantly. Asymmetric stripes and centre seam as design details<\/li>\n<li><strong>CO2-neutral, woven in Belgium<\/strong> \u2013 Masters of Linen quality. 100% washed linen, Libeco since 1858<\/li>\n<li><strong>Naturally temperature-regulating<\/strong> \u2013 cooling in summer, warming in winter. Dirt-repellent and easy to care for<\/li>\n<li><strong>Coverlet 260&#215;240, cushions in two sizes<\/strong> \u2013 matching cushion covers with a distinctive centre stripe and zip<\/li>\n<\/ul>\n","protected":false},"featured_media":139176,"comment_status":"open","ping_status":"closed","template":"","meta":{"_acf_changed":false},"product_brand":[4803,4801],"product_cat":[3728,3936,3947],"product_tag":[3731,3640,3951,3641],"class_list":{"0":"post-139183","1":"product","2":"type-product","3":"status-publish","4":"has-post-thumbnail","6":"product_brand-libeco-coverlets-pillowcase","7":"product_brand-libeco","8":"product_cat-bedroom","9":"product_cat-linen-blanket-and-throw","10":"product_cat-linen-bedspreads","11":"product_tag-natural-fiber","12":"product_tag-all-year","13":"product_tag-coverlet","14":"product_tag-linen","16":"first","17":"instock","18":"taxable","19":"shipping-taxable","20":"purchasable","21":"product-type-variable"},"acf":[],"yoast_head":"<!-- This site is optimized with the Yoast SEO Premium plugin v27.4 (Yoast SEO v27.4) - https:\/\/yoast.com\/product\/yoast-seo-premium-wordpress\/ -->\n<title>Propriano linen coverlet and cushion from Libeco - Linen.eu<\/title>\n<meta name=\"description\" content=\"Propriano Leinen Coverlet und Kissen von Libeco \u271a Traditionelle echte Leinenweberei \u271a Gewebt und gen\u00e4ht in Belgien \u27a4 Jetzt einfach online kaufen\" \/>\n<meta name=\"robots\" content=\"noindex, follow\" \/>\n<meta property=\"og:locale\" content=\"en_US\" \/>\n<meta property=\"og:type\" content=\"article\" \/>\n<meta property=\"og:title\" content=\"Propriano linen coverlet and cushion from Libeco\" \/>\n<meta property=\"og:description\" content=\"Propriano Leinen Coverlet und Kissen von Libeco \u271a Traditionelle echte Leinenweberei \u271a Gewebt und gen\u00e4ht in Belgien \u27a4 Jetzt einfach online kaufen\" \/>\n<meta property=\"og:url\" content=\"https:\/\/linen.eu\/en\/produkt\/propriano-linen-coverlet-and-cushion-from-libeco\/\" \/>\n<meta property=\"og:site_name\" content=\"Linen.eu\" \/>\n<meta property=\"article:publisher\" content=\"https:\/\/linen.eu\" \/>\n<meta property=\"article:modified_time\" content=\"2026-03-16T12:58:51+00:00\" \/>\n<meta property=\"og:image\" content=\"https:\/\/linen.eu\/wp-content\/uploads\/2026\/03\/propriano-coverlet-m-06.jpg\" \/>\n\t<meta property=\"og:image:width\" content=\"1600\" \/>\n\t<meta property=\"og:image:height\" content=\"1200\" \/>\n\t<meta property=\"og:image:type\" content=\"image\/jpeg\" \/>\n<meta name=\"twitter:card\" content=\"summary_large_image\" \/>\n<meta name=\"twitter:site\" content=\"@linenlounge\" \/>\n<meta name=\"twitter:label1\" content=\"Availability\" \/>\n\t<meta name=\"twitter:data1\" content=\"In stock\" \/>\n<script type=\"application\/ld+json\" class=\"yoast-schema-graph\">{\"@context\":\"https:\\\/\\\/schema.org\",\"@graph\":[{\"@type\":\"WebPage\",\"@id\":\"https:\\\/\\\/linen.eu\\\/en\\\/produkt\\\/propriano-linen-coverlet-and-cushion-from-libeco\\\/\",\"url\":\"https:\\\/\\\/linen.eu\\\/en\\\/produkt\\\/propriano-linen-coverlet-and-cushion-from-libeco\\\/\",\"name\":\"Propriano linen coverlet and cushion from Libeco - Linen.eu\",\"isPartOf\":{\"@id\":\"https:\\\/\\\/linen.eu\\\/en\\\/#website\"},\"primaryImageOfPage\":{\"@id\":\"https:\\\/\\\/linen.eu\\\/en\\\/produkt\\\/propriano-linen-coverlet-and-cushion-from-libeco\\\/#primaryimage\"},\"image\":{\"@id\":\"https:\\\/\\\/linen.eu\\\/en\\\/produkt\\\/propriano-linen-coverlet-and-cushion-from-libeco\\\/#primaryimage\"},\"thumbnailUrl\":\"https:\\\/\\\/linen.eu\\\/wp-content\\\/uploads\\\/2026\\\/03\\\/propriano-coverlet-m-06.jpg\",\"datePublished\":\"2025-07-17T14:10:54+00:00\",\"dateModified\":\"2026-03-16T12:58:51+00:00\",\"description\":\"Propriano Leinen Coverlet und Kissen von Libeco \u271a Traditionelle echte Leinenweberei \u271a Gewebt und gen\u00e4ht in Belgien \u27a4 Jetzt einfach online kaufen\",\"breadcrumb\":{\"@id\":\"https:\\\/\\\/linen.eu\\\/en\\\/produkt\\\/propriano-linen-coverlet-and-cushion-from-libeco\\\/#breadcrumb\"},\"inLanguage\":\"en-US\",\"potentialAction\":[{\"@type\":\"ReadAction\",\"target\":[\"https:\\\/\\\/linen.eu\\\/en\\\/produkt\\\/propriano-linen-coverlet-and-cushion-from-libeco\\\/\"]}]},{\"@type\":\"ImageObject\",\"inLanguage\":\"en-US\",\"@id\":\"https:\\\/\\\/linen.eu\\\/en\\\/produkt\\\/propriano-linen-coverlet-and-cushion-from-libeco\\\/#primaryimage\",\"url\":\"https:\\\/\\\/linen.eu\\\/wp-content\\\/uploads\\\/2026\\\/03\\\/propriano-coverlet-m-06.jpg\",\"contentUrl\":\"https:\\\/\\\/linen.eu\\\/wp-content\\\/uploads\\\/2026\\\/03\\\/propriano-coverlet-m-06.jpg\",\"width\":1600,\"height\":1200,\"caption\":\"Eine junge Frau mit langen Haaren entspannt sich an einem Sandstrand in der N\u00e4he des Meeres, liegt auf dem Propriano Leinen Coverlet und Kissen von Libeco, ruht ihren Kopf aus und blickt mit ausgestreckten Beinen in die Kamera.\"},{\"@type\":\"BreadcrumbList\",\"@id\":\"https:\\\/\\\/linen.eu\\\/en\\\/produkt\\\/propriano-linen-coverlet-and-cushion-from-libeco\\\/#breadcrumb\",\"itemListElement\":[{\"@type\":\"ListItem\",\"position\":1,\"name\":\"Startseite\",\"item\":\"https:\\\/\\\/linen.eu\\\/en\\\/home\\\/\"},{\"@type\":\"ListItem\",\"position\":2,\"name\":\"Shop\",\"item\":\"https:\\\/\\\/linen.eu\\\/en\\\/shop\\\/\"},{\"@type\":\"ListItem\",\"position\":3,\"name\":\"Propriano linen coverlet and cushion from Libeco\"}]},{\"@type\":\"WebSite\",\"@id\":\"https:\\\/\\\/linen.eu\\\/en\\\/#website\",\"url\":\"https:\\\/\\\/linen.eu\\\/en\\\/\",\"name\":\"Linen.eu\",\"description\":\"\",\"publisher\":{\"@id\":\"https:\\\/\\\/linen.eu\\\/en\\\/#organization\"},\"potentialAction\":[{\"@type\":\"SearchAction\",\"target\":{\"@type\":\"EntryPoint\",\"urlTemplate\":\"https:\\\/\\\/linen.eu\\\/en\\\/?s={search_term_string}\"},\"query-input\":{\"@type\":\"PropertyValueSpecification\",\"valueRequired\":true,\"valueName\":\"search_term_string\"}}],\"inLanguage\":\"en-US\"},{\"@type\":\"Organization\",\"@id\":\"https:\\\/\\\/linen.eu\\\/en\\\/#organization\",\"name\":\"Linen Lounge\",\"alternateName\":\"linen.eu\",\"url\":\"https:\\\/\\\/linen.eu\\\/en\\\/\",\"logo\":{\"@type\":\"ImageObject\",\"inLanguage\":\"en-US\",\"@id\":\"https:\\\/\\\/linen.eu\\\/en\\\/#\\\/schema\\\/logo\\\/image\\\/\",\"url\":\"https:\\\/\\\/linen.eu\\\/wp-content\\\/uploads\\\/2025\\\/10\\\/LinenLounge-NEU2.webp\",\"contentUrl\":\"https:\\\/\\\/linen.eu\\\/wp-content\\\/uploads\\\/2025\\\/10\\\/LinenLounge-NEU2.webp\",\"width\":1800,\"height\":455,\"caption\":\"Linen Lounge\"},\"image\":{\"@id\":\"https:\\\/\\\/linen.eu\\\/en\\\/#\\\/schema\\\/logo\\\/image\\\/\"},\"sameAs\":[\"https:\\\/\\\/linen.eu\",\"https:\\\/\\\/x.com\\\/linenlounge\",\"https:\\\/\\\/www.instagram.com\\\/linen.lounge?igsh=MW81aGhiY2VxZGRpMw==&utm_source=qr\",\"http:\\\/\\\/www.youtube.com\\\/@Linenlounge\"],\"description\":\"Online Fachhandel f\u00fcr europ\u00e4ische Leinen-Bettw\u00e4sche und Heimtextilien aus traditionellen Webereien wie Leitner Leinen, Schlitzer Leinen, Libeco, Vieb\u00f6ck und Hoffmann.\",\"email\":\"info@linen.eu\",\"telephone\":\"+49 (0) 69 90738860\",\"legalName\":\"Linen UG (haftungsbeschr\u00e4nkt)\",\"foundingDate\":\"2015-04-08\",\"numberOfEmployees\":{\"@type\":\"QuantitativeValue\",\"minValue\":\"1\",\"maxValue\":\"10\"}}]}<\/script>\n<meta property=\"product:brand\" content=\"Libeco Coverlets &amp; Pillowcase\" \/>\n<meta property=\"og:availability\" content=\"instock\" \/>\n<meta property=\"product:availability\" content=\"instock\" \/>\n<meta property=\"product:retailer_item_id\" content=\"111101617611\" \/>\n<meta property=\"product:condition\" content=\"new\" \/>\n<!-- \/ Yoast SEO Premium plugin. -->","yoast_head_json":{"title":"Propriano linen coverlet and cushion from Libeco - Linen.eu","description":"Propriano Leinen Coverlet und Kissen von Libeco \u271a Traditionelle echte Leinenweberei \u271a Gewebt und gen\u00e4ht in Belgien \u27a4 Jetzt einfach online kaufen","robots":{"index":"noindex","follow":"follow"},"og_locale":"en_US","og_type":"article","og_title":"Propriano linen coverlet and cushion from Libeco","og_description":"Propriano Leinen Coverlet und Kissen von Libeco \u271a Traditionelle echte Leinenweberei \u271a Gewebt und gen\u00e4ht in Belgien \u27a4 Jetzt einfach online kaufen","og_url":"https:\/\/linen.eu\/en\/produkt\/propriano-linen-coverlet-and-cushion-from-libeco\/","og_site_name":"Linen.eu","article_publisher":"https:\/\/linen.eu","article_modified_time":"2026-03-16T12:58:51+00:00","og_image":[{"width":1600,"height":1200,"url":"https:\/\/linen.eu\/wp-content\/uploads\/2026\/03\/propriano-coverlet-m-06.jpg","type":"image\/jpeg"}],"twitter_card":"summary_large_image","twitter_site":"@linenlounge","twitter_misc":{"Availability":"In stock"},"schema":{"@context":"https:\/\/schema.org","@graph":[{"@type":"WebPage","@id":"https:\/\/linen.eu\/en\/produkt\/propriano-linen-coverlet-and-cushion-from-libeco\/","url":"https:\/\/linen.eu\/en\/produkt\/propriano-linen-coverlet-and-cushion-from-libeco\/","name":"Propriano linen coverlet and cushion from Libeco - Linen.eu","isPartOf":{"@id":"https:\/\/linen.eu\/en\/#website"},"primaryImageOfPage":{"@id":"https:\/\/linen.eu\/en\/produkt\/propriano-linen-coverlet-and-cushion-from-libeco\/#primaryimage"},"image":{"@id":"https:\/\/linen.eu\/en\/produkt\/propriano-linen-coverlet-and-cushion-from-libeco\/#primaryimage"},"thumbnailUrl":"https:\/\/linen.eu\/wp-content\/uploads\/2026\/03\/propriano-coverlet-m-06.jpg","datePublished":"2025-07-17T14:10:54+00:00","dateModified":"2026-03-16T12:58:51+00:00","description":"Propriano Leinen Coverlet und Kissen von Libeco \u271a Traditionelle echte Leinenweberei \u271a Gewebt und gen\u00e4ht in Belgien \u27a4 Jetzt einfach online kaufen","breadcrumb":{"@id":"https:\/\/linen.eu\/en\/produkt\/propriano-linen-coverlet-and-cushion-from-libeco\/#breadcrumb"},"inLanguage":"en-US","potentialAction":[{"@type":"ReadAction","target":["https:\/\/linen.eu\/en\/produkt\/propriano-linen-coverlet-and-cushion-from-libeco\/"]}]},{"@type":"ImageObject","inLanguage":"en-US","@id":"https:\/\/linen.eu\/en\/produkt\/propriano-linen-coverlet-and-cushion-from-libeco\/#primaryimage","url":"https:\/\/linen.eu\/wp-content\/uploads\/2026\/03\/propriano-coverlet-m-06.jpg","contentUrl":"https:\/\/linen.eu\/wp-content\/uploads\/2026\/03\/propriano-coverlet-m-06.jpg","width":1600,"height":1200,"caption":"Eine junge Frau mit langen Haaren entspannt sich an einem Sandstrand in der N\u00e4he des Meeres, liegt auf dem Propriano Leinen Coverlet und Kissen von Libeco, ruht ihren Kopf aus und blickt mit ausgestreckten Beinen in die Kamera."},{"@type":"BreadcrumbList","@id":"https:\/\/linen.eu\/en\/produkt\/propriano-linen-coverlet-and-cushion-from-libeco\/#breadcrumb","itemListElement":[{"@type":"ListItem","position":1,"name":"Startseite","item":"https:\/\/linen.eu\/en\/home\/"},{"@type":"ListItem","position":2,"name":"Shop","item":"https:\/\/linen.eu\/en\/shop\/"},{"@type":"ListItem","position":3,"name":"Propriano linen coverlet and cushion from Libeco"}]},{"@type":"WebSite","@id":"https:\/\/linen.eu\/en\/#website","url":"https:\/\/linen.eu\/en\/","name":"Linen.eu","description":"","publisher":{"@id":"https:\/\/linen.eu\/en\/#organization"},"potentialAction":[{"@type":"SearchAction","target":{"@type":"EntryPoint","urlTemplate":"https:\/\/linen.eu\/en\/?s={search_term_string}"},"query-input":{"@type":"PropertyValueSpecification","valueRequired":true,"valueName":"search_term_string"}}],"inLanguage":"en-US"},{"@type":"Organization","@id":"https:\/\/linen.eu\/en\/#organization","name":"Linen Lounge","alternateName":"linen.eu","url":"https:\/\/linen.eu\/en\/","logo":{"@type":"ImageObject","inLanguage":"en-US","@id":"https:\/\/linen.eu\/en\/#\/schema\/logo\/image\/","url":"https:\/\/linen.eu\/wp-content\/uploads\/2025\/10\/LinenLounge-NEU2.webp","contentUrl":"https:\/\/linen.eu\/wp-content\/uploads\/2025\/10\/LinenLounge-NEU2.webp","width":1800,"height":455,"caption":"Linen Lounge"},"image":{"@id":"https:\/\/linen.eu\/en\/#\/schema\/logo\/image\/"},"sameAs":["https:\/\/linen.eu","https:\/\/x.com\/linenlounge","https:\/\/www.instagram.com\/linen.lounge?igsh=MW81aGhiY2VxZGRpMw==&utm_source=qr","http:\/\/www.youtube.com\/@Linenlounge"],"description":"Online Fachhandel f\u00fcr europ\u00e4ische Leinen-Bettw\u00e4sche und Heimtextilien aus traditionellen Webereien wie Leitner Leinen, Schlitzer Leinen, Libeco, Vieb\u00f6ck und Hoffmann.","email":"info@linen.eu","telephone":"+49 (0) 69 90738860","legalName":"Linen UG (haftungsbeschr\u00e4nkt)","foundingDate":"2015-04-08","numberOfEmployees":{"@type":"QuantitativeValue","minValue":"1","maxValue":"10"}}]},"product_brand":"Libeco Coverlets &amp; Pillowcase","og_availability":"instock","product_availability":"instock","product_retailer_item_id":"111101617611","product_condition":"new"},"_links":{"self":[{"href":"https:\/\/linen.eu\/en\/wp-json\/wp\/v2\/product\/139183","targetHints":{"allow":["GET"]}}],"collection":[{"href":"https:\/\/linen.eu\/en\/wp-json\/wp\/v2\/product"}],"about":[{"href":"https:\/\/linen.eu\/en\/wp-json\/wp\/v2\/types\/product"}],"replies":[{"embeddable":true,"href":"https:\/\/linen.eu\/en\/wp-json\/wp\/v2\/comments?post=139183"}],"wp:featuredmedia":[{"embeddable":true,"href":"https:\/\/linen.eu\/en\/wp-json\/wp\/v2\/media\/139176"}],"wp:attachment":[{"href":"https:\/\/linen.eu\/en\/wp-json\/wp\/v2\/media?parent=139183"}],"wp:term":[{"taxonomy":"product_brand","embeddable":true,"href":"https:\/\/linen.eu\/en\/wp-json\/wp\/v2\/product_brand?post=139183"},{"taxonomy":"product_cat","embeddable":true,"href":"https:\/\/linen.eu\/en\/wp-json\/wp\/v2\/product_cat?post=139183"},{"taxonomy":"product_tag","embeddable":true,"href":"https:\/\/linen.eu\/en\/wp-json\/wp\/v2\/product_tag?post=139183"}],"curies":[{"name":"wp","href":"https:\/\/api.w.org\/{rel}","templated":true}]}}