{"id":139197,"date":"2025-07-17T16:10:53","date_gmt":"2025-07-17T14:10:53","guid":{"rendered":"https:\/\/linen.eu\/produkt\/the-patagonian-stripe-linen-coverlet-and-cushion-from-libeco\/"},"modified":"2026-04-13T11:08:47","modified_gmt":"2026-04-13T09:08:47","slug":"the-patagonian-stripe-linen-coverlet-and-cushion-from-libeco","status":"publish","type":"product","link":"https:\/\/linen.eu\/en\/produkt\/the-patagonian-stripe-linen-coverlet-and-cushion-from-libeco\/","title":{"rendered":"The Patagonian Stripe linen coverlet and cushion from Libeco"},"content":{"rendered":"<h2>&#8220;The Patagonian Stripe Linen Coverlet and Cushion by Libeco&#8221;<\/h2>\n<p>The Patagonian Stripe Linen Coverlet and Cushion by Libeco was inspired by desert colours, by the Patagonian steppe near the Falkland Current. The names were inspired by desert regions from around the world. This is a medium-weight construction with a seam in the centre and fringe at the top and bottom of the bedspread. Two different stripes in dusty pink and black run across the full width of the bedspread near the upper and lower edges. There are two different cushion cover designs, each featuring one stripe from the bedspread design.<\/p>\n<h3>European Organic Linen<\/h3>\n<p>Linen bed linen lets your skin breathe better. When it comes to our skin, linen is the perfect fabric. Thanks to its long, smooth fibres, linen absorbs a great deal of moisture and repels dirt. Linen is an intelligent fabric because it regulates temperature. Linen provides pleasant coolness in summer and cosy warmth in winter. The long linen fibres ensure that linen bed linen stays fresh much longer. The linen fabric has been treated purely mechanically, making it very supple and kind to the skin. Linen treated in this way creases less while preserving its natural quality and all the advantages of linen. Libeco is committed to organic linen and uncompromising sustainability in every step of production, and the creation of GOTS-certified linen bed linen in the Heritage collection was a logical next step.<\/p>\n<h3>The Weaving Mill<\/h3>\n<p><a href=\"https:\/\/linen.eu\/brand\/libeco\/\">Libeco<\/a> received the accolade of the Belgian Royal House in 2006: &#8220;Belgian Royal Warrant Holder&#8221; is the impressive recognition of the quality of these textiles. The &#8220;Belgian Linen&#8221; quality seal guarantees a quality product made according to the highest standards of sustainable business. All fabrics by Libeco carry the coveted &#8220;Masters of Linen&#8221; label. This guarantees that the fabrics have been tested to the extremely high requirements of this master class and that they are produced exclusively in Europe. &#8220;Eco Line&#8221; and &#8220;Oeko-Tex&#8221; provide the assurance that Libeco fabrics are free from harmful substances and have not been treated with chemicals, bleached or dyed.<\/p>\n<p>As a sheet we recommend the fine linen sheets and fitted sheets Heritage by Libeco.<\/p>\n<h3>The Product: The Patagonian Stripe Linen Coverlet and Cushion by <a href=\"https:\/\/linen.eu\/brand\/libeco\/\">Libeco<\/a><\/h3>\n<p>Available as coverlet \u2013 decorative bedspread \u2013 and as cushion in Black Stripe (one stripe) and Multi Stripe (two stripes)<br \/>\n100% linen, washed. Heavy quality at 460 grams per square metre, CO2-neutral production<br \/>\nCushions with zip<br \/>\nWeave: plain weave<br \/>\nYarn count: Nm 58<br \/>\nPattern: two different stripes<br \/>\nMasters of Linen quality.<br \/>\nMade in Belgium.<\/p>\n<h3>Care<\/h3>\n<p>Coloured linen can be washed at up to 60\u00b0C, white linen at up to 95\u00b0C. As with all materials, the same applies to linen: washing at lower temperatures extends its life. Linen does not tolerate detergents with optical brighteners, as they strongly bleach the natural colours and the fabric becomes pale. Creasing: linen needs sufficient residual moisture to prevent excessive creasing. Do not overload the machine so the fabric can move freely, and do not spin linen too hard or too long. If you wish to iron linen, iron the pieces on the hot linen setting of your iron while they are still slightly damp. Even if it is convenient, avoid tumble-drying linen. Over-drying can cause shrinkage.<\/p>\n","protected":false},"excerpt":{"rendered":"<ul>\n<li><strong>Desert colours, Patagonian inspiration<\/strong> \u2013 dusty pink and black on heavy linen ground. Earthy elegance for tranquil spaces<\/li>\n<li><strong>460 g\/m\u00b2 washed pure linen<\/strong> \u2013 fringed edges and centre seam give the coverlet a handcrafted character<\/li>\n<li><strong>Two cushion variants<\/strong> \u2013 each cover features a different stripe detail. With zip, 63&#215;63 cm<\/li>\n<li><strong>Masters of Linen, CO2-neutral<\/strong> \u2013 100% European flax, made in Belgium. Libeco with Royal Warrant since 1858<\/li>\n<li><strong>Coverlet 280&#215;240 cm<\/strong> \u2013 a piece that transforms a room. Naturally temperature-regulating and long-lasting<\/li>\n<\/ul>\n","protected":false},"featured_media":139189,"comment_status":"open","ping_status":"closed","template":"","meta":{"_acf_changed":false},"product_brand":[4803,4801],"product_cat":[3728,3936,3947],"product_tag":[3731,3951,3640,3641],"class_list":{"0":"post-139197","1":"product","2":"type-product","3":"status-publish","4":"has-post-thumbnail","6":"product_brand-libeco-coverlets-pillowcase","7":"product_brand-libeco","8":"product_cat-bedroom","9":"product_cat-linen-blanket-and-throw","10":"product_cat-linen-bedspreads","11":"product_tag-natural-fiber","12":"product_tag-coverlet","13":"product_tag-all-year","14":"product_tag-linen","16":"first","17":"instock","18":"taxable","19":"shipping-taxable","20":"purchasable","21":"product-type-variable"},"acf":[],"yoast_head":"<!-- This site is optimized with the Yoast SEO Premium plugin v27.4 (Yoast SEO v27.4) - https:\/\/yoast.com\/product\/yoast-seo-premium-wordpress\/ -->\n<title>Patag. Stripe linen coverlet &amp; cushion \u2013 Libeco - Linen.eu<\/title>\n<meta name=\"description\" content=\"The Patagonien Stripe Leinen Coverlet und Kissen von Libeco \u271a Traditionelle echte Leinenweberei \u271a Gewebt und gen\u00e4ht in Belgien \u27a4 Jetzt einfach online kaufen\" \/>\n<meta name=\"robots\" content=\"index, follow, max-snippet:-1, max-image-preview:large, max-video-preview:-1\" \/>\n<link rel=\"canonical\" href=\"https:\/\/linen.eu\/en\/produkt\/the-patagonian-stripe-linen-coverlet-and-cushion-from-libeco\/\" \/>\n<meta property=\"og:locale\" content=\"en_US\" \/>\n<meta property=\"og:type\" content=\"article\" \/>\n<meta property=\"og:title\" content=\"The Patagonian Stripe linen coverlet and cushion from Libeco\" \/>\n<meta property=\"og:description\" content=\"The Patagonien Stripe Leinen Coverlet und Kissen von Libeco \u271a Traditionelle echte Leinenweberei \u271a Gewebt und gen\u00e4ht in Belgien \u27a4 Jetzt einfach online kaufen\" \/>\n<meta property=\"og:url\" content=\"https:\/\/linen.eu\/en\/produkt\/the-patagonian-stripe-linen-coverlet-and-cushion-from-libeco\/\" \/>\n<meta property=\"og:site_name\" content=\"Linen.eu\" \/>\n<meta property=\"article:publisher\" content=\"https:\/\/linen.eu\" \/>\n<meta property=\"article:modified_time\" content=\"2026-04-13T09:08:47+00:00\" \/>\n<meta property=\"og:image\" content=\"https:\/\/linen.eu\/wp-content\/uploads\/2026\/03\/The-Patagonian-Stripe-jan-2022-09-IMG_0542.jpg\" \/>\n\t<meta property=\"og:image:width\" content=\"1600\" \/>\n\t<meta property=\"og:image:height\" content=\"1200\" \/>\n\t<meta property=\"og:image:type\" content=\"image\/jpeg\" \/>\n<meta name=\"twitter:card\" content=\"summary_large_image\" \/>\n<meta name=\"twitter:site\" content=\"@linenlounge\" \/>\n<meta name=\"twitter:label1\" content=\"Availability\" \/>\n\t<meta name=\"twitter:data1\" content=\"In stock\" \/>\n<script type=\"application\/ld+json\" class=\"yoast-schema-graph\">{\"@context\":\"https:\\\/\\\/schema.org\",\"@graph\":[{\"@type\":\"WebPage\",\"@id\":\"https:\\\/\\\/linen.eu\\\/en\\\/produkt\\\/the-patagonian-stripe-linen-coverlet-and-cushion-from-libeco\\\/\",\"url\":\"https:\\\/\\\/linen.eu\\\/en\\\/produkt\\\/the-patagonian-stripe-linen-coverlet-and-cushion-from-libeco\\\/\",\"name\":\"Patag. Stripe linen coverlet & cushion \u2013 Libeco - Linen.eu\",\"isPartOf\":{\"@id\":\"https:\\\/\\\/linen.eu\\\/en\\\/#website\"},\"primaryImageOfPage\":{\"@id\":\"https:\\\/\\\/linen.eu\\\/en\\\/produkt\\\/the-patagonian-stripe-linen-coverlet-and-cushion-from-libeco\\\/#primaryimage\"},\"image\":{\"@id\":\"https:\\\/\\\/linen.eu\\\/en\\\/produkt\\\/the-patagonian-stripe-linen-coverlet-and-cushion-from-libeco\\\/#primaryimage\"},\"thumbnailUrl\":\"https:\\\/\\\/linen.eu\\\/wp-content\\\/uploads\\\/2026\\\/03\\\/The-Patagonian-Stripe-jan-2022-09-IMG_0542.jpg\",\"datePublished\":\"2025-07-17T14:10:53+00:00\",\"dateModified\":\"2026-04-13T09:08:47+00:00\",\"description\":\"The Patagonien Stripe Leinen Coverlet und Kissen von Libeco \u271a Traditionelle echte Leinenweberei \u271a Gewebt und gen\u00e4ht in Belgien \u27a4 Jetzt einfach online kaufen\",\"breadcrumb\":{\"@id\":\"https:\\\/\\\/linen.eu\\\/en\\\/produkt\\\/the-patagonian-stripe-linen-coverlet-and-cushion-from-libeco\\\/#breadcrumb\"},\"inLanguage\":\"en-US\",\"potentialAction\":[{\"@type\":\"ReadAction\",\"target\":[\"https:\\\/\\\/linen.eu\\\/en\\\/produkt\\\/the-patagonian-stripe-linen-coverlet-and-cushion-from-libeco\\\/\"]}]},{\"@type\":\"ImageObject\",\"inLanguage\":\"en-US\",\"@id\":\"https:\\\/\\\/linen.eu\\\/en\\\/produkt\\\/the-patagonian-stripe-linen-coverlet-and-cushion-from-libeco\\\/#primaryimage\",\"url\":\"https:\\\/\\\/linen.eu\\\/wp-content\\\/uploads\\\/2026\\\/03\\\/The-Patagonian-Stripe-jan-2022-09-IMG_0542.jpg\",\"contentUrl\":\"https:\\\/\\\/linen.eu\\\/wp-content\\\/uploads\\\/2026\\\/03\\\/The-Patagonian-Stripe-jan-2022-09-IMG_0542.jpg\",\"width\":1600,\"height\":1200,\"caption\":\"Eine Frau mit langen braunen Haaren liegt im Bett, umarmt ein gro\u00dfes wei\u00dfes Kissen und ruht ihren Kopf aus, w\u00e4hrend sie sich auf der gestreiften Bettw\u00e4sche entspannt, die durch The Patagonian Stripe Leinen Coverlet und Kissen von Libeco akzentuiert wird und einen ruhigen, friedlichen Touch hat.\"},{\"@type\":\"BreadcrumbList\",\"@id\":\"https:\\\/\\\/linen.eu\\\/en\\\/produkt\\\/the-patagonian-stripe-linen-coverlet-and-cushion-from-libeco\\\/#breadcrumb\",\"itemListElement\":[{\"@type\":\"ListItem\",\"position\":1,\"name\":\"Startseite\",\"item\":\"https:\\\/\\\/linen.eu\\\/en\\\/home\\\/\"},{\"@type\":\"ListItem\",\"position\":2,\"name\":\"Shop\",\"item\":\"https:\\\/\\\/linen.eu\\\/en\\\/shop\\\/\"},{\"@type\":\"ListItem\",\"position\":3,\"name\":\"The Patagonian Stripe linen coverlet and cushion from Libeco\"}]},{\"@type\":\"WebSite\",\"@id\":\"https:\\\/\\\/linen.eu\\\/en\\\/#website\",\"url\":\"https:\\\/\\\/linen.eu\\\/en\\\/\",\"name\":\"Linen.eu\",\"description\":\"\",\"publisher\":{\"@id\":\"https:\\\/\\\/linen.eu\\\/en\\\/#organization\"},\"potentialAction\":[{\"@type\":\"SearchAction\",\"target\":{\"@type\":\"EntryPoint\",\"urlTemplate\":\"https:\\\/\\\/linen.eu\\\/en\\\/?s={search_term_string}\"},\"query-input\":{\"@type\":\"PropertyValueSpecification\",\"valueRequired\":true,\"valueName\":\"search_term_string\"}}],\"inLanguage\":\"en-US\"},{\"@type\":\"Organization\",\"@id\":\"https:\\\/\\\/linen.eu\\\/en\\\/#organization\",\"name\":\"Linen Lounge\",\"alternateName\":\"linen.eu\",\"url\":\"https:\\\/\\\/linen.eu\\\/en\\\/\",\"logo\":{\"@type\":\"ImageObject\",\"inLanguage\":\"en-US\",\"@id\":\"https:\\\/\\\/linen.eu\\\/en\\\/#\\\/schema\\\/logo\\\/image\\\/\",\"url\":\"https:\\\/\\\/linen.eu\\\/wp-content\\\/uploads\\\/2025\\\/10\\\/LinenLounge-NEU2.webp\",\"contentUrl\":\"https:\\\/\\\/linen.eu\\\/wp-content\\\/uploads\\\/2025\\\/10\\\/LinenLounge-NEU2.webp\",\"width\":1800,\"height\":455,\"caption\":\"Linen Lounge\"},\"image\":{\"@id\":\"https:\\\/\\\/linen.eu\\\/en\\\/#\\\/schema\\\/logo\\\/image\\\/\"},\"sameAs\":[\"https:\\\/\\\/linen.eu\",\"https:\\\/\\\/x.com\\\/linenlounge\",\"https:\\\/\\\/www.instagram.com\\\/linen.lounge?igsh=MW81aGhiY2VxZGRpMw==&utm_source=qr\",\"http:\\\/\\\/www.youtube.com\\\/@Linenlounge\"],\"description\":\"Online Fachhandel f\u00fcr europ\u00e4ische Leinen-Bettw\u00e4sche und Heimtextilien aus traditionellen Webereien wie Leitner Leinen, Schlitzer Leinen, Libeco, Vieb\u00f6ck und Hoffmann.\",\"email\":\"info@linen.eu\",\"telephone\":\"+49 (0) 69 90738860\",\"legalName\":\"Linen UG (haftungsbeschr\u00e4nkt)\",\"foundingDate\":\"2015-04-08\",\"numberOfEmployees\":{\"@type\":\"QuantitativeValue\",\"minValue\":\"1\",\"maxValue\":\"10\"}}]}<\/script>\n<meta property=\"product:brand\" content=\"Libeco Coverlets &amp; Pillowcase\" \/>\n<meta property=\"og:availability\" content=\"instock\" \/>\n<meta property=\"product:availability\" content=\"instock\" \/>\n<meta property=\"product:retailer_item_id\" content=\"111101617521\" \/>\n<meta property=\"product:condition\" content=\"new\" \/>\n<!-- \/ Yoast SEO Premium plugin. -->","yoast_head_json":{"title":"Patag. Stripe linen coverlet & cushion \u2013 Libeco - Linen.eu","description":"The Patagonien Stripe Leinen Coverlet und Kissen von Libeco \u271a Traditionelle echte Leinenweberei \u271a Gewebt und gen\u00e4ht in Belgien \u27a4 Jetzt einfach online kaufen","robots":{"index":"index","follow":"follow","max-snippet":"max-snippet:-1","max-image-preview":"max-image-preview:large","max-video-preview":"max-video-preview:-1"},"canonical":"https:\/\/linen.eu\/en\/produkt\/the-patagonian-stripe-linen-coverlet-and-cushion-from-libeco\/","og_locale":"en_US","og_type":"article","og_title":"The Patagonian Stripe linen coverlet and cushion from Libeco","og_description":"The Patagonien Stripe Leinen Coverlet und Kissen von Libeco \u271a Traditionelle echte Leinenweberei \u271a Gewebt und gen\u00e4ht in Belgien \u27a4 Jetzt einfach online kaufen","og_url":"https:\/\/linen.eu\/en\/produkt\/the-patagonian-stripe-linen-coverlet-and-cushion-from-libeco\/","og_site_name":"Linen.eu","article_publisher":"https:\/\/linen.eu","article_modified_time":"2026-04-13T09:08:47+00:00","og_image":[{"width":1600,"height":1200,"url":"https:\/\/linen.eu\/wp-content\/uploads\/2026\/03\/The-Patagonian-Stripe-jan-2022-09-IMG_0542.jpg","type":"image\/jpeg"}],"twitter_card":"summary_large_image","twitter_site":"@linenlounge","twitter_misc":{"Availability":"In stock"},"schema":{"@context":"https:\/\/schema.org","@graph":[{"@type":"WebPage","@id":"https:\/\/linen.eu\/en\/produkt\/the-patagonian-stripe-linen-coverlet-and-cushion-from-libeco\/","url":"https:\/\/linen.eu\/en\/produkt\/the-patagonian-stripe-linen-coverlet-and-cushion-from-libeco\/","name":"Patag. Stripe linen coverlet & cushion \u2013 Libeco - Linen.eu","isPartOf":{"@id":"https:\/\/linen.eu\/en\/#website"},"primaryImageOfPage":{"@id":"https:\/\/linen.eu\/en\/produkt\/the-patagonian-stripe-linen-coverlet-and-cushion-from-libeco\/#primaryimage"},"image":{"@id":"https:\/\/linen.eu\/en\/produkt\/the-patagonian-stripe-linen-coverlet-and-cushion-from-libeco\/#primaryimage"},"thumbnailUrl":"https:\/\/linen.eu\/wp-content\/uploads\/2026\/03\/The-Patagonian-Stripe-jan-2022-09-IMG_0542.jpg","datePublished":"2025-07-17T14:10:53+00:00","dateModified":"2026-04-13T09:08:47+00:00","description":"The Patagonien Stripe Leinen Coverlet und Kissen von Libeco \u271a Traditionelle echte Leinenweberei \u271a Gewebt und gen\u00e4ht in Belgien \u27a4 Jetzt einfach online kaufen","breadcrumb":{"@id":"https:\/\/linen.eu\/en\/produkt\/the-patagonian-stripe-linen-coverlet-and-cushion-from-libeco\/#breadcrumb"},"inLanguage":"en-US","potentialAction":[{"@type":"ReadAction","target":["https:\/\/linen.eu\/en\/produkt\/the-patagonian-stripe-linen-coverlet-and-cushion-from-libeco\/"]}]},{"@type":"ImageObject","inLanguage":"en-US","@id":"https:\/\/linen.eu\/en\/produkt\/the-patagonian-stripe-linen-coverlet-and-cushion-from-libeco\/#primaryimage","url":"https:\/\/linen.eu\/wp-content\/uploads\/2026\/03\/The-Patagonian-Stripe-jan-2022-09-IMG_0542.jpg","contentUrl":"https:\/\/linen.eu\/wp-content\/uploads\/2026\/03\/The-Patagonian-Stripe-jan-2022-09-IMG_0542.jpg","width":1600,"height":1200,"caption":"Eine Frau mit langen braunen Haaren liegt im Bett, umarmt ein gro\u00dfes wei\u00dfes Kissen und ruht ihren Kopf aus, w\u00e4hrend sie sich auf der gestreiften Bettw\u00e4sche entspannt, die durch The Patagonian Stripe Leinen Coverlet und Kissen von Libeco akzentuiert wird und einen ruhigen, friedlichen Touch hat."},{"@type":"BreadcrumbList","@id":"https:\/\/linen.eu\/en\/produkt\/the-patagonian-stripe-linen-coverlet-and-cushion-from-libeco\/#breadcrumb","itemListElement":[{"@type":"ListItem","position":1,"name":"Startseite","item":"https:\/\/linen.eu\/en\/home\/"},{"@type":"ListItem","position":2,"name":"Shop","item":"https:\/\/linen.eu\/en\/shop\/"},{"@type":"ListItem","position":3,"name":"The Patagonian Stripe linen coverlet and cushion from Libeco"}]},{"@type":"WebSite","@id":"https:\/\/linen.eu\/en\/#website","url":"https:\/\/linen.eu\/en\/","name":"Linen.eu","description":"","publisher":{"@id":"https:\/\/linen.eu\/en\/#organization"},"potentialAction":[{"@type":"SearchAction","target":{"@type":"EntryPoint","urlTemplate":"https:\/\/linen.eu\/en\/?s={search_term_string}"},"query-input":{"@type":"PropertyValueSpecification","valueRequired":true,"valueName":"search_term_string"}}],"inLanguage":"en-US"},{"@type":"Organization","@id":"https:\/\/linen.eu\/en\/#organization","name":"Linen Lounge","alternateName":"linen.eu","url":"https:\/\/linen.eu\/en\/","logo":{"@type":"ImageObject","inLanguage":"en-US","@id":"https:\/\/linen.eu\/en\/#\/schema\/logo\/image\/","url":"https:\/\/linen.eu\/wp-content\/uploads\/2025\/10\/LinenLounge-NEU2.webp","contentUrl":"https:\/\/linen.eu\/wp-content\/uploads\/2025\/10\/LinenLounge-NEU2.webp","width":1800,"height":455,"caption":"Linen Lounge"},"image":{"@id":"https:\/\/linen.eu\/en\/#\/schema\/logo\/image\/"},"sameAs":["https:\/\/linen.eu","https:\/\/x.com\/linenlounge","https:\/\/www.instagram.com\/linen.lounge?igsh=MW81aGhiY2VxZGRpMw==&utm_source=qr","http:\/\/www.youtube.com\/@Linenlounge"],"description":"Online Fachhandel f\u00fcr europ\u00e4ische Leinen-Bettw\u00e4sche und Heimtextilien aus traditionellen Webereien wie Leitner Leinen, Schlitzer Leinen, Libeco, Vieb\u00f6ck und Hoffmann.","email":"info@linen.eu","telephone":"+49 (0) 69 90738860","legalName":"Linen UG (haftungsbeschr\u00e4nkt)","foundingDate":"2015-04-08","numberOfEmployees":{"@type":"QuantitativeValue","minValue":"1","maxValue":"10"}}]},"product_brand":"Libeco Coverlets &amp; Pillowcase","og_availability":"instock","product_availability":"instock","product_retailer_item_id":"111101617521","product_condition":"new"},"_links":{"self":[{"href":"https:\/\/linen.eu\/en\/wp-json\/wp\/v2\/product\/139197","targetHints":{"allow":["GET"]}}],"collection":[{"href":"https:\/\/linen.eu\/en\/wp-json\/wp\/v2\/product"}],"about":[{"href":"https:\/\/linen.eu\/en\/wp-json\/wp\/v2\/types\/product"}],"replies":[{"embeddable":true,"href":"https:\/\/linen.eu\/en\/wp-json\/wp\/v2\/comments?post=139197"}],"wp:featuredmedia":[{"embeddable":true,"href":"https:\/\/linen.eu\/en\/wp-json\/wp\/v2\/media\/139189"}],"wp:attachment":[{"href":"https:\/\/linen.eu\/en\/wp-json\/wp\/v2\/media?parent=139197"}],"wp:term":[{"taxonomy":"product_brand","embeddable":true,"href":"https:\/\/linen.eu\/en\/wp-json\/wp\/v2\/product_brand?post=139197"},{"taxonomy":"product_cat","embeddable":true,"href":"https:\/\/linen.eu\/en\/wp-json\/wp\/v2\/product_cat?post=139197"},{"taxonomy":"product_tag","embeddable":true,"href":"https:\/\/linen.eu\/en\/wp-json\/wp\/v2\/product_tag?post=139197"}],"curies":[{"name":"wp","href":"https:\/\/api.w.org\/{rel}","templated":true}]}}