{"id":139994,"date":"2025-07-17T15:09:41","date_gmt":"2025-07-17T13:09:41","guid":{"rendered":"https:\/\/linen.eu\/produkt\/heritage-flax-organic-linen-bedding-from-libeco\/"},"modified":"2026-04-12T00:24:03","modified_gmt":"2026-04-11T22:24:03","slug":"heritage-flax-organic-linen-bedding-from-libeco","status":"publish","type":"product","link":"https:\/\/linen.eu\/en\/produkt\/heritage-flax-organic-linen-bedding-from-libeco\/","title":{"rendered":"Heritage Flax organic linen bedding from Libeco"},"content":{"rendered":"<h2>&#8220;Heritage Flax Organic Linen Bedding by Libeco&#8221;<\/h2>\n<p>The Heritage Flax Organic Linen Bedding by Libeco comes in the natural colour of linen. The pieces demonstrate that linen looks very attractive even undyed or unbleached. Linen bedding creates a wonderful sleeping experience. And when it comes to protecting the environment and sustainable development, linen is a true champion. The Heritage collection raises the bar even higher. Certified by the environmental institute GOTS, Libeco produces this collection in the most environmentally friendly and socially responsible way possible.<\/p>\n<h3>European Organic Linen<\/h3>\n<p>Linen bedding lets your skin breathe better. When it comes to our skin, linen is the perfect fabric. Thanks to its long, smooth fibres, linen absorbs a great deal of moisture and repels dirt. Linen is an intelligent fabric because it balances temperatures. Linen provides pleasant coolness in summer and cosy warmth in winter. The long linen fibres ensure that linen bedding stays fresh much longer. The linen fabric has been treated purely mechanically and is therefore very soft and skin-friendly. Linen treated this way wrinkles less while preserving the naturalness and all the benefits of linen. Libeco is deeply committed to organic linen and absolute sustainability in all manufacturing steps, which is why creating GOTS-certified linen bedding in the Heritage collection was a logical next step.<\/p>\n<h3>The Weaving Mill<\/h3>\n<p><a href=\"https:\/\/linen.eu\/brand\/libeco\/\">Libeco<\/a> received the Belgian Royal Warrant in 2006 \u2013 an impressive recognition of the quality of their bedding. The &#8220;Belgian Linen&#8221; quality seal guarantees a product made according to the highest standards of sustainable production. All Libeco fabrics carry the coveted &#8220;Masters of Linen&#8221; label, which certifies that they meet the extremely high requirements of this master class and are manufactured exclusively in Europe. &#8220;Eco Line&#8221; and &#8220;Oeko-Tex&#8221; provide the assurance that Libeco fabrics are free from harmful substances and have not been chemically treated, bleached, or dyed.<\/p>\n<p>As a sheet we recommend the fine linen flat sheets and fitted sheets from the Heritage collection by Libeco.<\/p>\n<h3>The Product: Heritage Flax Organic Linen Bedding by <a href=\"https:\/\/linen.eu\/en\/linen-weaving-mills\/libeco\/\">Libeco<\/a><\/h3>\n<p>Available as duvet cover, pillowcase, fitted sheet, flat sheet, and bedspread.<br \/>\n100% washed linen. Heavy quality at 190 grams per square metre<br \/>\nPillowcase with button closure<br \/>\nDuvet cover with button closure: 135 x 200 cm \/ 155 x 220 cm \/ 160 x 210 cm<br \/>\nDuvet cover with bottle-neck closure: 140 x 200 cm \/ 200 x 200 cm \/ 240 x 220 cm<br \/>\nYarn count: Nm 26<br \/>\nColour: Flax \u2013 the natural colour of linen<br \/>\nMasters of Linen quality<br \/>\nWe manufacture the listed sizes within the specified delivery period. Custom sizes can be produced on request.<br \/>\nMade in Belgium.<\/p>\n<h3>Care Instructions<\/h3>\n<p>Coloured linen can be washed up to 60\u00b0C, white up to 95\u00b0C. As with all materials, washing at lower temperatures extends the life of linen. Avoid detergents with optical brighteners as they bleach out natural colours. Linen needs sufficient residual moisture to prevent excessive wrinkling. Do not overfill the washing machine, and do not spin too hard or for too long. If you wish to iron linen, use the hot setting on your iron while the fabric is still slightly damp. Although convenient, avoid tumble drying linen. Over-drying may cause shrinkage.<\/p>\n","protected":false},"excerpt":{"rendered":"<ul>\n<li><strong>The natural colour of flax<\/strong> \u2013 undyed and unbleached, Flax reveals the pure beauty of the fibre. Libeco Heritage collection<\/li>\n<li><strong>Lightweight with substance<\/strong> \u2013 190 g\/m\u00b2 organic linen, washed and immediately soft. Becomes even more pleasant with every wash<\/li>\n<li><strong>GOTS certified and CO2-neutral<\/strong> \u2013 controlled from sowing to packaging. Masters of Linen seal for European flax<\/li>\n<li><strong>Moisture buffer for the night<\/strong> \u2013 linen absorbs perspiration and releases it quickly. Mornings, the bed feels dry<\/li>\n<li><strong>Belgian craftsmanship since 1858<\/strong> \u2013 Royal Warrant of the Crown. Six duvet cover and six pillowcase sizes available<\/li>\n<\/ul>\n","protected":false},"featured_media":139991,"comment_status":"open","ping_status":"closed","template":"","meta":{"_acf_changed":false},"product_brand":[4801,4802],"product_cat":[3786,3787,3788,3789,3790,3862,3932,3728,3938,3785],"product_tag":[3639,3640,3641,3731,3750],"class_list":{"0":"post-139994","1":"product","2":"type-product","3":"status-publish","4":"has-post-thumbnail","6":"product_brand-libeco","7":"product_brand-libeco-bed-linen","8":"product_cat-155x220","9":"product_cat-135x200","10":"product_cat-200x200","11":"product_cat-200x220","12":"product_cat-220x240","13":"product_cat-160x210","14":"product_cat-bed-linen-made-from-organic-linen","15":"product_cat-bedroom","16":"product_cat-linen-pillowcases","17":"product_cat-linen-bedding","18":"product_tag-organic-linen","19":"product_tag-all-year","20":"product_tag-linen","21":"product_tag-natural-fiber","22":"product_tag-gots-certified","24":"first","25":"instock","26":"taxable","27":"shipping-taxable","28":"purchasable","29":"product-type-variable"},"acf":[],"yoast_head":"<!-- This site is optimized with the Yoast SEO Premium plugin v27.3 (Yoast SEO v27.3) - https:\/\/yoast.com\/product\/yoast-seo-premium-wordpress\/ -->\n<title>Heritage Flax organic linen bedding from Libeco - Linen.eu<\/title>\n<meta name=\"description\" content=\"Heritage Flax organic linen bedding from Libeco \u271a Traditional genuine linen weaving \u271a Woven and sewn in Belgium\" \/>\n<meta name=\"robots\" content=\"index, follow, max-snippet:-1, max-image-preview:large, max-video-preview:-1\" \/>\n<link rel=\"canonical\" href=\"https:\/\/linen.eu\/en\/produkt\/heritage-flax-organic-linen-bedding-from-libeco\/\" \/>\n<meta property=\"og:locale\" content=\"en_US\" \/>\n<meta property=\"og:type\" content=\"article\" \/>\n<meta property=\"og:title\" content=\"Heritage Flax organic linen bedding from Libeco\" \/>\n<meta property=\"og:description\" content=\"Heritage Flax organic linen bedding from Libeco \u271a Traditional genuine linen weaving \u271a Woven and sewn in Belgium\" \/>\n<meta property=\"og:url\" content=\"https:\/\/linen.eu\/en\/produkt\/heritage-flax-organic-linen-bedding-from-libeco\/\" \/>\n<meta property=\"og:site_name\" content=\"Linen.eu\" \/>\n<meta property=\"article:publisher\" content=\"https:\/\/linen.eu\" \/>\n<meta property=\"article:modified_time\" content=\"2026-04-11T22:24:03+00:00\" \/>\n<meta property=\"og:image\" content=\"https:\/\/linen.eu\/wp-content\/uploads\/2026\/03\/heritage-flax-cover-006.jpg\" \/>\n\t<meta property=\"og:image:width\" content=\"1600\" \/>\n\t<meta property=\"og:image:height\" content=\"1200\" \/>\n\t<meta property=\"og:image:type\" content=\"image\/jpeg\" \/>\n<meta name=\"twitter:card\" content=\"summary_large_image\" \/>\n<meta name=\"twitter:site\" content=\"@linenlounge\" \/>\n<meta name=\"twitter:label1\" content=\"Availability\" \/>\n\t<meta name=\"twitter:data1\" content=\"In stock\" \/>\n<script type=\"application\/ld+json\" class=\"yoast-schema-graph\">{\"@context\":\"https:\\\/\\\/schema.org\",\"@graph\":[{\"@type\":\"WebPage\",\"@id\":\"https:\\\/\\\/linen.eu\\\/en\\\/produkt\\\/heritage-flax-organic-linen-bedding-from-libeco\\\/\",\"url\":\"https:\\\/\\\/linen.eu\\\/en\\\/produkt\\\/heritage-flax-organic-linen-bedding-from-libeco\\\/\",\"name\":\"Heritage Flax organic linen bedding from Libeco - Linen.eu\",\"isPartOf\":{\"@id\":\"https:\\\/\\\/linen.eu\\\/en\\\/#website\"},\"primaryImageOfPage\":{\"@id\":\"https:\\\/\\\/linen.eu\\\/en\\\/produkt\\\/heritage-flax-organic-linen-bedding-from-libeco\\\/#primaryimage\"},\"image\":{\"@id\":\"https:\\\/\\\/linen.eu\\\/en\\\/produkt\\\/heritage-flax-organic-linen-bedding-from-libeco\\\/#primaryimage\"},\"thumbnailUrl\":\"https:\\\/\\\/linen.eu\\\/wp-content\\\/uploads\\\/2026\\\/03\\\/heritage-flax-cover-006.jpg\",\"datePublished\":\"2025-07-17T13:09:41+00:00\",\"dateModified\":\"2026-04-11T22:24:03+00:00\",\"description\":\"Heritage Flax organic linen bedding from Libeco \u271a Traditional genuine linen weaving \u271a Woven and sewn in Belgium\",\"breadcrumb\":{\"@id\":\"https:\\\/\\\/linen.eu\\\/en\\\/produkt\\\/heritage-flax-organic-linen-bedding-from-libeco\\\/#breadcrumb\"},\"inLanguage\":\"en-US\",\"potentialAction\":[{\"@type\":\"ReadAction\",\"target\":[\"https:\\\/\\\/linen.eu\\\/en\\\/produkt\\\/heritage-flax-organic-linen-bedding-from-libeco\\\/\"]}]},{\"@type\":\"ImageObject\",\"inLanguage\":\"en-US\",\"@id\":\"https:\\\/\\\/linen.eu\\\/en\\\/produkt\\\/heritage-flax-organic-linen-bedding-from-libeco\\\/#primaryimage\",\"url\":\"https:\\\/\\\/linen.eu\\\/wp-content\\\/uploads\\\/2026\\\/03\\\/heritage-flax-cover-006.jpg\",\"contentUrl\":\"https:\\\/\\\/linen.eu\\\/wp-content\\\/uploads\\\/2026\\\/03\\\/heritage-flax-cover-006.jpg\",\"width\":1600,\"height\":1200},{\"@type\":\"BreadcrumbList\",\"@id\":\"https:\\\/\\\/linen.eu\\\/en\\\/produkt\\\/heritage-flax-organic-linen-bedding-from-libeco\\\/#breadcrumb\",\"itemListElement\":[{\"@type\":\"ListItem\",\"position\":1,\"name\":\"Startseite\",\"item\":\"https:\\\/\\\/linen.eu\\\/en\\\/home\\\/\"},{\"@type\":\"ListItem\",\"position\":2,\"name\":\"Shop\",\"item\":\"https:\\\/\\\/linen.eu\\\/en\\\/shop\\\/\"},{\"@type\":\"ListItem\",\"position\":3,\"name\":\"Heritage Flax organic linen bedding from Libeco\"}]},{\"@type\":\"WebSite\",\"@id\":\"https:\\\/\\\/linen.eu\\\/en\\\/#website\",\"url\":\"https:\\\/\\\/linen.eu\\\/en\\\/\",\"name\":\"Linen.eu\",\"description\":\"\",\"publisher\":{\"@id\":\"https:\\\/\\\/linen.eu\\\/en\\\/#organization\"},\"potentialAction\":[{\"@type\":\"SearchAction\",\"target\":{\"@type\":\"EntryPoint\",\"urlTemplate\":\"https:\\\/\\\/linen.eu\\\/en\\\/?s={search_term_string}\"},\"query-input\":{\"@type\":\"PropertyValueSpecification\",\"valueRequired\":true,\"valueName\":\"search_term_string\"}}],\"inLanguage\":\"en-US\"},{\"@type\":\"Organization\",\"@id\":\"https:\\\/\\\/linen.eu\\\/en\\\/#organization\",\"name\":\"Linen Lounge\",\"alternateName\":\"linen.eu\",\"url\":\"https:\\\/\\\/linen.eu\\\/en\\\/\",\"logo\":{\"@type\":\"ImageObject\",\"inLanguage\":\"en-US\",\"@id\":\"https:\\\/\\\/linen.eu\\\/en\\\/#\\\/schema\\\/logo\\\/image\\\/\",\"url\":\"https:\\\/\\\/linen.eu\\\/wp-content\\\/uploads\\\/2025\\\/10\\\/LinenLounge-NEU2.webp\",\"contentUrl\":\"https:\\\/\\\/linen.eu\\\/wp-content\\\/uploads\\\/2025\\\/10\\\/LinenLounge-NEU2.webp\",\"width\":1800,\"height\":455,\"caption\":\"Linen Lounge\"},\"image\":{\"@id\":\"https:\\\/\\\/linen.eu\\\/en\\\/#\\\/schema\\\/logo\\\/image\\\/\"},\"sameAs\":[\"https:\\\/\\\/linen.eu\",\"https:\\\/\\\/x.com\\\/linenlounge\",\"https:\\\/\\\/www.instagram.com\\\/linen.lounge?igsh=MW81aGhiY2VxZGRpMw==&utm_source=qr\",\"http:\\\/\\\/www.youtube.com\\\/@Linenlounge\"],\"description\":\"Online Fachhandel f\u00fcr europ\u00e4ische Leinen-Bettw\u00e4sche und Heimtextilien aus traditionellen Webereien wie Leitner Leinen, Schlitzer Leinen, Libeco, Vieb\u00f6ck und Hoffmann.\",\"email\":\"info@linen.eu\",\"telephone\":\"+49 (0) 69 90738860\",\"legalName\":\"Linen UG (haftungsbeschr\u00e4nkt)\",\"foundingDate\":\"2015-04-08\",\"numberOfEmployees\":{\"@type\":\"QuantitativeValue\",\"minValue\":\"1\",\"maxValue\":\"10\"}}]}<\/script>\n<meta property=\"product:brand\" content=\"Libeco \u2013 Real Fabric at Home the World Over\" \/>\n<meta property=\"og:availability\" content=\"instock\" \/>\n<meta property=\"product:availability\" content=\"instock\" \/>\n<meta property=\"product:retailer_item_id\" content=\"111101216112\" \/>\n<meta property=\"product:condition\" content=\"new\" \/>\n<!-- \/ Yoast SEO Premium plugin. -->","yoast_head_json":{"title":"Heritage Flax organic linen bedding from Libeco - Linen.eu","description":"Heritage Flax organic linen bedding from Libeco \u271a Traditional genuine linen weaving \u271a Woven and sewn in Belgium","robots":{"index":"index","follow":"follow","max-snippet":"max-snippet:-1","max-image-preview":"max-image-preview:large","max-video-preview":"max-video-preview:-1"},"canonical":"https:\/\/linen.eu\/en\/produkt\/heritage-flax-organic-linen-bedding-from-libeco\/","og_locale":"en_US","og_type":"article","og_title":"Heritage Flax organic linen bedding from Libeco","og_description":"Heritage Flax organic linen bedding from Libeco \u271a Traditional genuine linen weaving \u271a Woven and sewn in Belgium","og_url":"https:\/\/linen.eu\/en\/produkt\/heritage-flax-organic-linen-bedding-from-libeco\/","og_site_name":"Linen.eu","article_publisher":"https:\/\/linen.eu","article_modified_time":"2026-04-11T22:24:03+00:00","og_image":[{"width":1600,"height":1200,"url":"https:\/\/linen.eu\/wp-content\/uploads\/2026\/03\/heritage-flax-cover-006.jpg","type":"image\/jpeg"}],"twitter_card":"summary_large_image","twitter_site":"@linenlounge","twitter_misc":{"Availability":"In stock"},"schema":{"@context":"https:\/\/schema.org","@graph":[{"@type":"WebPage","@id":"https:\/\/linen.eu\/en\/produkt\/heritage-flax-organic-linen-bedding-from-libeco\/","url":"https:\/\/linen.eu\/en\/produkt\/heritage-flax-organic-linen-bedding-from-libeco\/","name":"Heritage Flax organic linen bedding from Libeco - Linen.eu","isPartOf":{"@id":"https:\/\/linen.eu\/en\/#website"},"primaryImageOfPage":{"@id":"https:\/\/linen.eu\/en\/produkt\/heritage-flax-organic-linen-bedding-from-libeco\/#primaryimage"},"image":{"@id":"https:\/\/linen.eu\/en\/produkt\/heritage-flax-organic-linen-bedding-from-libeco\/#primaryimage"},"thumbnailUrl":"https:\/\/linen.eu\/wp-content\/uploads\/2026\/03\/heritage-flax-cover-006.jpg","datePublished":"2025-07-17T13:09:41+00:00","dateModified":"2026-04-11T22:24:03+00:00","description":"Heritage Flax organic linen bedding from Libeco \u271a Traditional genuine linen weaving \u271a Woven and sewn in Belgium","breadcrumb":{"@id":"https:\/\/linen.eu\/en\/produkt\/heritage-flax-organic-linen-bedding-from-libeco\/#breadcrumb"},"inLanguage":"en-US","potentialAction":[{"@type":"ReadAction","target":["https:\/\/linen.eu\/en\/produkt\/heritage-flax-organic-linen-bedding-from-libeco\/"]}]},{"@type":"ImageObject","inLanguage":"en-US","@id":"https:\/\/linen.eu\/en\/produkt\/heritage-flax-organic-linen-bedding-from-libeco\/#primaryimage","url":"https:\/\/linen.eu\/wp-content\/uploads\/2026\/03\/heritage-flax-cover-006.jpg","contentUrl":"https:\/\/linen.eu\/wp-content\/uploads\/2026\/03\/heritage-flax-cover-006.jpg","width":1600,"height":1200},{"@type":"BreadcrumbList","@id":"https:\/\/linen.eu\/en\/produkt\/heritage-flax-organic-linen-bedding-from-libeco\/#breadcrumb","itemListElement":[{"@type":"ListItem","position":1,"name":"Startseite","item":"https:\/\/linen.eu\/en\/home\/"},{"@type":"ListItem","position":2,"name":"Shop","item":"https:\/\/linen.eu\/en\/shop\/"},{"@type":"ListItem","position":3,"name":"Heritage Flax organic linen bedding from Libeco"}]},{"@type":"WebSite","@id":"https:\/\/linen.eu\/en\/#website","url":"https:\/\/linen.eu\/en\/","name":"Linen.eu","description":"","publisher":{"@id":"https:\/\/linen.eu\/en\/#organization"},"potentialAction":[{"@type":"SearchAction","target":{"@type":"EntryPoint","urlTemplate":"https:\/\/linen.eu\/en\/?s={search_term_string}"},"query-input":{"@type":"PropertyValueSpecification","valueRequired":true,"valueName":"search_term_string"}}],"inLanguage":"en-US"},{"@type":"Organization","@id":"https:\/\/linen.eu\/en\/#organization","name":"Linen Lounge","alternateName":"linen.eu","url":"https:\/\/linen.eu\/en\/","logo":{"@type":"ImageObject","inLanguage":"en-US","@id":"https:\/\/linen.eu\/en\/#\/schema\/logo\/image\/","url":"https:\/\/linen.eu\/wp-content\/uploads\/2025\/10\/LinenLounge-NEU2.webp","contentUrl":"https:\/\/linen.eu\/wp-content\/uploads\/2025\/10\/LinenLounge-NEU2.webp","width":1800,"height":455,"caption":"Linen Lounge"},"image":{"@id":"https:\/\/linen.eu\/en\/#\/schema\/logo\/image\/"},"sameAs":["https:\/\/linen.eu","https:\/\/x.com\/linenlounge","https:\/\/www.instagram.com\/linen.lounge?igsh=MW81aGhiY2VxZGRpMw==&utm_source=qr","http:\/\/www.youtube.com\/@Linenlounge"],"description":"Online Fachhandel f\u00fcr europ\u00e4ische Leinen-Bettw\u00e4sche und Heimtextilien aus traditionellen Webereien wie Leitner Leinen, Schlitzer Leinen, Libeco, Vieb\u00f6ck und Hoffmann.","email":"info@linen.eu","telephone":"+49 (0) 69 90738860","legalName":"Linen UG (haftungsbeschr\u00e4nkt)","foundingDate":"2015-04-08","numberOfEmployees":{"@type":"QuantitativeValue","minValue":"1","maxValue":"10"}}]},"product_brand":"Libeco \u2013 Real Fabric at Home the World Over","og_availability":"instock","product_availability":"instock","product_retailer_item_id":"111101216112","product_condition":"new"},"_links":{"self":[{"href":"https:\/\/linen.eu\/en\/wp-json\/wp\/v2\/product\/139994","targetHints":{"allow":["GET"]}}],"collection":[{"href":"https:\/\/linen.eu\/en\/wp-json\/wp\/v2\/product"}],"about":[{"href":"https:\/\/linen.eu\/en\/wp-json\/wp\/v2\/types\/product"}],"replies":[{"embeddable":true,"href":"https:\/\/linen.eu\/en\/wp-json\/wp\/v2\/comments?post=139994"}],"wp:featuredmedia":[{"embeddable":true,"href":"https:\/\/linen.eu\/en\/wp-json\/wp\/v2\/media\/139991"}],"wp:attachment":[{"href":"https:\/\/linen.eu\/en\/wp-json\/wp\/v2\/media?parent=139994"}],"wp:term":[{"taxonomy":"product_brand","embeddable":true,"href":"https:\/\/linen.eu\/en\/wp-json\/wp\/v2\/product_brand?post=139994"},{"taxonomy":"product_cat","embeddable":true,"href":"https:\/\/linen.eu\/en\/wp-json\/wp\/v2\/product_cat?post=139994"},{"taxonomy":"product_tag","embeddable":true,"href":"https:\/\/linen.eu\/en\/wp-json\/wp\/v2\/product_tag?post=139994"}],"curies":[{"name":"wp","href":"https:\/\/api.w.org\/{rel}","templated":true}]}}