{"id":140416,"date":"2025-07-17T16:54:36","date_gmt":"2025-07-17T14:54:36","guid":{"rendered":"https:\/\/linen.eu\/produkt\/hemp-bed-linen-natural-from-vieboeck-226-00\/"},"modified":"2026-04-12T00:23:18","modified_gmt":"2026-04-11T22:23:18","slug":"hemp-bed-linen-natural-from-vieboeck-226-00","status":"publish","type":"product","link":"https:\/\/linen.eu\/en\/produkt\/hemp-bed-linen-natural-from-vieboeck-226-00\/","title":{"rendered":"Hemp bed linen Natural from Vieb\u00f6ck 226\/00"},"content":{"rendered":"<h2>&#8220;Hemp Bed Linen Natural from Vieb\u00f6ck&#8221;<\/h2>\n<p>The Hemp Bed Linen Natural from Vieb\u00f6ck is a new design from the Vieb\u00f6ck linen weaving mill. Common hemp is an ancient cultivated plant that is experiencing a strong revival. The applications of this ecological and sustainable multi-talent are diverse: as insulation material, in medicine, in paper production, in the food industry and of course in the textile sector. Vieb\u00f6ck&#8217;s new natural hemp fabric is particularly popular. The warming hemp weave is very resilient and feels particularly smooth and soft on the skin. And the cool clarity of the pattern supports a pleasant detachment of thoughts. The best conditions for a carefree journey into the realm of dreams. Each set of bed linen is made exclusively to order for you.<\/p>\n<h3>European Organic Linen<\/h3>\n<p>Linen bedding lets your skin breathe better. When it comes to our skin, linen is the perfect fabric. Thanks to its long, smooth fibres, linen absorbs a great deal of moisture and repels dirt. Linen is an intelligent fabric because it regulates temperature. Linen provides pleasant coolness in summer and creates cosy warmth in winter. The long linen fibres ensure that linen bedding stays fresh much longer. The linen fabric has been treated purely mechanically, making it very soft and skin-friendly. Linen treated in this way wrinkles less while preserving the natural qualities and all the benefits of linen. Vieb\u00f6ck is deeply committed to organic linen and unconditional sustainability in every step of production, making the creation of GOTS-certified linen bedding a natural step.<\/p>\n<h3>The Weaving Mill<\/h3>\n<p><a href=\"https:\/\/linen.eu\/en\/linen-weaving-mills\/vieboeck\/\">Vieb\u00f6ck<\/a> has been weaving linen and cotton fabrics for more than 185 years, both in traditional M\u00fchlviertel patterns and in modern designs. This makes them one of the oldest and most traditional companies in Austria. The International Association of Natural Textile Industry (IVN) has awarded Vieb\u00f6ck both GOTS and IVN BEST certification. This guarantees the highest standards for textiles in ecological and socially responsible production.<br \/>\nThese more than 180 years of tradition are combined at Vieb\u00f6ck with modern values such as ecology, sustainability and product clarity. The linen yarns come exclusively from environmentally friendly and sustainable cultivation in Europe (France, Belgium and the Netherlands). The finishing is purely mechanical and natural, the fabrics are dyed with reactive dyes and plant-based dyes in Lower Austria. Christine and Carmen sew this bed linen with great care exclusively for you. All Vieb\u00f6ck fabrics are woven exclusively in Helfenberg.<\/p>\n<p>As a bed sheet, we recommend the fine linen flat sheets and fitted sheets from Vieb\u00f6ck. Each order is individually made for you.<\/p>\n<h3>The Product: Hemp Bed Linen Natural from <a href=\"https:\/\/linen.eu\/en\/magazine\/\">Vieb\u00f6ck<\/a><\/h3>\n<p>Available as duvet cover, pillowcase and flat sheet<br \/>\n100% linen, washed. Heavy quality of 184 grams per square metre, produced CO\u2082 neutral<br \/>\nDuvets and pillows with twisted-yarn buttons. A zip can also be fitted on request<br \/>\nWeave: Plain weave<br \/>\nThread fineness: Nm 26<br \/>\nPattern: Plain. Light and summery<br \/>\nMasters of Linen award. Certified organic quality<br \/>\nMade in Austria.<\/p>\n<h3>Care Instructions<\/h3>\n<p>Coloured linen can be washed at up to 60\u00b0C, white linen at up to 95\u00b0C. As with all materials, the same applies to linen: washing at lower temperatures makes it last longer. What linen does not tolerate are detergents with optical brighteners, as they strongly bleach the natural colours and the fabric becomes pale. Wrinkling: Linen needs sufficient residual moisture so that it does not wrinkle as much. Do not overload the machine so the fabric can move freely, and do not spin linen too hard or too long. If you wish to iron linen, iron the items on the hot &#8220;linen&#8221; setting of your iron while they are still slightly damp. Even if it is convenient: avoid drying linen in the tumble dryer. Over-drying can cause shrinkage.<\/p>\n","protected":false},"excerpt":{"rendered":"<ul>\n<li><strong>Pure hemp fibre<\/strong> \u2013 an ancient cultivated plant rediscovered, warming, resilient and surprisingly smooth on the skin<\/li>\n<li><strong>Natural and undyed<\/strong> \u2013 the warm, earthy tone comes entirely from the fibre itself, without dyeing or bleaching<\/li>\n<li><strong>Ecological all-rounder<\/strong> \u2013 hemp grows without pesticides, requires almost no irrigation and binds more CO\u2082 than cotton<\/li>\n<li><strong>Helfenberg manufactory<\/strong> \u2013 Vieb\u00f6ck has been weaving for over 185 years, double certified with GOTS and IVN BEST<\/li>\n<li><strong>Made to order<\/strong> \u2013 184 g\/m\u00b2, Nm 26, each set individually sewn with twisted-yarn buttons<\/li>\n<\/ul>\n","protected":false},"featured_media":140409,"comment_status":"open","ping_status":"closed","template":"","meta":{"_acf_changed":false},"product_brand":[4793,4796],"product_cat":[3748,3785,3786,3977,3787,3788,3789,3862,3932,3728],"product_tag":[3731,3750,3639,3640],"class_list":{"0":"post-140416","1":"product","2":"type-product","3":"status-publish","4":"has-post-thumbnail","6":"product_brand-vieboeck","7":"product_brand-vieboeck-hemp-bed-linen","8":"product_cat-product","9":"product_cat-linen-bedding","10":"product_cat-155x220","11":"product_cat-hemp-bedding","12":"product_cat-135x200","13":"product_cat-200x200","14":"product_cat-200x220","15":"product_cat-160x210","16":"product_cat-bed-linen-made-from-organic-linen","17":"product_cat-bedroom","18":"product_tag-natural-fiber","19":"product_tag-gots-certified","20":"product_tag-organic-linen","21":"product_tag-all-year","23":"first","24":"instock","25":"taxable","26":"shipping-taxable","27":"purchasable","28":"product-type-variable"},"acf":[],"yoast_head":"<!-- This site is optimized with the Yoast SEO Premium plugin v27.4 (Yoast SEO v27.4) - https:\/\/yoast.com\/product\/yoast-seo-premium-wordpress\/ -->\n<title>Hemp bed linen Natural from Vieb\u00f6ck 226\/00 - Linen Lounge<\/title>\n<meta name=\"description\" content=\"Hemp bed linen Natural from Vieb\u00f6ck 226\/00 \u271a Traditional genuine linen weaving \u271a Spun and sewn in Austria\" \/>\n<meta name=\"robots\" content=\"index, follow, max-snippet:-1, max-image-preview:large, max-video-preview:-1\" \/>\n<link rel=\"canonical\" href=\"https:\/\/linen.eu\/en\/produkt\/hemp-bed-linen-natural-from-vieboeck-226-00\/\" \/>\n<meta property=\"og:locale\" content=\"en_US\" \/>\n<meta property=\"og:type\" content=\"article\" \/>\n<meta property=\"og:title\" content=\"Hemp bed linen Natural from Vieb\u00f6ck 226\/00\" \/>\n<meta property=\"og:description\" content=\"Hemp bed linen Natural from Vieb\u00f6ck 226\/00 \u271a Traditional genuine linen weaving \u271a Spun and sewn in Austria\" \/>\n<meta property=\"og:url\" content=\"https:\/\/linen.eu\/en\/produkt\/hemp-bed-linen-natural-from-vieboeck-226-00\/\" \/>\n<meta property=\"og:site_name\" content=\"Linen.eu\" \/>\n<meta property=\"article:publisher\" content=\"https:\/\/linen.eu\" \/>\n<meta property=\"article:modified_time\" content=\"2026-04-11T22:23:18+00:00\" \/>\n<meta property=\"og:image\" content=\"https:\/\/linen.eu\/wp-content\/uploads\/2026\/03\/Hanf-Bettwaesche-Natur-von-Vieboeck-22600.png\" \/>\n\t<meta property=\"og:image:width\" content=\"1184\" \/>\n\t<meta property=\"og:image:height\" content=\"864\" \/>\n\t<meta property=\"og:image:type\" content=\"image\/png\" \/>\n<meta name=\"twitter:card\" content=\"summary_large_image\" \/>\n<meta name=\"twitter:site\" content=\"@linenlounge\" \/>\n<meta name=\"twitter:label1\" content=\"Availability\" \/>\n\t<meta name=\"twitter:data1\" content=\"In stock\" \/>\n<script type=\"application\/ld+json\" class=\"yoast-schema-graph\">{\"@context\":\"https:\\\/\\\/schema.org\",\"@graph\":[{\"@type\":\"WebPage\",\"@id\":\"https:\\\/\\\/linen.eu\\\/en\\\/produkt\\\/hemp-bed-linen-natural-from-vieboeck-226-00\\\/\",\"url\":\"https:\\\/\\\/linen.eu\\\/en\\\/produkt\\\/hemp-bed-linen-natural-from-vieboeck-226-00\\\/\",\"name\":\"Hemp bed linen Natural from Vieb\u00f6ck 226\\\/00 - Linen Lounge\",\"isPartOf\":{\"@id\":\"https:\\\/\\\/linen.eu\\\/en\\\/#website\"},\"primaryImageOfPage\":{\"@id\":\"https:\\\/\\\/linen.eu\\\/en\\\/produkt\\\/hemp-bed-linen-natural-from-vieboeck-226-00\\\/#primaryimage\"},\"image\":{\"@id\":\"https:\\\/\\\/linen.eu\\\/en\\\/produkt\\\/hemp-bed-linen-natural-from-vieboeck-226-00\\\/#primaryimage\"},\"thumbnailUrl\":\"https:\\\/\\\/linen.eu\\\/wp-content\\\/uploads\\\/2026\\\/03\\\/Hanf-Bettwaesche-Natur-von-Vieboeck-22600.png\",\"datePublished\":\"2025-07-17T14:54:36+00:00\",\"dateModified\":\"2026-04-11T22:23:18+00:00\",\"description\":\"Hemp bed linen Natural from Vieb\u00f6ck 226\\\/00 \u271a Traditional genuine linen weaving \u271a Spun and sewn in Austria\",\"breadcrumb\":{\"@id\":\"https:\\\/\\\/linen.eu\\\/en\\\/produkt\\\/hemp-bed-linen-natural-from-vieboeck-226-00\\\/#breadcrumb\"},\"inLanguage\":\"en-US\",\"potentialAction\":[{\"@type\":\"ReadAction\",\"target\":[\"https:\\\/\\\/linen.eu\\\/en\\\/produkt\\\/hemp-bed-linen-natural-from-vieboeck-226-00\\\/\"]}]},{\"@type\":\"ImageObject\",\"inLanguage\":\"en-US\",\"@id\":\"https:\\\/\\\/linen.eu\\\/en\\\/produkt\\\/hemp-bed-linen-natural-from-vieboeck-226-00\\\/#primaryimage\",\"url\":\"https:\\\/\\\/linen.eu\\\/wp-content\\\/uploads\\\/2026\\\/03\\\/Hanf-Bettwaesche-Natur-von-Vieboeck-22600.png\",\"contentUrl\":\"https:\\\/\\\/linen.eu\\\/wp-content\\\/uploads\\\/2026\\\/03\\\/Hanf-Bettwaesche-Natur-von-Vieboeck-22600.png\",\"width\":1184,\"height\":864},{\"@type\":\"BreadcrumbList\",\"@id\":\"https:\\\/\\\/linen.eu\\\/en\\\/produkt\\\/hemp-bed-linen-natural-from-vieboeck-226-00\\\/#breadcrumb\",\"itemListElement\":[{\"@type\":\"ListItem\",\"position\":1,\"name\":\"Startseite\",\"item\":\"https:\\\/\\\/linen.eu\\\/en\\\/home\\\/\"},{\"@type\":\"ListItem\",\"position\":2,\"name\":\"Shop\",\"item\":\"https:\\\/\\\/linen.eu\\\/en\\\/shop\\\/\"},{\"@type\":\"ListItem\",\"position\":3,\"name\":\"Hemp bed linen Natural from Vieb\u00f6ck 226\\\/00\"}]},{\"@type\":\"WebSite\",\"@id\":\"https:\\\/\\\/linen.eu\\\/en\\\/#website\",\"url\":\"https:\\\/\\\/linen.eu\\\/en\\\/\",\"name\":\"Linen Lounge\",\"description\":\"\",\"publisher\":{\"@id\":\"https:\\\/\\\/linen.eu\\\/en\\\/#organization\"},\"potentialAction\":[{\"@type\":\"SearchAction\",\"target\":{\"@type\":\"EntryPoint\",\"urlTemplate\":\"https:\\\/\\\/linen.eu\\\/en\\\/?s={search_term_string}\"},\"query-input\":{\"@type\":\"PropertyValueSpecification\",\"valueRequired\":true,\"valueName\":\"search_term_string\"}}],\"inLanguage\":\"en-US\"},{\"@type\":\"Organization\",\"@id\":\"https:\\\/\\\/linen.eu\\\/en\\\/#organization\",\"name\":\"Linen Lounge\",\"alternateName\":\"linen.eu\",\"url\":\"https:\\\/\\\/linen.eu\\\/en\\\/\",\"logo\":{\"@type\":\"ImageObject\",\"inLanguage\":\"en-US\",\"@id\":\"https:\\\/\\\/linen.eu\\\/en\\\/#\\\/schema\\\/logo\\\/image\\\/\",\"url\":\"https:\\\/\\\/linen.eu\\\/wp-content\\\/uploads\\\/2025\\\/10\\\/LinenLounge-NEU2.webp\",\"contentUrl\":\"https:\\\/\\\/linen.eu\\\/wp-content\\\/uploads\\\/2025\\\/10\\\/LinenLounge-NEU2.webp\",\"width\":1800,\"height\":455,\"caption\":\"Linen Lounge\"},\"image\":{\"@id\":\"https:\\\/\\\/linen.eu\\\/en\\\/#\\\/schema\\\/logo\\\/image\\\/\"},\"sameAs\":[\"https:\\\/\\\/linen.eu\",\"https:\\\/\\\/x.com\\\/linenlounge\",\"https:\\\/\\\/www.instagram.com\\\/linen.lounge?igsh=MW81aGhiY2VxZGRpMw==&utm_source=qr\",\"http:\\\/\\\/www.youtube.com\\\/@Linenlounge\"],\"description\":\"Online Fachhandel f\u00fcr europ\u00e4ische Leinen-Bettw\u00e4sche und Heimtextilien aus traditionellen Webereien wie Leitner Leinen, Schlitzer Leinen, Libeco, Vieb\u00f6ck und Hoffmann.\",\"email\":\"info@linen.eu\",\"telephone\":\"+49 (0) 69 90738860\",\"legalName\":\"Linen UG (haftungsbeschr\u00e4nkt)\",\"foundingDate\":\"2015-04-08\",\"numberOfEmployees\":{\"@type\":\"QuantitativeValue\",\"minValue\":\"1\",\"maxValue\":\"10\"}}]}<\/script>\n<meta property=\"product:brand\" content=\"Vieb\u00f6ck Linen Weaving Mill\" \/>\n<meta property=\"og:availability\" content=\"instock\" \/>\n<meta property=\"product:availability\" content=\"instock\" \/>\n<meta property=\"product:retailer_item_id\" content=\"118181265212\" \/>\n<meta property=\"product:condition\" content=\"new\" \/>\n<!-- \/ Yoast SEO Premium plugin. -->","yoast_head_json":{"title":"Hemp bed linen Natural from Vieb\u00f6ck 226\/00 - Linen Lounge","description":"Hemp bed linen Natural from Vieb\u00f6ck 226\/00 \u271a Traditional genuine linen weaving \u271a Spun and sewn in Austria","robots":{"index":"index","follow":"follow","max-snippet":"max-snippet:-1","max-image-preview":"max-image-preview:large","max-video-preview":"max-video-preview:-1"},"canonical":"https:\/\/linen.eu\/en\/produkt\/hemp-bed-linen-natural-from-vieboeck-226-00\/","og_locale":"en_US","og_type":"article","og_title":"Hemp bed linen Natural from Vieb\u00f6ck 226\/00","og_description":"Hemp bed linen Natural from Vieb\u00f6ck 226\/00 \u271a Traditional genuine linen weaving \u271a Spun and sewn in Austria","og_url":"https:\/\/linen.eu\/en\/produkt\/hemp-bed-linen-natural-from-vieboeck-226-00\/","og_site_name":"Linen.eu","article_publisher":"https:\/\/linen.eu","article_modified_time":"2026-04-11T22:23:18+00:00","og_image":[{"width":1184,"height":864,"url":"https:\/\/linen.eu\/wp-content\/uploads\/2026\/03\/Hanf-Bettwaesche-Natur-von-Vieboeck-22600.png","type":"image\/png"}],"twitter_card":"summary_large_image","twitter_site":"@linenlounge","twitter_misc":{"Availability":"In stock"},"schema":{"@context":"https:\/\/schema.org","@graph":[{"@type":"WebPage","@id":"https:\/\/linen.eu\/en\/produkt\/hemp-bed-linen-natural-from-vieboeck-226-00\/","url":"https:\/\/linen.eu\/en\/produkt\/hemp-bed-linen-natural-from-vieboeck-226-00\/","name":"Hemp bed linen Natural from Vieb\u00f6ck 226\/00 - Linen Lounge","isPartOf":{"@id":"https:\/\/linen.eu\/en\/#website"},"primaryImageOfPage":{"@id":"https:\/\/linen.eu\/en\/produkt\/hemp-bed-linen-natural-from-vieboeck-226-00\/#primaryimage"},"image":{"@id":"https:\/\/linen.eu\/en\/produkt\/hemp-bed-linen-natural-from-vieboeck-226-00\/#primaryimage"},"thumbnailUrl":"https:\/\/linen.eu\/wp-content\/uploads\/2026\/03\/Hanf-Bettwaesche-Natur-von-Vieboeck-22600.png","datePublished":"2025-07-17T14:54:36+00:00","dateModified":"2026-04-11T22:23:18+00:00","description":"Hemp bed linen Natural from Vieb\u00f6ck 226\/00 \u271a Traditional genuine linen weaving \u271a Spun and sewn in Austria","breadcrumb":{"@id":"https:\/\/linen.eu\/en\/produkt\/hemp-bed-linen-natural-from-vieboeck-226-00\/#breadcrumb"},"inLanguage":"en-US","potentialAction":[{"@type":"ReadAction","target":["https:\/\/linen.eu\/en\/produkt\/hemp-bed-linen-natural-from-vieboeck-226-00\/"]}]},{"@type":"ImageObject","inLanguage":"en-US","@id":"https:\/\/linen.eu\/en\/produkt\/hemp-bed-linen-natural-from-vieboeck-226-00\/#primaryimage","url":"https:\/\/linen.eu\/wp-content\/uploads\/2026\/03\/Hanf-Bettwaesche-Natur-von-Vieboeck-22600.png","contentUrl":"https:\/\/linen.eu\/wp-content\/uploads\/2026\/03\/Hanf-Bettwaesche-Natur-von-Vieboeck-22600.png","width":1184,"height":864},{"@type":"BreadcrumbList","@id":"https:\/\/linen.eu\/en\/produkt\/hemp-bed-linen-natural-from-vieboeck-226-00\/#breadcrumb","itemListElement":[{"@type":"ListItem","position":1,"name":"Startseite","item":"https:\/\/linen.eu\/en\/home\/"},{"@type":"ListItem","position":2,"name":"Shop","item":"https:\/\/linen.eu\/en\/shop\/"},{"@type":"ListItem","position":3,"name":"Hemp bed linen Natural from Vieb\u00f6ck 226\/00"}]},{"@type":"WebSite","@id":"https:\/\/linen.eu\/en\/#website","url":"https:\/\/linen.eu\/en\/","name":"Linen Lounge","description":"","publisher":{"@id":"https:\/\/linen.eu\/en\/#organization"},"potentialAction":[{"@type":"SearchAction","target":{"@type":"EntryPoint","urlTemplate":"https:\/\/linen.eu\/en\/?s={search_term_string}"},"query-input":{"@type":"PropertyValueSpecification","valueRequired":true,"valueName":"search_term_string"}}],"inLanguage":"en-US"},{"@type":"Organization","@id":"https:\/\/linen.eu\/en\/#organization","name":"Linen Lounge","alternateName":"linen.eu","url":"https:\/\/linen.eu\/en\/","logo":{"@type":"ImageObject","inLanguage":"en-US","@id":"https:\/\/linen.eu\/en\/#\/schema\/logo\/image\/","url":"https:\/\/linen.eu\/wp-content\/uploads\/2025\/10\/LinenLounge-NEU2.webp","contentUrl":"https:\/\/linen.eu\/wp-content\/uploads\/2025\/10\/LinenLounge-NEU2.webp","width":1800,"height":455,"caption":"Linen Lounge"},"image":{"@id":"https:\/\/linen.eu\/en\/#\/schema\/logo\/image\/"},"sameAs":["https:\/\/linen.eu","https:\/\/x.com\/linenlounge","https:\/\/www.instagram.com\/linen.lounge?igsh=MW81aGhiY2VxZGRpMw==&utm_source=qr","http:\/\/www.youtube.com\/@Linenlounge"],"description":"Online Fachhandel f\u00fcr europ\u00e4ische Leinen-Bettw\u00e4sche und Heimtextilien aus traditionellen Webereien wie Leitner Leinen, Schlitzer Leinen, Libeco, Vieb\u00f6ck und Hoffmann.","email":"info@linen.eu","telephone":"+49 (0) 69 90738860","legalName":"Linen UG (haftungsbeschr\u00e4nkt)","foundingDate":"2015-04-08","numberOfEmployees":{"@type":"QuantitativeValue","minValue":"1","maxValue":"10"}}]},"product_brand":"Vieb\u00f6ck Linen Weaving Mill","og_availability":"instock","product_availability":"instock","product_retailer_item_id":"118181265212","product_condition":"new"},"_links":{"self":[{"href":"https:\/\/linen.eu\/en\/wp-json\/wp\/v2\/product\/140416","targetHints":{"allow":["GET"]}}],"collection":[{"href":"https:\/\/linen.eu\/en\/wp-json\/wp\/v2\/product"}],"about":[{"href":"https:\/\/linen.eu\/en\/wp-json\/wp\/v2\/types\/product"}],"replies":[{"embeddable":true,"href":"https:\/\/linen.eu\/en\/wp-json\/wp\/v2\/comments?post=140416"}],"wp:featuredmedia":[{"embeddable":true,"href":"https:\/\/linen.eu\/en\/wp-json\/wp\/v2\/media\/140409"}],"wp:attachment":[{"href":"https:\/\/linen.eu\/en\/wp-json\/wp\/v2\/media?parent=140416"}],"wp:term":[{"taxonomy":"product_brand","embeddable":true,"href":"https:\/\/linen.eu\/en\/wp-json\/wp\/v2\/product_brand?post=140416"},{"taxonomy":"product_cat","embeddable":true,"href":"https:\/\/linen.eu\/en\/wp-json\/wp\/v2\/product_cat?post=140416"},{"taxonomy":"product_tag","embeddable":true,"href":"https:\/\/linen.eu\/en\/wp-json\/wp\/v2\/product_tag?post=140416"}],"curies":[{"name":"wp","href":"https:\/\/api.w.org\/{rel}","templated":true}]}}