{"id":140626,"date":"2025-07-18T10:55:11","date_gmt":"2025-07-18T08:55:11","guid":{"rendered":"https:\/\/linen.eu\/produkt\/linen-bed-sheet-from-the-hoffmann-linen-weaving-mill\/"},"modified":"2026-04-13T11:03:14","modified_gmt":"2026-04-13T09:03:14","slug":"linen-bed-sheet-from-the-hoffmann-linen-weaving-mill","status":"publish","type":"product","link":"https:\/\/linen.eu\/en\/produkt\/linen-bed-sheet-from-the-hoffmann-linen-weaving-mill\/","title":{"rendered":"Linen bed sheet from the Hoffmann linen weaving mill"},"content":{"rendered":"<h3>European organic linen<\/h3>\n<p>Linen bed linen allows the skin to breathe more easily. When it comes to our skin, linen is the perfect fabric. Thanks to its long, smooth fibres, linen absorbs a lot of moisture and repels dirt. Linen is a clever fabric because it regulates temperature. Linen provides pleasant coolness in summer and cosy warmth in winter. The long linen fibres ensure that linen bed linen stays fresh for much longer. The linen fabric has been treated purely mechanically and is therefore very soft and skin-friendly. Linen treated in this way creases less whilst retaining its natural qualities and all the benefits of linen.       <\/p>\n<p>We recommend the fine, pure white or natural linen-colored linen sheets and fitted sheets from Leinenweberei Hoffmann.<\/p>\n<h3>The product: Linen bed sheets from the <a href=\"https:\/\/linen.eu\/brand\/hoffmann\/\">Hoffmann Linen Mill<\/a><\/h3>\n<p>100% pre-washed linen. Produced in a climate-neutral manner<br \/>Heavyweight fabric weighing 185 grams per square metre<br \/>Masters of Linen quality \u2013 only linen from European crops is used<br \/>Pillows and duvets feature a button fastening with twisted-thread buttons<br \/>Linen bed linen from the Hoffmann Weaving Mill is made to measure and tailored to order for customers. You will find the most popular sizes in the menu at the top right. We can produce custom sizes on request.<br \/>Made in Germany.   <\/p>\n<h3>Care Instructions<\/h3>\n<p>Colored linen can be washed up to 60\u00b0, white up to 95\u00b0. As with all materials, linen will last longer if washed at a lower temperature. What linen does not tolerate are detergents with optical brighteners, they bleach out the natural colors and the fabric becomes light.<br id=\"mf280\">Linen needs sufficient residual moisture so that it does not crease. Do not overload the machine so that the fabric can move, do not spin linen too hard or for too long. If you want to iron linen, iron the items on the hot linen temperature setting of your iron when they are still a little damp.    <\/p>\n","protected":false},"excerpt":{"rendered":"<ul>\n<li><strong>Titanic First Class Legacy <\/strong>\u2013 Hoffmann linens adorned the cabins of the Lusitania and Titanic, and the suites of the Adlon and Ritz<\/li>\n<li><strong>185 g\/m\u00b2, pure organic linen<\/strong> \u2013 washed European linen, finished using purely mechanical methods, regulating temperature throughout the night<\/li>\n<li><strong>Upper Lusatian Manufactory <\/strong>\u2013 woven in Saxony, where the tradition of linen weaving has been established for centuries<\/li>\n<li><strong>Nine sizes, made to measure <\/strong>\u2013 fitted sheets from 90&#215;200 to 200&#215;200 and flat sheets up to 260&#215;260, each piece made individually<\/li>\n<li><strong>Masters of Linen, carbon-neutral <\/strong>\u2013 even the Queen Mary and the Waldorf Astoria have relied on Hoffmann linen<\/li>\n<\/ul>\n","protected":false},"featured_media":140621,"comment_status":"open","ping_status":"closed","template":"","meta":{"_acf_changed":false},"product_brand":[4789,4790],"product_cat":[3728,3748,3785,3791,4253,3482],"product_tag":[3641,4033,4192],"class_list":{"0":"post-140626","1":"product","2":"type-product","3":"status-publish","4":"has-post-thumbnail","6":"product_brand-hoffmann","7":"product_brand-hoffmann-bed-sheets","8":"product_cat-bedroom","9":"product_cat-product","10":"product_cat-linen-bedding","11":"product_cat-white-linen-bed-linen","12":"product_cat-linen-fitted-sheets","13":"product_cat-linen-bed-sheets","14":"product_tag-linen","15":"product_tag-white","16":"product_tag-bed-sheets","18":"first","19":"instock","20":"taxable","21":"shipping-taxable","22":"purchasable","23":"product-type-variable"},"acf":[],"yoast_head":"<!-- This site is optimized with the Yoast SEO Premium plugin v27.4 (Yoast SEO v27.4) - https:\/\/yoast.com\/product\/yoast-seo-premium-wordpress\/ -->\n<title>Linen bed sheet by Hoffmann - Linen.eu<\/title>\n<meta name=\"description\" content=\"Linen bed sheets from the Hoffmann Linen Mill \u271a A timeless classic \u2013 German linen tradition \u27a4 Order conveniently online now\" \/>\n<meta name=\"robots\" content=\"index, follow, max-snippet:-1, max-image-preview:large, max-video-preview:-1\" \/>\n<link rel=\"canonical\" href=\"https:\/\/linen.eu\/en\/produkt\/linen-bed-sheet-from-the-hoffmann-linen-weaving-mill\/\" \/>\n<meta property=\"og:locale\" content=\"en_US\" \/>\n<meta property=\"og:type\" content=\"article\" \/>\n<meta property=\"og:title\" content=\"Linen bed sheet from the Hoffmann linen weaving mill\" \/>\n<meta property=\"og:description\" content=\"Linen bed sheets from the Hoffmann Linen Mill \u271a A timeless classic \u2013 German linen tradition \u27a4 Order conveniently online now\" \/>\n<meta property=\"og:url\" content=\"https:\/\/linen.eu\/en\/produkt\/linen-bed-sheet-from-the-hoffmann-linen-weaving-mill\/\" \/>\n<meta property=\"og:site_name\" content=\"Linen.eu\" \/>\n<meta property=\"article:publisher\" content=\"https:\/\/linen.eu\" \/>\n<meta property=\"article:modified_time\" content=\"2026-04-13T09:03:14+00:00\" \/>\n<meta property=\"og:image\" content=\"https:\/\/linen.eu\/wp-content\/uploads\/2026\/03\/White-Fitted-Sheet-WEB.jpg\" \/>\n\t<meta property=\"og:image:width\" content=\"2048\" \/>\n\t<meta property=\"og:image:height\" content=\"1365\" \/>\n\t<meta property=\"og:image:type\" content=\"image\/jpeg\" \/>\n<meta name=\"twitter:card\" content=\"summary_large_image\" \/>\n<meta name=\"twitter:site\" content=\"@linenlounge\" \/>\n<meta name=\"twitter:label1\" content=\"Availability\" \/>\n\t<meta name=\"twitter:data1\" content=\"In stock\" \/>\n<script type=\"application\/ld+json\" class=\"yoast-schema-graph\">{\"@context\":\"https:\\\/\\\/schema.org\",\"@graph\":[{\"@type\":\"WebPage\",\"@id\":\"https:\\\/\\\/linen.eu\\\/en\\\/produkt\\\/linen-bed-sheet-from-the-hoffmann-linen-weaving-mill\\\/\",\"url\":\"https:\\\/\\\/linen.eu\\\/en\\\/produkt\\\/linen-bed-sheet-from-the-hoffmann-linen-weaving-mill\\\/\",\"name\":\"Linen bed sheet by Hoffmann - Linen.eu\",\"isPartOf\":{\"@id\":\"https:\\\/\\\/linen.eu\\\/en\\\/#website\"},\"primaryImageOfPage\":{\"@id\":\"https:\\\/\\\/linen.eu\\\/en\\\/produkt\\\/linen-bed-sheet-from-the-hoffmann-linen-weaving-mill\\\/#primaryimage\"},\"image\":{\"@id\":\"https:\\\/\\\/linen.eu\\\/en\\\/produkt\\\/linen-bed-sheet-from-the-hoffmann-linen-weaving-mill\\\/#primaryimage\"},\"thumbnailUrl\":\"https:\\\/\\\/linen.eu\\\/wp-content\\\/uploads\\\/2026\\\/03\\\/White-Fitted-Sheet-WEB.jpg\",\"datePublished\":\"2025-07-18T08:55:11+00:00\",\"dateModified\":\"2026-04-13T09:03:14+00:00\",\"description\":\"Linen bed sheets from the Hoffmann Linen Mill \u271a A timeless classic \u2013 German linen tradition \u27a4 Order conveniently online now\",\"breadcrumb\":{\"@id\":\"https:\\\/\\\/linen.eu\\\/en\\\/produkt\\\/linen-bed-sheet-from-the-hoffmann-linen-weaving-mill\\\/#breadcrumb\"},\"inLanguage\":\"en-US\",\"potentialAction\":[{\"@type\":\"ReadAction\",\"target\":[\"https:\\\/\\\/linen.eu\\\/en\\\/produkt\\\/linen-bed-sheet-from-the-hoffmann-linen-weaving-mill\\\/\"]}]},{\"@type\":\"ImageObject\",\"inLanguage\":\"en-US\",\"@id\":\"https:\\\/\\\/linen.eu\\\/en\\\/produkt\\\/linen-bed-sheet-from-the-hoffmann-linen-weaving-mill\\\/#primaryimage\",\"url\":\"https:\\\/\\\/linen.eu\\\/wp-content\\\/uploads\\\/2026\\\/03\\\/White-Fitted-Sheet-WEB.jpg\",\"contentUrl\":\"https:\\\/\\\/linen.eu\\\/wp-content\\\/uploads\\\/2026\\\/03\\\/White-Fitted-Sheet-WEB.jpg\",\"width\":2048,\"height\":1365},{\"@type\":\"BreadcrumbList\",\"@id\":\"https:\\\/\\\/linen.eu\\\/en\\\/produkt\\\/linen-bed-sheet-from-the-hoffmann-linen-weaving-mill\\\/#breadcrumb\",\"itemListElement\":[{\"@type\":\"ListItem\",\"position\":1,\"name\":\"Startseite\",\"item\":\"https:\\\/\\\/linen.eu\\\/en\\\/home\\\/\"},{\"@type\":\"ListItem\",\"position\":2,\"name\":\"Shop\",\"item\":\"https:\\\/\\\/linen.eu\\\/en\\\/shop\\\/\"},{\"@type\":\"ListItem\",\"position\":3,\"name\":\"Linen bed sheet from the Hoffmann linen weaving mill\"}]},{\"@type\":\"WebSite\",\"@id\":\"https:\\\/\\\/linen.eu\\\/en\\\/#website\",\"url\":\"https:\\\/\\\/linen.eu\\\/en\\\/\",\"name\":\"Linen.eu\",\"description\":\"\",\"publisher\":{\"@id\":\"https:\\\/\\\/linen.eu\\\/en\\\/#organization\"},\"potentialAction\":[{\"@type\":\"SearchAction\",\"target\":{\"@type\":\"EntryPoint\",\"urlTemplate\":\"https:\\\/\\\/linen.eu\\\/en\\\/?s={search_term_string}\"},\"query-input\":{\"@type\":\"PropertyValueSpecification\",\"valueRequired\":true,\"valueName\":\"search_term_string\"}}],\"inLanguage\":\"en-US\"},{\"@type\":\"Organization\",\"@id\":\"https:\\\/\\\/linen.eu\\\/en\\\/#organization\",\"name\":\"Linen Lounge\",\"alternateName\":\"linen.eu\",\"url\":\"https:\\\/\\\/linen.eu\\\/en\\\/\",\"logo\":{\"@type\":\"ImageObject\",\"inLanguage\":\"en-US\",\"@id\":\"https:\\\/\\\/linen.eu\\\/en\\\/#\\\/schema\\\/logo\\\/image\\\/\",\"url\":\"https:\\\/\\\/linen.eu\\\/wp-content\\\/uploads\\\/2025\\\/10\\\/LinenLounge-NEU2.webp\",\"contentUrl\":\"https:\\\/\\\/linen.eu\\\/wp-content\\\/uploads\\\/2025\\\/10\\\/LinenLounge-NEU2.webp\",\"width\":1800,\"height\":455,\"caption\":\"Linen Lounge\"},\"image\":{\"@id\":\"https:\\\/\\\/linen.eu\\\/en\\\/#\\\/schema\\\/logo\\\/image\\\/\"},\"sameAs\":[\"https:\\\/\\\/linen.eu\",\"https:\\\/\\\/x.com\\\/linenlounge\",\"https:\\\/\\\/www.instagram.com\\\/linen.lounge?igsh=MW81aGhiY2VxZGRpMw==&utm_source=qr\",\"http:\\\/\\\/www.youtube.com\\\/@Linenlounge\"],\"description\":\"Online Fachhandel f\u00fcr europ\u00e4ische Leinen-Bettw\u00e4sche und Heimtextilien aus traditionellen Webereien wie Leitner Leinen, Schlitzer Leinen, Libeco, Vieb\u00f6ck und Hoffmann.\",\"email\":\"info@linen.eu\",\"telephone\":\"+49 (0) 69 90738860\",\"legalName\":\"Linen UG (haftungsbeschr\u00e4nkt)\",\"foundingDate\":\"2015-04-08\",\"numberOfEmployees\":{\"@type\":\"QuantitativeValue\",\"minValue\":\"1\",\"maxValue\":\"10\"}}]}<\/script>\n<meta property=\"product:brand\" content=\"Linen Weaving Mill Hoffmann\" \/>\n<meta property=\"og:availability\" content=\"instock\" \/>\n<meta property=\"product:availability\" content=\"instock\" \/>\n<meta property=\"product:retailer_item_id\" content=\"112101420010\" \/>\n<meta property=\"product:condition\" content=\"new\" \/>\n<!-- \/ Yoast SEO Premium plugin. -->","yoast_head_json":{"title":"Linen bed sheet by Hoffmann - Linen.eu","description":"Linen bed sheets from the Hoffmann Linen Mill \u271a A timeless classic \u2013 German linen tradition \u27a4 Order conveniently online now","robots":{"index":"index","follow":"follow","max-snippet":"max-snippet:-1","max-image-preview":"max-image-preview:large","max-video-preview":"max-video-preview:-1"},"canonical":"https:\/\/linen.eu\/en\/produkt\/linen-bed-sheet-from-the-hoffmann-linen-weaving-mill\/","og_locale":"en_US","og_type":"article","og_title":"Linen bed sheet from the Hoffmann linen weaving mill","og_description":"Linen bed sheets from the Hoffmann Linen Mill \u271a A timeless classic \u2013 German linen tradition \u27a4 Order conveniently online now","og_url":"https:\/\/linen.eu\/en\/produkt\/linen-bed-sheet-from-the-hoffmann-linen-weaving-mill\/","og_site_name":"Linen.eu","article_publisher":"https:\/\/linen.eu","article_modified_time":"2026-04-13T09:03:14+00:00","og_image":[{"width":2048,"height":1365,"url":"https:\/\/linen.eu\/wp-content\/uploads\/2026\/03\/White-Fitted-Sheet-WEB.jpg","type":"image\/jpeg"}],"twitter_card":"summary_large_image","twitter_site":"@linenlounge","twitter_misc":{"Availability":"In stock"},"schema":{"@context":"https:\/\/schema.org","@graph":[{"@type":"WebPage","@id":"https:\/\/linen.eu\/en\/produkt\/linen-bed-sheet-from-the-hoffmann-linen-weaving-mill\/","url":"https:\/\/linen.eu\/en\/produkt\/linen-bed-sheet-from-the-hoffmann-linen-weaving-mill\/","name":"Linen bed sheet by Hoffmann - Linen.eu","isPartOf":{"@id":"https:\/\/linen.eu\/en\/#website"},"primaryImageOfPage":{"@id":"https:\/\/linen.eu\/en\/produkt\/linen-bed-sheet-from-the-hoffmann-linen-weaving-mill\/#primaryimage"},"image":{"@id":"https:\/\/linen.eu\/en\/produkt\/linen-bed-sheet-from-the-hoffmann-linen-weaving-mill\/#primaryimage"},"thumbnailUrl":"https:\/\/linen.eu\/wp-content\/uploads\/2026\/03\/White-Fitted-Sheet-WEB.jpg","datePublished":"2025-07-18T08:55:11+00:00","dateModified":"2026-04-13T09:03:14+00:00","description":"Linen bed sheets from the Hoffmann Linen Mill \u271a A timeless classic \u2013 German linen tradition \u27a4 Order conveniently online now","breadcrumb":{"@id":"https:\/\/linen.eu\/en\/produkt\/linen-bed-sheet-from-the-hoffmann-linen-weaving-mill\/#breadcrumb"},"inLanguage":"en-US","potentialAction":[{"@type":"ReadAction","target":["https:\/\/linen.eu\/en\/produkt\/linen-bed-sheet-from-the-hoffmann-linen-weaving-mill\/"]}]},{"@type":"ImageObject","inLanguage":"en-US","@id":"https:\/\/linen.eu\/en\/produkt\/linen-bed-sheet-from-the-hoffmann-linen-weaving-mill\/#primaryimage","url":"https:\/\/linen.eu\/wp-content\/uploads\/2026\/03\/White-Fitted-Sheet-WEB.jpg","contentUrl":"https:\/\/linen.eu\/wp-content\/uploads\/2026\/03\/White-Fitted-Sheet-WEB.jpg","width":2048,"height":1365},{"@type":"BreadcrumbList","@id":"https:\/\/linen.eu\/en\/produkt\/linen-bed-sheet-from-the-hoffmann-linen-weaving-mill\/#breadcrumb","itemListElement":[{"@type":"ListItem","position":1,"name":"Startseite","item":"https:\/\/linen.eu\/en\/home\/"},{"@type":"ListItem","position":2,"name":"Shop","item":"https:\/\/linen.eu\/en\/shop\/"},{"@type":"ListItem","position":3,"name":"Linen bed sheet from the Hoffmann linen weaving mill"}]},{"@type":"WebSite","@id":"https:\/\/linen.eu\/en\/#website","url":"https:\/\/linen.eu\/en\/","name":"Linen.eu","description":"","publisher":{"@id":"https:\/\/linen.eu\/en\/#organization"},"potentialAction":[{"@type":"SearchAction","target":{"@type":"EntryPoint","urlTemplate":"https:\/\/linen.eu\/en\/?s={search_term_string}"},"query-input":{"@type":"PropertyValueSpecification","valueRequired":true,"valueName":"search_term_string"}}],"inLanguage":"en-US"},{"@type":"Organization","@id":"https:\/\/linen.eu\/en\/#organization","name":"Linen Lounge","alternateName":"linen.eu","url":"https:\/\/linen.eu\/en\/","logo":{"@type":"ImageObject","inLanguage":"en-US","@id":"https:\/\/linen.eu\/en\/#\/schema\/logo\/image\/","url":"https:\/\/linen.eu\/wp-content\/uploads\/2025\/10\/LinenLounge-NEU2.webp","contentUrl":"https:\/\/linen.eu\/wp-content\/uploads\/2025\/10\/LinenLounge-NEU2.webp","width":1800,"height":455,"caption":"Linen Lounge"},"image":{"@id":"https:\/\/linen.eu\/en\/#\/schema\/logo\/image\/"},"sameAs":["https:\/\/linen.eu","https:\/\/x.com\/linenlounge","https:\/\/www.instagram.com\/linen.lounge?igsh=MW81aGhiY2VxZGRpMw==&utm_source=qr","http:\/\/www.youtube.com\/@Linenlounge"],"description":"Online Fachhandel f\u00fcr europ\u00e4ische Leinen-Bettw\u00e4sche und Heimtextilien aus traditionellen Webereien wie Leitner Leinen, Schlitzer Leinen, Libeco, Vieb\u00f6ck und Hoffmann.","email":"info@linen.eu","telephone":"+49 (0) 69 90738860","legalName":"Linen UG (haftungsbeschr\u00e4nkt)","foundingDate":"2015-04-08","numberOfEmployees":{"@type":"QuantitativeValue","minValue":"1","maxValue":"10"}}]},"product_brand":"Linen Weaving Mill Hoffmann","og_availability":"instock","product_availability":"instock","product_retailer_item_id":"112101420010","product_condition":"new"},"_links":{"self":[{"href":"https:\/\/linen.eu\/en\/wp-json\/wp\/v2\/product\/140626","targetHints":{"allow":["GET"]}}],"collection":[{"href":"https:\/\/linen.eu\/en\/wp-json\/wp\/v2\/product"}],"about":[{"href":"https:\/\/linen.eu\/en\/wp-json\/wp\/v2\/types\/product"}],"replies":[{"embeddable":true,"href":"https:\/\/linen.eu\/en\/wp-json\/wp\/v2\/comments?post=140626"}],"wp:featuredmedia":[{"embeddable":true,"href":"https:\/\/linen.eu\/en\/wp-json\/wp\/v2\/media\/140621"}],"wp:attachment":[{"href":"https:\/\/linen.eu\/en\/wp-json\/wp\/v2\/media?parent=140626"}],"wp:term":[{"taxonomy":"product_brand","embeddable":true,"href":"https:\/\/linen.eu\/en\/wp-json\/wp\/v2\/product_brand?post=140626"},{"taxonomy":"product_cat","embeddable":true,"href":"https:\/\/linen.eu\/en\/wp-json\/wp\/v2\/product_cat?post=140626"},{"taxonomy":"product_tag","embeddable":true,"href":"https:\/\/linen.eu\/en\/wp-json\/wp\/v2\/product_tag?post=140626"}],"curies":[{"name":"wp","href":"https:\/\/api.w.org\/{rel}","templated":true}]}}