{"id":141575,"date":"2025-07-17T15:13:06","date_gmt":"2025-07-17T13:13:06","guid":{"rendered":"https:\/\/linen.eu\/produkt\/swimmers-stripe-linen-bed-linen-by-libeco\/"},"modified":"2026-04-12T00:24:00","modified_gmt":"2026-04-11T22:24:00","slug":"swimmers-stripe-linen-bed-linen-by-libeco","status":"publish","type":"product","link":"https:\/\/linen.eu\/en\/produkt\/swimmers-stripe-linen-bed-linen-by-libeco\/","title":{"rendered":"Swimmers Stripe Linen Bed Linen by Libeco"},"content":{"rendered":"<h3>European organic linen<\/h3>\n<p>Linen bed linen allows the skin to breathe better. When it comes to our skin, linen is the perfect fabric. Due to its long, smooth fibers, linen absorbs a lot of moisture and repels dirt.   Linen is an intelligent fabric because linen balances out temperatures. Linen ensures a pleasant coolness in summer and creates cozy warmth in winter. The long linen fibers ensure that linen bed linen stays fresh for much longer. The linen fabric has been treated purely mechanically and is therefore very soft and skin-friendly. Linen treated in this way creases less and retains the naturalness and all the advantages of linen. Libeco is convinced of organic linen and unconditional sustainability in all stages of production, so the creation of certified linen bed linen according to the GOTS standard in the Heritage collection was a logical next step.     <\/p>\n<h3>The product: Swimmers Stripe linen bed linen by <a href=\"https:\/\/linen.eu\/en\/linen-weaving-mills\/libeco\/\">Libeco<\/a><\/h3>\n<p>Available as a duvet cover, pillow, fitted sheet, flat sheet and bedspread.<br \/>100% pre-washed linen. Heavyweight fabric weighing 200 grams per square metre<br \/>Pillow with button fastening<br \/>Duvet with button closure: 135 x 200 cm \/ 155 x 220 cm \/ 160 x 210 cm<br \/>Duvet with bottle-neck closure: 140 x 200 cm \/ 200 x 200 cm \/ 240 x 220 cm<br \/>Thread count: Nm 26<br \/>Colour: Leather brown and sand-coloured stripes<br \/>Masters of Linen quality<br \/>We manufacture the listed sizes within the specified delivery period. Further custom sizes can be produced on request.<br \/>Made in Belgium.  <\/p>\n<h3>Care Instructions<\/h3>\n<p>Colored linen can be washed up to 60\u00b0, white up to 95\u00b0. As with all materials, linen will last longer if washed at a lower temperature. What linen does not tolerate are detergents with optical brighteners, they bleach out the natural colors and the fabric becomes light Wrinkling: Linen needs sufficient residual moisture so that it does not wrinkle so much. Do not overload the machine so that the fabric can move, do not spin linen too hard or for too long. If you want to iron linen, iron the garments on the hot setting of your iron when they are still a little damp. Even if it is convenient: avoid drying linen in the dryer. Overdrying can cause it to shrink.      <\/p>\n","protected":false},"excerpt":{"rendered":"<ul>\n<li><strong>Vintage charm in leather brown<\/strong> \u2013 subtle stripes in brown and sand create an almost monochrome, warm effect<\/li>\n<li><strong>Twill weave, 200 g\/m\u00b2<\/strong> \u2013 a sturdy pure linen fabric in a twill weave. The diagonal weave gives the fabric a subtle sheen <\/li>\n<li><strong>Belgian organic flax since 1858<\/strong> \u2013 GOTS-certified, woven in Belgium with a carbon-neutral footprint. Masters of Linen quality <\/li>\n<li><strong>Naturally temperature-regulating<\/strong> \u2013 linen keeps you warm in winter and cool in summer. Moisture-regulating for a dry night\u2019s sleep <\/li>\n<li><strong>Perfect for mixing and matching<\/strong> \u2013 goes perfectly with the Heritage and Madison collections. Six duvet cover sizes and six pillowcase sizes <\/li>\n<\/ul>\n","protected":false},"featured_media":1631,"comment_status":"open","ping_status":"closed","template":"","meta":{"_acf_changed":false},"product_brand":[4801,4802],"product_cat":[3786,3787,3788,3789,3790,3792,3728,3932,3938,3785],"product_tag":[4323,3639,3640,3641,3750],"class_list":{"0":"post-141575","1":"product","2":"type-product","3":"status-publish","4":"has-post-thumbnail","6":"product_brand-libeco","7":"product_brand-libeco-bed-linen","8":"product_cat-155x220","9":"product_cat-135x200","10":"product_cat-200x200","11":"product_cat-200x220","12":"product_cat-220x240","13":"product_cat-pillows","14":"product_cat-bedroom","15":"product_cat-bed-linen-made-from-organic-linen","16":"product_cat-linen-pillowcases","17":"product_cat-linen-bedding","18":"product_tag-striped-bed-linen","19":"product_tag-organic-linen","20":"product_tag-all-year","21":"product_tag-linen","22":"product_tag-gots-certified","24":"first","25":"instock","26":"taxable","27":"shipping-taxable","28":"purchasable","29":"product-type-variable"},"acf":[],"yoast_head":"<!-- This site is optimized with the Yoast SEO Premium plugin v27.4 (Yoast SEO v27.4) - https:\/\/yoast.com\/product\/yoast-seo-premium-wordpress\/ -->\n<title>Swimmers Stripe Linen Bed Linen by Libeco - Linen.eu<\/title>\n<meta name=\"description\" content=\"Swimmers Stripe linen bed linen by Libeco \u271a Traditional genuine linen weaving \u271a Woven and sewn in Belgium \u27a4 Buy online now\" \/>\n<meta name=\"robots\" content=\"index, follow, max-snippet:-1, max-image-preview:large, max-video-preview:-1\" \/>\n<link rel=\"canonical\" href=\"https:\/\/linen.eu\/en\/produkt\/swimmers-stripe-linen-bed-linen-by-libeco\/\" \/>\n<meta property=\"og:locale\" content=\"en_US\" \/>\n<meta property=\"og:type\" content=\"article\" \/>\n<meta property=\"og:title\" content=\"Swimmers Stripe Linen Bed Linen by Libeco\" \/>\n<meta property=\"og:description\" content=\"Swimmers Stripe linen bed linen by Libeco \u271a Traditional genuine linen weaving \u271a Woven and sewn in Belgium \u27a4 Buy online now\" \/>\n<meta property=\"og:url\" content=\"https:\/\/linen.eu\/en\/produkt\/swimmers-stripe-linen-bed-linen-by-libeco\/\" \/>\n<meta property=\"og:site_name\" content=\"Linen.eu\" \/>\n<meta property=\"article:publisher\" content=\"https:\/\/linen.eu\" \/>\n<meta property=\"article:modified_time\" content=\"2026-04-11T22:24:00+00:00\" \/>\n<meta property=\"og:image\" content=\"https:\/\/linen.eu\/wp-content\/uploads\/2025\/07\/Swimmers-stripe-jan-2023-07.jpg\" \/>\n\t<meta property=\"og:image:width\" content=\"1600\" \/>\n\t<meta property=\"og:image:height\" content=\"1200\" \/>\n\t<meta property=\"og:image:type\" content=\"image\/jpeg\" \/>\n<meta name=\"twitter:card\" content=\"summary_large_image\" \/>\n<meta name=\"twitter:site\" content=\"@linenlounge\" \/>\n<meta name=\"twitter:label1\" content=\"Availability\" \/>\n\t<meta name=\"twitter:data1\" content=\"In stock\" \/>\n<script type=\"application\/ld+json\" class=\"yoast-schema-graph\">{\"@context\":\"https:\\\/\\\/schema.org\",\"@graph\":[{\"@type\":\"WebPage\",\"@id\":\"https:\\\/\\\/linen.eu\\\/en\\\/produkt\\\/swimmers-stripe-linen-bed-linen-by-libeco\\\/\",\"url\":\"https:\\\/\\\/linen.eu\\\/en\\\/produkt\\\/swimmers-stripe-linen-bed-linen-by-libeco\\\/\",\"name\":\"Swimmers Stripe Linen Bed Linen by Libeco - Linen.eu\",\"isPartOf\":{\"@id\":\"https:\\\/\\\/linen.eu\\\/en\\\/#website\"},\"primaryImageOfPage\":{\"@id\":\"https:\\\/\\\/linen.eu\\\/en\\\/produkt\\\/swimmers-stripe-linen-bed-linen-by-libeco\\\/#primaryimage\"},\"image\":{\"@id\":\"https:\\\/\\\/linen.eu\\\/en\\\/produkt\\\/swimmers-stripe-linen-bed-linen-by-libeco\\\/#primaryimage\"},\"thumbnailUrl\":\"https:\\\/\\\/linen.eu\\\/wp-content\\\/uploads\\\/2025\\\/07\\\/Swimmers-stripe-jan-2023-07.jpg\",\"datePublished\":\"2025-07-17T13:13:06+00:00\",\"dateModified\":\"2026-04-11T22:24:00+00:00\",\"description\":\"Swimmers Stripe linen bed linen by Libeco \u271a Traditional genuine linen weaving \u271a Woven and sewn in Belgium \u27a4 Buy online now\",\"breadcrumb\":{\"@id\":\"https:\\\/\\\/linen.eu\\\/en\\\/produkt\\\/swimmers-stripe-linen-bed-linen-by-libeco\\\/#breadcrumb\"},\"inLanguage\":\"en-US\",\"potentialAction\":[{\"@type\":\"ReadAction\",\"target\":[\"https:\\\/\\\/linen.eu\\\/en\\\/produkt\\\/swimmers-stripe-linen-bed-linen-by-libeco\\\/\"]}]},{\"@type\":\"ImageObject\",\"inLanguage\":\"en-US\",\"@id\":\"https:\\\/\\\/linen.eu\\\/en\\\/produkt\\\/swimmers-stripe-linen-bed-linen-by-libeco\\\/#primaryimage\",\"url\":\"https:\\\/\\\/linen.eu\\\/wp-content\\\/uploads\\\/2025\\\/07\\\/Swimmers-stripe-jan-2023-07.jpg\",\"contentUrl\":\"https:\\\/\\\/linen.eu\\\/wp-content\\\/uploads\\\/2025\\\/07\\\/Swimmers-stripe-jan-2023-07.jpg\",\"width\":1600,\"height\":1200,\"caption\":\"Eine Frau mit langen hellbraunen Haaren sitzt in einem gem\u00fctlichen Zimmer mit r\u00f6tlich-braun get\u00e4felten W\u00e4nden im Bett und lehnt sich an die Kissen. Sie tr\u00e4gt ein leichtes Tanktop und entspannt sich auf Swimmers Stripe Leinen Bettw\u00e4sche von Libeco.\"},{\"@type\":\"BreadcrumbList\",\"@id\":\"https:\\\/\\\/linen.eu\\\/en\\\/produkt\\\/swimmers-stripe-linen-bed-linen-by-libeco\\\/#breadcrumb\",\"itemListElement\":[{\"@type\":\"ListItem\",\"position\":1,\"name\":\"Startseite\",\"item\":\"https:\\\/\\\/linen.eu\\\/en\\\/home\\\/\"},{\"@type\":\"ListItem\",\"position\":2,\"name\":\"Shop\",\"item\":\"https:\\\/\\\/linen.eu\\\/en\\\/shop\\\/\"},{\"@type\":\"ListItem\",\"position\":3,\"name\":\"Swimmers Stripe Linen Bed Linen by Libeco\"}]},{\"@type\":\"WebSite\",\"@id\":\"https:\\\/\\\/linen.eu\\\/en\\\/#website\",\"url\":\"https:\\\/\\\/linen.eu\\\/en\\\/\",\"name\":\"Linen.eu\",\"description\":\"\",\"publisher\":{\"@id\":\"https:\\\/\\\/linen.eu\\\/en\\\/#organization\"},\"potentialAction\":[{\"@type\":\"SearchAction\",\"target\":{\"@type\":\"EntryPoint\",\"urlTemplate\":\"https:\\\/\\\/linen.eu\\\/en\\\/?s={search_term_string}\"},\"query-input\":{\"@type\":\"PropertyValueSpecification\",\"valueRequired\":true,\"valueName\":\"search_term_string\"}}],\"inLanguage\":\"en-US\"},{\"@type\":\"Organization\",\"@id\":\"https:\\\/\\\/linen.eu\\\/en\\\/#organization\",\"name\":\"Linen Lounge\",\"alternateName\":\"linen.eu\",\"url\":\"https:\\\/\\\/linen.eu\\\/en\\\/\",\"logo\":{\"@type\":\"ImageObject\",\"inLanguage\":\"en-US\",\"@id\":\"https:\\\/\\\/linen.eu\\\/en\\\/#\\\/schema\\\/logo\\\/image\\\/\",\"url\":\"https:\\\/\\\/linen.eu\\\/wp-content\\\/uploads\\\/2025\\\/10\\\/LinenLounge-NEU2.webp\",\"contentUrl\":\"https:\\\/\\\/linen.eu\\\/wp-content\\\/uploads\\\/2025\\\/10\\\/LinenLounge-NEU2.webp\",\"width\":1800,\"height\":455,\"caption\":\"Linen Lounge\"},\"image\":{\"@id\":\"https:\\\/\\\/linen.eu\\\/en\\\/#\\\/schema\\\/logo\\\/image\\\/\"},\"sameAs\":[\"https:\\\/\\\/linen.eu\",\"https:\\\/\\\/x.com\\\/linenlounge\",\"https:\\\/\\\/www.instagram.com\\\/linen.lounge?igsh=MW81aGhiY2VxZGRpMw==&utm_source=qr\",\"http:\\\/\\\/www.youtube.com\\\/@Linenlounge\"],\"description\":\"Online Fachhandel f\u00fcr europ\u00e4ische Leinen-Bettw\u00e4sche und Heimtextilien aus traditionellen Webereien wie Leitner Leinen, Schlitzer Leinen, Libeco, Vieb\u00f6ck und Hoffmann.\",\"email\":\"info@linen.eu\",\"telephone\":\"+49 (0) 69 90738860\",\"legalName\":\"Linen UG (haftungsbeschr\u00e4nkt)\",\"foundingDate\":\"2015-04-08\",\"numberOfEmployees\":{\"@type\":\"QuantitativeValue\",\"minValue\":\"1\",\"maxValue\":\"10\"}}]}<\/script>\n<meta property=\"product:brand\" content=\"Libeco\" \/>\n<meta property=\"og:availability\" content=\"instock\" \/>\n<meta property=\"product:availability\" content=\"instock\" \/>\n<meta property=\"product:condition\" content=\"new\" \/>\n<!-- \/ Yoast SEO Premium plugin. -->","yoast_head_json":{"title":"Swimmers Stripe Linen Bed Linen by Libeco - Linen.eu","description":"Swimmers Stripe linen bed linen by Libeco \u271a Traditional genuine linen weaving \u271a Woven and sewn in Belgium \u27a4 Buy online now","robots":{"index":"index","follow":"follow","max-snippet":"max-snippet:-1","max-image-preview":"max-image-preview:large","max-video-preview":"max-video-preview:-1"},"canonical":"https:\/\/linen.eu\/en\/produkt\/swimmers-stripe-linen-bed-linen-by-libeco\/","og_locale":"en_US","og_type":"article","og_title":"Swimmers Stripe Linen Bed Linen by Libeco","og_description":"Swimmers Stripe linen bed linen by Libeco \u271a Traditional genuine linen weaving \u271a Woven and sewn in Belgium \u27a4 Buy online now","og_url":"https:\/\/linen.eu\/en\/produkt\/swimmers-stripe-linen-bed-linen-by-libeco\/","og_site_name":"Linen.eu","article_publisher":"https:\/\/linen.eu","article_modified_time":"2026-04-11T22:24:00+00:00","og_image":[{"width":1600,"height":1200,"url":"https:\/\/linen.eu\/wp-content\/uploads\/2025\/07\/Swimmers-stripe-jan-2023-07.jpg","type":"image\/jpeg"}],"twitter_card":"summary_large_image","twitter_site":"@linenlounge","twitter_misc":{"Availability":"In stock"},"schema":{"@context":"https:\/\/schema.org","@graph":[{"@type":"WebPage","@id":"https:\/\/linen.eu\/en\/produkt\/swimmers-stripe-linen-bed-linen-by-libeco\/","url":"https:\/\/linen.eu\/en\/produkt\/swimmers-stripe-linen-bed-linen-by-libeco\/","name":"Swimmers Stripe Linen Bed Linen by Libeco - Linen.eu","isPartOf":{"@id":"https:\/\/linen.eu\/en\/#website"},"primaryImageOfPage":{"@id":"https:\/\/linen.eu\/en\/produkt\/swimmers-stripe-linen-bed-linen-by-libeco\/#primaryimage"},"image":{"@id":"https:\/\/linen.eu\/en\/produkt\/swimmers-stripe-linen-bed-linen-by-libeco\/#primaryimage"},"thumbnailUrl":"https:\/\/linen.eu\/wp-content\/uploads\/2025\/07\/Swimmers-stripe-jan-2023-07.jpg","datePublished":"2025-07-17T13:13:06+00:00","dateModified":"2026-04-11T22:24:00+00:00","description":"Swimmers Stripe linen bed linen by Libeco \u271a Traditional genuine linen weaving \u271a Woven and sewn in Belgium \u27a4 Buy online now","breadcrumb":{"@id":"https:\/\/linen.eu\/en\/produkt\/swimmers-stripe-linen-bed-linen-by-libeco\/#breadcrumb"},"inLanguage":"en-US","potentialAction":[{"@type":"ReadAction","target":["https:\/\/linen.eu\/en\/produkt\/swimmers-stripe-linen-bed-linen-by-libeco\/"]}]},{"@type":"ImageObject","inLanguage":"en-US","@id":"https:\/\/linen.eu\/en\/produkt\/swimmers-stripe-linen-bed-linen-by-libeco\/#primaryimage","url":"https:\/\/linen.eu\/wp-content\/uploads\/2025\/07\/Swimmers-stripe-jan-2023-07.jpg","contentUrl":"https:\/\/linen.eu\/wp-content\/uploads\/2025\/07\/Swimmers-stripe-jan-2023-07.jpg","width":1600,"height":1200,"caption":"Eine Frau mit langen hellbraunen Haaren sitzt in einem gem\u00fctlichen Zimmer mit r\u00f6tlich-braun get\u00e4felten W\u00e4nden im Bett und lehnt sich an die Kissen. Sie tr\u00e4gt ein leichtes Tanktop und entspannt sich auf Swimmers Stripe Leinen Bettw\u00e4sche von Libeco."},{"@type":"BreadcrumbList","@id":"https:\/\/linen.eu\/en\/produkt\/swimmers-stripe-linen-bed-linen-by-libeco\/#breadcrumb","itemListElement":[{"@type":"ListItem","position":1,"name":"Startseite","item":"https:\/\/linen.eu\/en\/home\/"},{"@type":"ListItem","position":2,"name":"Shop","item":"https:\/\/linen.eu\/en\/shop\/"},{"@type":"ListItem","position":3,"name":"Swimmers Stripe Linen Bed Linen by Libeco"}]},{"@type":"WebSite","@id":"https:\/\/linen.eu\/en\/#website","url":"https:\/\/linen.eu\/en\/","name":"Linen.eu","description":"","publisher":{"@id":"https:\/\/linen.eu\/en\/#organization"},"potentialAction":[{"@type":"SearchAction","target":{"@type":"EntryPoint","urlTemplate":"https:\/\/linen.eu\/en\/?s={search_term_string}"},"query-input":{"@type":"PropertyValueSpecification","valueRequired":true,"valueName":"search_term_string"}}],"inLanguage":"en-US"},{"@type":"Organization","@id":"https:\/\/linen.eu\/en\/#organization","name":"Linen Lounge","alternateName":"linen.eu","url":"https:\/\/linen.eu\/en\/","logo":{"@type":"ImageObject","inLanguage":"en-US","@id":"https:\/\/linen.eu\/en\/#\/schema\/logo\/image\/","url":"https:\/\/linen.eu\/wp-content\/uploads\/2025\/10\/LinenLounge-NEU2.webp","contentUrl":"https:\/\/linen.eu\/wp-content\/uploads\/2025\/10\/LinenLounge-NEU2.webp","width":1800,"height":455,"caption":"Linen Lounge"},"image":{"@id":"https:\/\/linen.eu\/en\/#\/schema\/logo\/image\/"},"sameAs":["https:\/\/linen.eu","https:\/\/x.com\/linenlounge","https:\/\/www.instagram.com\/linen.lounge?igsh=MW81aGhiY2VxZGRpMw==&utm_source=qr","http:\/\/www.youtube.com\/@Linenlounge"],"description":"Online Fachhandel f\u00fcr europ\u00e4ische Leinen-Bettw\u00e4sche und Heimtextilien aus traditionellen Webereien wie Leitner Leinen, Schlitzer Leinen, Libeco, Vieb\u00f6ck und Hoffmann.","email":"info@linen.eu","telephone":"+49 (0) 69 90738860","legalName":"Linen UG (haftungsbeschr\u00e4nkt)","foundingDate":"2015-04-08","numberOfEmployees":{"@type":"QuantitativeValue","minValue":"1","maxValue":"10"}}]},"product_brand":"Libeco","og_availability":"instock","product_availability":"instock","product_condition":"new"},"_links":{"self":[{"href":"https:\/\/linen.eu\/en\/wp-json\/wp\/v2\/product\/141575","targetHints":{"allow":["GET"]}}],"collection":[{"href":"https:\/\/linen.eu\/en\/wp-json\/wp\/v2\/product"}],"about":[{"href":"https:\/\/linen.eu\/en\/wp-json\/wp\/v2\/types\/product"}],"replies":[{"embeddable":true,"href":"https:\/\/linen.eu\/en\/wp-json\/wp\/v2\/comments?post=141575"}],"wp:featuredmedia":[{"embeddable":true,"href":"https:\/\/linen.eu\/en\/wp-json\/wp\/v2\/media\/1631"}],"wp:attachment":[{"href":"https:\/\/linen.eu\/en\/wp-json\/wp\/v2\/media?parent=141575"}],"wp:term":[{"taxonomy":"product_brand","embeddable":true,"href":"https:\/\/linen.eu\/en\/wp-json\/wp\/v2\/product_brand?post=141575"},{"taxonomy":"product_cat","embeddable":true,"href":"https:\/\/linen.eu\/en\/wp-json\/wp\/v2\/product_cat?post=141575"},{"taxonomy":"product_tag","embeddable":true,"href":"https:\/\/linen.eu\/en\/wp-json\/wp\/v2\/product_tag?post=141575"}],"curies":[{"name":"wp","href":"https:\/\/api.w.org\/{rel}","templated":true}]}}