{"id":168304,"date":"2026-03-25T16:46:17","date_gmt":"2026-03-25T15:46:17","guid":{"rendered":"https:\/\/linen.eu\/?post_type=product&#038;p=168304"},"modified":"2026-04-11T11:34:21","modified_gmt":"2026-04-11T09:34:21","slug":"rowan-linen-tablecloth-from-libeco-7","status":"publish","type":"product","link":"https:\/\/linen.eu\/en\/produkt\/rowan-linen-tablecloth-from-libeco-7\/","title":{"rendered":"Batsi Linen Coverlet &amp; Pillow by Libeco"},"content":{"rendered":"<h3>European organic linen<\/h3>\n<p>Linen bed linen allows the skin to breathe better. When it comes to our skin, linen is the perfect fabric. Due to its long, smooth fibers, linen absorbs a lot of moisture and repels dirt.   Linen is an intelligent fabric because linen balances out temperatures. Linen ensures a pleasant coolness in summer and creates cozy warmth in winter. The long linen fibers ensure that linen bed linen stays fresh for much longer. The linen fabric has been treated purely mechanically and is therefore very soft and skin-friendly. Linen treated in this way creases less and retains the naturalness and all the advantages of linen. Libeco is convinced of organic linen and unconditional sustainability in all stages of production, so the creation of certified linen bed linen according to the GOTS standard in the Heritage collection was a logical next step.     <\/p>\n<h3>The product: Batsi pure linen by <a href=\"https:\/\/linenmagazine.com\/?s=libeco\">Libeco<\/a><\/h3>\n<p>Available as a napkin, tablecloth, cushion cover, and throw<br \/>\n100% linen. Heavy quality of 380 g\/m\u00b2, CO\u2082 neutral production<br \/>\nCushion with zipper<br \/>\nWeave: Plain weave<br \/>\nYarn count: Nm 58<br \/>\nPattern: Blue<br \/>\nMasters of Linen quality.<br \/>\nMade in Belgium. <\/p>\n<h3>Care Instructions<\/h3>\n<p>Colored linen can be washed up to 60\u00b0, white up to 95\u00b0. As with all materials, linen will last longer if washed at a lower temperature. What linen does not tolerate are detergents with optical brighteners, they bleach out the natural colors and the fabric becomes light Wrinkling: Linen needs sufficient residual moisture so that it does not wrinkle so much. Do not overload the machine so that the fabric can move, do not spin linen too hard or for too long. If you want to iron linen, iron the items on the hot linen setting of your iron when they are still a little damp. Even if it is convenient: avoid drying linen in the dryer. Overdrying can cause it to shrink.      <\/p>\n","protected":false},"excerpt":{"rendered":"<ul>\n<li class=\"font-claude-response-body break-words whitespace-normal leading-[1.7]\"><strong>Batsi linen coverlet, warm plaid<\/strong> \u2013 decorative bedspread in the Batsi plaid pattern, pure Belgian linen in earth tones with indigo and green accents<\/li>\n<li><strong>Tablecloth and napkins<\/strong> \u2013 a coordinated set that immerses the dining table in the Rowan color world of green and brown<\/li>\n<li><strong>Belgian manufactory since 1858<\/strong> \u2013 Libeco Royal Warrant, each piece woven from GOTS-certified organic linen<\/li>\n<li><strong>Machine washable, colorfast<\/strong> \u2013 the earth tones withstand countless washes and become more vibrant over time<\/li>\n<li><strong>Masters of Linen, CO\u2082-neutral<\/strong> \u2013 European organic flax, linen resists stains better than cotton fabric<\/li>\n<\/ul>\n","protected":false},"featured_media":168332,"comment_status":"open","ping_status":"closed","template":"","meta":{"_acf_changed":false},"product_brand":[],"product_cat":[3482],"product_tag":[3639,3640,3641,3750,4323],"class_list":{"0":"post-168304","1":"product","2":"type-product","3":"status-publish","4":"has-post-thumbnail","6":"product_cat-linen-bed-sheets","7":"product_tag-organic-linen","8":"product_tag-all-year","9":"product_tag-linen","10":"product_tag-gots-certified","11":"product_tag-striped-bed-linen","13":"first","14":"instock","15":"taxable","16":"shipping-taxable","17":"purchasable","18":"product-type-variable"},"acf":[],"yoast_head":"<!-- This site is optimized with the Yoast SEO Premium plugin v27.4 (Yoast SEO v27.4) - https:\/\/yoast.com\/product\/yoast-seo-premium-wordpress\/ -->\n<title>Batsi Linen Coverlet &amp; Pillow by Libeco - Linen.eu<\/title>\n<meta name=\"description\" content=\"Rowan linen tablecloth by Libeco \u271a Traditional genuine linen weaving \u271a Woven and sewn in Belgium \u27a4 Simply buy online now\" \/>\n<meta name=\"robots\" content=\"noindex, follow\" \/>\n<meta property=\"og:locale\" content=\"en_US\" \/>\n<meta property=\"og:type\" content=\"article\" \/>\n<meta property=\"og:title\" content=\"Batsi Linen Coverlet &amp; Pillow by Libeco\" \/>\n<meta property=\"og:description\" content=\"Rowan linen tablecloth by Libeco \u271a Traditional genuine linen weaving \u271a Woven and sewn in Belgium \u27a4 Simply buy online now\" \/>\n<meta property=\"og:url\" content=\"https:\/\/linen.eu\/en\/produkt\/rowan-linen-tablecloth-from-libeco-7\/\" \/>\n<meta property=\"og:site_name\" content=\"Linen.eu\" \/>\n<meta property=\"article:publisher\" content=\"https:\/\/linen.eu\" \/>\n<meta property=\"article:modified_time\" content=\"2026-04-11T09:34:21+00:00\" \/>\n<meta property=\"og:image\" content=\"https:\/\/linen.eu\/wp-content\/uploads\/2026\/03\/BATSI-JAN-2026-13.jpg\" \/>\n\t<meta property=\"og:image:width\" content=\"800\" \/>\n\t<meta property=\"og:image:height\" content=\"800\" \/>\n\t<meta property=\"og:image:type\" content=\"image\/jpeg\" \/>\n<meta name=\"twitter:card\" content=\"summary_large_image\" \/>\n<meta name=\"twitter:site\" content=\"@linenlounge\" \/>\n<meta name=\"twitter:label1\" content=\"Availability\" \/>\n\t<meta name=\"twitter:data1\" content=\"In stock\" \/>\n<script type=\"application\/ld+json\" class=\"yoast-schema-graph\">{\"@context\":\"https:\\\/\\\/schema.org\",\"@graph\":[{\"@type\":\"WebPage\",\"@id\":\"https:\\\/\\\/linen.eu\\\/en\\\/produkt\\\/rowan-linen-tablecloth-from-libeco-7\\\/\",\"url\":\"https:\\\/\\\/linen.eu\\\/en\\\/produkt\\\/rowan-linen-tablecloth-from-libeco-7\\\/\",\"name\":\"Batsi Linen Coverlet &amp; Pillow by Libeco - Linen.eu\",\"isPartOf\":{\"@id\":\"https:\\\/\\\/linen.eu\\\/en\\\/#website\"},\"primaryImageOfPage\":{\"@id\":\"https:\\\/\\\/linen.eu\\\/en\\\/produkt\\\/rowan-linen-tablecloth-from-libeco-7\\\/#primaryimage\"},\"image\":{\"@id\":\"https:\\\/\\\/linen.eu\\\/en\\\/produkt\\\/rowan-linen-tablecloth-from-libeco-7\\\/#primaryimage\"},\"thumbnailUrl\":\"https:\\\/\\\/linen.eu\\\/wp-content\\\/uploads\\\/2026\\\/03\\\/BATSI-JAN-2026-13.jpg\",\"datePublished\":\"2026-03-25T15:46:17+00:00\",\"dateModified\":\"2026-04-11T09:34:21+00:00\",\"description\":\"Rowan linen tablecloth by Libeco \u271a Traditional genuine linen weaving \u271a Woven and sewn in Belgium \u27a4 Simply buy online now\",\"breadcrumb\":{\"@id\":\"https:\\\/\\\/linen.eu\\\/en\\\/produkt\\\/rowan-linen-tablecloth-from-libeco-7\\\/#breadcrumb\"},\"inLanguage\":\"en-US\",\"potentialAction\":[{\"@type\":\"ReadAction\",\"target\":[\"https:\\\/\\\/linen.eu\\\/en\\\/produkt\\\/rowan-linen-tablecloth-from-libeco-7\\\/\"]}]},{\"@type\":\"ImageObject\",\"inLanguage\":\"en-US\",\"@id\":\"https:\\\/\\\/linen.eu\\\/en\\\/produkt\\\/rowan-linen-tablecloth-from-libeco-7\\\/#primaryimage\",\"url\":\"https:\\\/\\\/linen.eu\\\/wp-content\\\/uploads\\\/2026\\\/03\\\/BATSI-JAN-2026-13.jpg\",\"contentUrl\":\"https:\\\/\\\/linen.eu\\\/wp-content\\\/uploads\\\/2026\\\/03\\\/BATSI-JAN-2026-13.jpg\",\"width\":800,\"height\":800,\"caption\":\"A woman lying on a bed covered with a blanket.\"},{\"@type\":\"BreadcrumbList\",\"@id\":\"https:\\\/\\\/linen.eu\\\/en\\\/produkt\\\/rowan-linen-tablecloth-from-libeco-7\\\/#breadcrumb\",\"itemListElement\":[{\"@type\":\"ListItem\",\"position\":1,\"name\":\"Startseite\",\"item\":\"https:\\\/\\\/linen.eu\\\/en\\\/home\\\/\"},{\"@type\":\"ListItem\",\"position\":2,\"name\":\"Shop\",\"item\":\"https:\\\/\\\/linen.eu\\\/en\\\/shop\\\/\"},{\"@type\":\"ListItem\",\"position\":3,\"name\":\"Batsi Linen Coverlet &amp; Pillow by Libeco\"}]},{\"@type\":\"WebSite\",\"@id\":\"https:\\\/\\\/linen.eu\\\/en\\\/#website\",\"url\":\"https:\\\/\\\/linen.eu\\\/en\\\/\",\"name\":\"Linen.eu\",\"description\":\"\",\"publisher\":{\"@id\":\"https:\\\/\\\/linen.eu\\\/en\\\/#organization\"},\"potentialAction\":[{\"@type\":\"SearchAction\",\"target\":{\"@type\":\"EntryPoint\",\"urlTemplate\":\"https:\\\/\\\/linen.eu\\\/en\\\/?s={search_term_string}\"},\"query-input\":{\"@type\":\"PropertyValueSpecification\",\"valueRequired\":true,\"valueName\":\"search_term_string\"}}],\"inLanguage\":\"en-US\"},{\"@type\":\"Organization\",\"@id\":\"https:\\\/\\\/linen.eu\\\/en\\\/#organization\",\"name\":\"Linen Lounge\",\"alternateName\":\"linen.eu\",\"url\":\"https:\\\/\\\/linen.eu\\\/en\\\/\",\"logo\":{\"@type\":\"ImageObject\",\"inLanguage\":\"en-US\",\"@id\":\"https:\\\/\\\/linen.eu\\\/en\\\/#\\\/schema\\\/logo\\\/image\\\/\",\"url\":\"https:\\\/\\\/linen.eu\\\/wp-content\\\/uploads\\\/2025\\\/10\\\/LinenLounge-NEU2.webp\",\"contentUrl\":\"https:\\\/\\\/linen.eu\\\/wp-content\\\/uploads\\\/2025\\\/10\\\/LinenLounge-NEU2.webp\",\"width\":1800,\"height\":455,\"caption\":\"Linen Lounge\"},\"image\":{\"@id\":\"https:\\\/\\\/linen.eu\\\/en\\\/#\\\/schema\\\/logo\\\/image\\\/\"},\"sameAs\":[\"https:\\\/\\\/linen.eu\",\"https:\\\/\\\/x.com\\\/linenlounge\",\"https:\\\/\\\/www.instagram.com\\\/linen.lounge?igsh=MW81aGhiY2VxZGRpMw==&utm_source=qr\",\"http:\\\/\\\/www.youtube.com\\\/@Linenlounge\"],\"description\":\"Online Fachhandel f\u00fcr europ\u00e4ische Leinen-Bettw\u00e4sche und Heimtextilien aus traditionellen Webereien wie Leitner Leinen, Schlitzer Leinen, Libeco, Vieb\u00f6ck und Hoffmann.\",\"email\":\"info@linen.eu\",\"telephone\":\"+49 (0) 69 90738860\",\"legalName\":\"Linen UG (haftungsbeschr\u00e4nkt)\",\"foundingDate\":\"2015-04-08\",\"numberOfEmployees\":{\"@type\":\"QuantitativeValue\",\"minValue\":\"1\",\"maxValue\":\"10\"}}]}<\/script>\n<meta property=\"og:availability\" content=\"instock\" \/>\n<meta property=\"product:availability\" content=\"instock\" \/>\n<meta property=\"product:retailer_item_id\" content=\"111102846944-11102846950\" \/>\n<meta property=\"product:condition\" content=\"new\" \/>\n<!-- \/ Yoast SEO Premium plugin. -->","yoast_head_json":{"title":"Batsi Linen Coverlet &amp; Pillow by Libeco - Linen.eu","description":"Rowan linen tablecloth by Libeco \u271a Traditional genuine linen weaving \u271a Woven and sewn in Belgium \u27a4 Simply buy online now","robots":{"index":"noindex","follow":"follow"},"og_locale":"en_US","og_type":"article","og_title":"Batsi Linen Coverlet &amp; Pillow by Libeco","og_description":"Rowan linen tablecloth by Libeco \u271a Traditional genuine linen weaving \u271a Woven and sewn in Belgium \u27a4 Simply buy online now","og_url":"https:\/\/linen.eu\/en\/produkt\/rowan-linen-tablecloth-from-libeco-7\/","og_site_name":"Linen.eu","article_publisher":"https:\/\/linen.eu","article_modified_time":"2026-04-11T09:34:21+00:00","og_image":[{"width":800,"height":800,"url":"https:\/\/linen.eu\/wp-content\/uploads\/2026\/03\/BATSI-JAN-2026-13.jpg","type":"image\/jpeg"}],"twitter_card":"summary_large_image","twitter_site":"@linenlounge","twitter_misc":{"Availability":"In stock"},"schema":{"@context":"https:\/\/schema.org","@graph":[{"@type":"WebPage","@id":"https:\/\/linen.eu\/en\/produkt\/rowan-linen-tablecloth-from-libeco-7\/","url":"https:\/\/linen.eu\/en\/produkt\/rowan-linen-tablecloth-from-libeco-7\/","name":"Batsi Linen Coverlet &amp; Pillow by Libeco - Linen.eu","isPartOf":{"@id":"https:\/\/linen.eu\/en\/#website"},"primaryImageOfPage":{"@id":"https:\/\/linen.eu\/en\/produkt\/rowan-linen-tablecloth-from-libeco-7\/#primaryimage"},"image":{"@id":"https:\/\/linen.eu\/en\/produkt\/rowan-linen-tablecloth-from-libeco-7\/#primaryimage"},"thumbnailUrl":"https:\/\/linen.eu\/wp-content\/uploads\/2026\/03\/BATSI-JAN-2026-13.jpg","datePublished":"2026-03-25T15:46:17+00:00","dateModified":"2026-04-11T09:34:21+00:00","description":"Rowan linen tablecloth by Libeco \u271a Traditional genuine linen weaving \u271a Woven and sewn in Belgium \u27a4 Simply buy online now","breadcrumb":{"@id":"https:\/\/linen.eu\/en\/produkt\/rowan-linen-tablecloth-from-libeco-7\/#breadcrumb"},"inLanguage":"en-US","potentialAction":[{"@type":"ReadAction","target":["https:\/\/linen.eu\/en\/produkt\/rowan-linen-tablecloth-from-libeco-7\/"]}]},{"@type":"ImageObject","inLanguage":"en-US","@id":"https:\/\/linen.eu\/en\/produkt\/rowan-linen-tablecloth-from-libeco-7\/#primaryimage","url":"https:\/\/linen.eu\/wp-content\/uploads\/2026\/03\/BATSI-JAN-2026-13.jpg","contentUrl":"https:\/\/linen.eu\/wp-content\/uploads\/2026\/03\/BATSI-JAN-2026-13.jpg","width":800,"height":800,"caption":"A woman lying on a bed covered with a blanket."},{"@type":"BreadcrumbList","@id":"https:\/\/linen.eu\/en\/produkt\/rowan-linen-tablecloth-from-libeco-7\/#breadcrumb","itemListElement":[{"@type":"ListItem","position":1,"name":"Startseite","item":"https:\/\/linen.eu\/en\/home\/"},{"@type":"ListItem","position":2,"name":"Shop","item":"https:\/\/linen.eu\/en\/shop\/"},{"@type":"ListItem","position":3,"name":"Batsi Linen Coverlet &amp; Pillow by Libeco"}]},{"@type":"WebSite","@id":"https:\/\/linen.eu\/en\/#website","url":"https:\/\/linen.eu\/en\/","name":"Linen.eu","description":"","publisher":{"@id":"https:\/\/linen.eu\/en\/#organization"},"potentialAction":[{"@type":"SearchAction","target":{"@type":"EntryPoint","urlTemplate":"https:\/\/linen.eu\/en\/?s={search_term_string}"},"query-input":{"@type":"PropertyValueSpecification","valueRequired":true,"valueName":"search_term_string"}}],"inLanguage":"en-US"},{"@type":"Organization","@id":"https:\/\/linen.eu\/en\/#organization","name":"Linen Lounge","alternateName":"linen.eu","url":"https:\/\/linen.eu\/en\/","logo":{"@type":"ImageObject","inLanguage":"en-US","@id":"https:\/\/linen.eu\/en\/#\/schema\/logo\/image\/","url":"https:\/\/linen.eu\/wp-content\/uploads\/2025\/10\/LinenLounge-NEU2.webp","contentUrl":"https:\/\/linen.eu\/wp-content\/uploads\/2025\/10\/LinenLounge-NEU2.webp","width":1800,"height":455,"caption":"Linen Lounge"},"image":{"@id":"https:\/\/linen.eu\/en\/#\/schema\/logo\/image\/"},"sameAs":["https:\/\/linen.eu","https:\/\/x.com\/linenlounge","https:\/\/www.instagram.com\/linen.lounge?igsh=MW81aGhiY2VxZGRpMw==&utm_source=qr","http:\/\/www.youtube.com\/@Linenlounge"],"description":"Online Fachhandel f\u00fcr europ\u00e4ische Leinen-Bettw\u00e4sche und Heimtextilien aus traditionellen Webereien wie Leitner Leinen, Schlitzer Leinen, Libeco, Vieb\u00f6ck und Hoffmann.","email":"info@linen.eu","telephone":"+49 (0) 69 90738860","legalName":"Linen UG (haftungsbeschr\u00e4nkt)","foundingDate":"2015-04-08","numberOfEmployees":{"@type":"QuantitativeValue","minValue":"1","maxValue":"10"}}]},"og_availability":"instock","product_availability":"instock","product_retailer_item_id":"111102846944-11102846950","product_condition":"new"},"_links":{"self":[{"href":"https:\/\/linen.eu\/en\/wp-json\/wp\/v2\/product\/168304","targetHints":{"allow":["GET"]}}],"collection":[{"href":"https:\/\/linen.eu\/en\/wp-json\/wp\/v2\/product"}],"about":[{"href":"https:\/\/linen.eu\/en\/wp-json\/wp\/v2\/types\/product"}],"replies":[{"embeddable":true,"href":"https:\/\/linen.eu\/en\/wp-json\/wp\/v2\/comments?post=168304"}],"wp:featuredmedia":[{"embeddable":true,"href":"https:\/\/linen.eu\/en\/wp-json\/wp\/v2\/media\/168332"}],"wp:attachment":[{"href":"https:\/\/linen.eu\/en\/wp-json\/wp\/v2\/media?parent=168304"}],"wp:term":[{"taxonomy":"product_brand","embeddable":true,"href":"https:\/\/linen.eu\/en\/wp-json\/wp\/v2\/product_brand?post=168304"},{"taxonomy":"product_cat","embeddable":true,"href":"https:\/\/linen.eu\/en\/wp-json\/wp\/v2\/product_cat?post=168304"},{"taxonomy":"product_tag","embeddable":true,"href":"https:\/\/linen.eu\/en\/wp-json\/wp\/v2\/product_tag?post=168304"}],"curies":[{"name":"wp","href":"https:\/\/api.w.org\/{rel}","templated":true}]}}